{"id":99,"date":"2023-07-15T05:24:57","date_gmt":"2023-07-15T03:24:57","guid":{"rendered":"https:\/\/neofox.pl\/?page_id=99"},"modified":"2025-03-17T11:56:30","modified_gmt":"2025-03-17T10:56:30","slug":"kontakt","status":"publish","type":"page","link":"https:\/\/neofox.pl\/en\/kontakt\/","title":{"rendered":"Contact"},"content":{"rendered":"<div data-elementor-type=\"wp-page\" data-elementor-id=\"99\" class=\"elementor elementor-99\">\n\t\t\t\t<div class=\"elementor-element elementor-element-3fa7df3 e-con-full e-flex e-con e-parent\" data-id=\"3fa7df3\" data-element_type=\"container\" data-e-type=\"container\">\n\t\t<div class=\"elementor-element elementor-element-36d0ab0 e-con-full wd-shop-product e-flex e-con e-child\" data-id=\"36d0ab0\" data-element_type=\"container\" data-e-type=\"container\">\n\t\t\t\t<div class=\"elementor-element elementor-element-9c0eaef elementor-widget elementor-widget-heading\" data-id=\"9c0eaef\" data-element_type=\"widget\" data-e-type=\"widget\" data-widget_type=\"heading.default\">\n\t\t\t\t<div class=\"elementor-widget-container\">\n\t\t\t\t\t<h1 class=\"elementor-heading-title elementor-size-default\">CONTACT US!<\/h1>\t\t\t\t<\/div>\n\t\t\t\t<\/div>\n\t\t\t\t<div class=\"elementor-element elementor-element-2e90a1a color-scheme-inherit text-left elementor-widget elementor-widget-text-editor\" data-id=\"2e90a1a\" data-element_type=\"widget\" data-e-type=\"widget\" data-widget_type=\"text-editor.default\">\n\t\t\t\t<div class=\"elementor-widget-container\">\n\t\t\t\t\t\t\t\t\t<p><span style=\"font-size: 17px; font-weight: bold;\">Contact number:<\/span><\/p><p><a style=\"font-size: 17px; color: #ff7100; font-weight: bold;\" href=\"tel:+48730627143\">+ 48 730 627 143<\/a><\/p><p><span style=\"font-size: 17px; font-weight: bold;\">Email address:<\/span><\/p><p><a style=\"font-size: 17px; color: #ff7100; font-weight: bold;\" href=\"mailto:neofox.pl@gmail.com\">neofox.pl@gmail.com<\/a><\/p>\t\t\t\t\t\t\t\t<\/div>\n\t\t\t\t<\/div>\n\t\t\t\t<div class=\"elementor-element elementor-element-b28e9f3 elementor-widget elementor-widget-spacer\" data-id=\"b28e9f3\" data-element_type=\"widget\" data-e-type=\"widget\" data-widget_type=\"spacer.default\">\n\t\t\t\t<div class=\"elementor-widget-container\">\n\t\t\t\t\t\t\t<div class=\"elementor-spacer\">\n\t\t\t<div class=\"elementor-spacer-inner\"><\/div>\n\t\t<\/div>\n\t\t\t\t\t\t<\/div>\n\t\t\t\t<\/div>\n\t\t\t\t<div class=\"elementor-element elementor-element-a0d5e3c color-scheme-inherit text-left elementor-widget elementor-widget-text-editor\" data-id=\"a0d5e3c\" data-element_type=\"widget\" data-e-type=\"widget\" data-widget_type=\"text-editor.default\">\n\t\t\t\t<div class=\"elementor-widget-container\">\n\t\t\t\t\t\t\t\t\t<p>The hotline is open during the following hours:<\/p><p>Mon-Fri \u2013 10:00-20:00<\/p><p>Sat-Sun - closed<\/p><p>\u00a0<\/p><p>Stationary store opening hours:<\/p><p>Mon-Fri \u2013 11:00-18:00<\/p><p>Sat-Sun and public holidays \u2013 closed<\/p>\t\t\t\t\t\t\t\t<\/div>\n\t\t\t\t<\/div>\n\t\t\t\t<div class=\"elementor-element elementor-element-62752a0 elementor-widget elementor-widget-image\" data-id=\"62752a0\" data-element_type=\"widget\" data-e-type=\"widget\" data-widget_type=\"image.default\">\n\t\t\t\t<div class=\"elementor-widget-container\">\n\t\t\t\t\t\t\t\t\t\t\t\t\t\t\t<img decoding=\"async\" src=\"https:\/\/neofox.pl\/wp-content\/uploads\/elementor\/thumbs\/jpeg-optimizer_IMG_7284.JPG\u0430\u0430\u0430-qkoizhcoy99n2wle1dq6zbzfr0c1q7nt6g1ybyezd4.jpg\" title=\"jpeg-optimizer_IMG_7284.JPG\u0430\u0430\u0430\" alt=\"jpeg-optimizer_IMG_7284.JPG\u0430\u0430\u0430\" loading=\"lazy\" \/>\t\t\t\t\t\t\t\t\t\t\t\t\t\t\t<\/div>\n\t\t\t\t<\/div>\n\t\t\t\t<div class=\"elementor-element elementor-element-36304f5 color-scheme-inherit text-left elementor-widget elementor-widget-text-editor\" data-id=\"36304f5\" data-element_type=\"widget\" data-e-type=\"widget\" data-widget_type=\"text-editor.default\">\n\t\t\t\t<div class=\"elementor-widget-container\">\n\t\t\t\t\t\t\t\t\t<p>You can place an order by email, phone, Instagram, Messenger, WhatsApp or in person at a stationary store.<\/p>\t\t\t\t\t\t\t\t<\/div>\n\t\t\t\t<\/div>\n\t\t\t\t<\/div>\n\t\t<div class=\"elementor-element elementor-element-ac68db4 e-con-full e-flex e-con e-child\" data-id=\"ac68db4\" data-element_type=\"container\" data-e-type=\"container\" data-settings=\"{&quot;background_background&quot;:&quot;classic&quot;}\">\n\t\t\t\t<div class=\"elementor-element elementor-element-fc81443 elementor-widget elementor-widget-heading\" data-id=\"fc81443\" data-element_type=\"widget\" data-e-type=\"widget\" data-widget_type=\"heading.default\">\n\t\t\t\t<div class=\"elementor-widget-container\">\n\t\t\t\t\t<h2 class=\"elementor-heading-title elementor-size-default\">WRITE TO US<\/h2>\t\t\t\t<\/div>\n\t\t\t\t<\/div>\n\t\t\t\t<div class=\"elementor-element elementor-element-b0155fe elementor-widget elementor-widget-wd_contact_form_7\" data-id=\"b0155fe\" data-element_type=\"widget\" data-e-type=\"widget\" data-widget_type=\"wd_contact_form_7.default\">\n\t\t\t\t<div class=\"elementor-widget-container\">\n\t\t\t\t\t\n<div class=\"wpcf7 no-js\" id=\"wpcf7-f2012-o1\" lang=\"ru-RU\" dir=\"ltr\" data-wpcf7-id=\"2012\">\n<div class=\"screen-reader-response\"><p role=\"status\" aria-live=\"polite\" aria-atomic=\"true\"><\/p> <ul><\/ul><\/div>\n<form action=\"\/en\/wp-json\/wp\/v2\/pages\/99#wpcf7-f2012-o1\" method=\"post\" class=\"wpcf7-form init\" aria-label=\"\u041a\u043e\u043d\u0442\u0430\u043a\u0442\u043d\u0430\u044f \u0444\u043e\u0440\u043c\u0430\" novalidate=\"novalidate\" data-status=\"init\" data-trp-original-action=\"\/en\/wp-json\/wp\/v2\/pages\/99#wpcf7-f2012-o1\">\n<div style=\"display: none;\">\n<input type=\"hidden\" name=\"_wpcf7\" value=\"2012\" \/>\n<input type=\"hidden\" name=\"_wpcf7_version\" value=\"6.0.6\" \/>\n<input type=\"hidden\" name=\"_wpcf7_locale\" value=\"ru_RU\" \/>\n<input type=\"hidden\" name=\"_wpcf7_unit_tag\" value=\"wpcf7-f2012-o1\" \/>\n<input type=\"hidden\" name=\"_wpcf7_container_post\" value=\"0\" \/>\n<input type=\"hidden\" name=\"_wpcf7_posted_data_hash\" value=\"\" \/>\n<\/div>\n<p>Fill out the form to get a quote:\n<\/p>\n<p><label>Name and surname*<span class=\"wpcf7-form-control-wrap\" data-name=\"text-794\"><input size=\"40\" maxlength=\"400\" class=\"wpcf7-form-control wpcf7-text wpcf7-validates-as-required\" aria-required=\"true\" aria-invalid=\"false\" placeholder=\"\" value=\"\" type=\"text\" name=\"text-794\" \/><\/span><\/label><label>E-mail*<span class=\"wpcf7-form-control-wrap\" data-name=\"email-631\"><input size=\"40\" maxlength=\"400\" class=\"wpcf7-form-control wpcf7-email wpcf7-validates-as-required wpcf7-text wpcf7-validates-as-email\" aria-required=\"true\" aria-invalid=\"false\" placeholder=\"\" value=\"\" type=\"email\" name=\"email-631\" \/><\/span><\/label><label>Phone number*<span class=\"wpcf7-form-control-wrap\" data-name=\"tel-713\"><input size=\"40\" maxlength=\"400\" class=\"wpcf7-form-control wpcf7-tel wpcf7-validates-as-required wpcf7-text wpcf7-validates-as-tel\" aria-required=\"true\" aria-invalid=\"false\" placeholder=\"\" value=\"\" type=\"tel\" name=\"tel-713\" \/><\/span><\/label><label>Product Type<span class=\"wpcf7-form-control-wrap\" data-name=\"menu-87\"><select class=\"wpcf7-form-control wpcf7-select\" aria-invalid=\"false\" name=\"menu-87\"><option value=\"Neony led\">Neony led<\/option><option value=\"Litery 3D\">Litery 3D<\/option><option value=\"Kasetony\">Kasetony<\/option><option value=\"Logo z plexi\">Logo z plexi<\/option><option value=\"Inne produkty\">Inne produkty<\/option><\/select><\/span><\/label>\n<\/p>\n<p><label>Place of application<span class=\"wpcf7-form-control-wrap\" data-name=\"menu-575\"><select class=\"wpcf7-form-control wpcf7-select\" aria-invalid=\"false\" name=\"menu-575\"><option value=\"Do wewn\u0105trz\">Do wewn\u0105trz<\/option><option value=\"Na zewn\u0105trz\">Na zewn\u0105trz<\/option><\/select><\/span><\/label>\n<\/p>\n<p><label>Description*<span class=\"wpcf7-form-control-wrap\" data-name=\"textarea-467\"><textarea cols=\"40\" rows=\"10\" maxlength=\"2000\" class=\"wpcf7-form-control wpcf7-textarea wpcf7-validates-as-required\" aria-required=\"true\" aria-invalid=\"false\" placeholder=\"\" name=\"textarea-467\"><\/textarea><\/span><\/label>\n<\/p>\n<p>Podaj szacunkowy rozmiar projektu i opisz jego koncepcje.\n<\/p>\n<p\/>\n<\/p>\n<p><span class=\"wpcf7-form-control-wrap\" data-name=\"upload-file-581\"><input size=\"40\" class=\"wpcf7-form-control wpcf7-drag-n-drop-file d-none\" aria-invalid=\"false\" type=\"file\" multiple=\"multiple\" data-name=\"upload-file-581\" data-type=\"gif|jpeg|pdf|png|psd|tiff|tiff|heif|svg\" data-limit=\"8mb\" data-min=\"1\" data-max=\"5\" data-id=\"2012\" data-version=\"free version 1.3.9.7\" accept=\".gif, .jpeg, .pdf, .png, .psd, .tiff, .tiff, .heif, .svg\" \/><\/span>\n<\/p>\n<p><input class=\"wpcf7-form-control wpcf7-submit has-spinner w229\" type=\"submit\" value=\"Send\" \/>\n<\/p><div class=\"wpcf7-response-output\" aria-hidden=\"true\"><\/div>\n<input type=\"hidden\" name=\"trp-form-language\" value=\"en\"\/><\/form>\n<\/div>\n\t\t\t\t<\/div>\n\t\t\t\t<\/div>\n\t\t\t\t<\/div>\n\t\t\t\t<\/div>\n\t\t<div class=\"wd-negative-gap elementor-element elementor-element-57a22e1 e-flex e-con-boxed e-con e-parent\" data-id=\"57a22e1\" data-element_type=\"container\" data-e-type=\"container\">\n\t\t\t\t\t<div class=\"e-con-inner\">\n\t\t\t\t<div class=\"elementor-element elementor-element-83a032e elementor-widget elementor-widget-heading\" data-id=\"83a032e\" data-element_type=\"widget\" data-e-type=\"widget\" data-widget_type=\"heading.default\">\n\t\t\t\t<div class=\"elementor-widget-container\">\n\t\t\t\t\t<h3 class=\"elementor-heading-title elementor-size-default\"><a href=\"https:\/\/www.google.com\/maps\/place\/NeoFox\/data=!4m7!3m6!1s0x47045ba60c11b7a9:0x68f80c1d60cfb311!8m2!3d52.4064245!4d16.9379473!16s%2Fg%2F11pcf0ypp5!19sChIJqbcRDKZbBEcREbPPYB0M-Gg?authuser=0&#038;hl=pl&#038;rclk=1\">Welcome to our neon shop in Pozna\u0144!<\/a><\/h3>\t\t\t\t<\/div>\n\t\t\t\t<\/div>\n\t\t\t\t<div class=\"elementor-element elementor-element-c44c540 elementor-widget__width-inherit elementor-widget elementor-widget-google_maps\" data-id=\"c44c540\" data-element_type=\"widget\" data-e-type=\"widget\" data-widget_type=\"google_maps.default\">\n\t\t\t\t<div class=\"elementor-widget-container\">\n\t\t\t\t\t\t\t<div class=\"elementor-custom-embed\">\n\t\t\t<iframe loading=\"lazy\"\n\t\t\t\t\tsrc=\"https:\/\/maps.google.com\/maps?q=Garbary%2046%2C%20Neofox&#038;t=m&#038;z=13&#038;output=embed&#038;iwloc=near\"\n\t\t\t\t\ttitle=\"Garbary 46, Neofox\"\n\t\t\t\t\taria-label=\"Garbary 46, Neofox\"\n\t\t\t><\/iframe>\n\t\t<\/div>\n\t\t\t\t\t\t<\/div>\n\t\t\t\t<\/div>\n\t\t\t\t\t<\/div>\n\t\t\t\t<\/div>\n\t\t\t\t<\/div>","protected":false},"excerpt":{"rendered":"<p>SKONTAKTUJ SI\u0118! Numer kontaktowy: + 48 730 627 143 Adres mailowy: neofox.pl@gmail.com Infolinia jest czynna w godzinach: Pn.-Pt. &#8211; 10:00-20:00<\/p>","protected":false},"author":1,"featured_media":0,"parent":0,"menu_order":0,"comment_status":"closed","ping_status":"closed","template":"","meta":{"footnotes":""},"class_list":["post-99","page","type-page","status-publish","hentry"],"yoast_head":"<!-- This site is optimized with the Yoast SEO plugin v23.0 - https:\/\/yoast.com\/wordpress\/plugins\/seo\/ -->\n<title>Kontakt - NEOFOX<\/title>\n<meta name=\"description\" content=\"Skontaktuj si\u0119 z nami poprzez stron\u0119 kontaktow\u0105 Neofox. Jeste\u015bmy gotowi odpowiedzie\u0107 na Twoje pytania i pom\u00f3c w realizacji Twoich pomys\u0142\u00f3w.\" \/>\n<meta name=\"robots\" content=\"index, follow, max-snippet:-1, max-image-preview:large, max-video-preview:-1\" \/>\n<link rel=\"canonical\" href=\"https:\/\/neofox.pl\/en\/kontakt\/\" \/>\n<meta property=\"og:locale\" content=\"en_US\" \/>\n<meta property=\"og:type\" content=\"article\" \/>\n<meta property=\"og:title\" content=\"Kontakt - NEOFOX\" \/>\n<meta property=\"og:description\" content=\"Skontaktuj si\u0119 z nami poprzez stron\u0119 kontaktow\u0105 Neofox. Jeste\u015bmy gotowi odpowiedzie\u0107 na Twoje pytania i pom\u00f3c w realizacji Twoich pomys\u0142\u00f3w.\" \/>\n<meta property=\"og:url\" content=\"https:\/\/neofox.pl\/en\/kontakt\/\" \/>\n<meta property=\"og:site_name\" content=\"NEOFOX\" \/>\n<meta property=\"article:modified_time\" content=\"2025-03-17T10:56:30+00:00\" \/>\n<meta name=\"twitter:card\" content=\"summary_large_image\" \/>\n<meta name=\"twitter:label1\" content=\"Est. reading time\" \/>\n\t<meta name=\"twitter:data1\" content=\"1 minute\" \/>\n<script type=\"application\/ld+json\" class=\"yoast-schema-graph\">{\"@context\":\"https:\/\/schema.org\",\"@graph\":[{\"@type\":\"WebPage\",\"@id\":\"https:\/\/neofox.pl\/kontakt\/\",\"url\":\"https:\/\/neofox.pl\/kontakt\/\",\"name\":\"Kontakt - NEOFOX\",\"isPartOf\":{\"@id\":\"https:\/\/neofox.pl\/#website\"},\"datePublished\":\"2023-07-15T03:24:57+00:00\",\"dateModified\":\"2025-03-17T10:56:30+00:00\",\"description\":\"Skontaktuj si\u0119 z nami poprzez stron\u0119 kontaktow\u0105 Neofox. Jeste\u015bmy gotowi odpowiedzie\u0107 na Twoje pytania i pom\u00f3c w realizacji Twoich pomys\u0142\u00f3w.\",\"breadcrumb\":{\"@id\":\"https:\/\/neofox.pl\/kontakt\/#breadcrumb\"},\"inLanguage\":\"en-US\",\"potentialAction\":[{\"@type\":\"ReadAction\",\"target\":[\"https:\/\/neofox.pl\/kontakt\/\"]}]},{\"@type\":\"BreadcrumbList\",\"@id\":\"https:\/\/neofox.pl\/kontakt\/#breadcrumb\",\"itemListElement\":[{\"@type\":\"ListItem\",\"position\":1,\"name\":\"\u0413\u043b\u0430\u0432\u043d\u0430\u044f \u0441\u0442\u0440\u0430\u043d\u0438\u0446\u0430\",\"item\":\"https:\/\/neofox.pl\/\"},{\"@type\":\"ListItem\",\"position\":2,\"name\":\"Kontakt\"}]},{\"@type\":\"WebSite\",\"@id\":\"https:\/\/neofox.pl\/#website\",\"url\":\"https:\/\/neofox.pl\/\",\"name\":\"NEOFOX\",\"description\":\"Neony na zam\u00f3wienie\",\"publisher\":{\"@id\":\"https:\/\/neofox.pl\/#organization\"},\"potentialAction\":[{\"@type\":\"SearchAction\",\"target\":{\"@type\":\"EntryPoint\",\"urlTemplate\":\"https:\/\/neofox.pl\/?s={search_term_string}\"},\"query-input\":\"required name=search_term_string\"}],\"inLanguage\":\"en-US\"},{\"@type\":\"Organization\",\"@id\":\"https:\/\/neofox.pl\/#organization\",\"name\":\"NEOFOX\",\"url\":\"https:\/\/neofox.pl\/\",\"logo\":{\"@type\":\"ImageObject\",\"inLanguage\":\"en-US\",\"@id\":\"https:\/\/neofox.pl\/#\/schema\/logo\/image\/\",\"url\":\"https:\/\/neofox.pl\/wp-content\/uploads\/2023\/07\/Neofox-faktura-fv.png\",\"contentUrl\":\"https:\/\/neofox.pl\/wp-content\/uploads\/2023\/07\/Neofox-faktura-fv.png\",\"width\":16209,\"height\":5224,\"caption\":\"NEOFOX\"},\"image\":{\"@id\":\"https:\/\/neofox.pl\/#\/schema\/logo\/image\/\"}}]}<\/script>\n<!-- \/ Yoast SEO plugin. -->","yoast_head_json":{"title":"Kontakt - NEOFOX","description":"Skontaktuj si\u0119 z nami poprzez stron\u0119 kontaktow\u0105 Neofox. Jeste\u015bmy gotowi odpowiedzie\u0107 na Twoje pytania i pom\u00f3c w realizacji Twoich pomys\u0142\u00f3w.","robots":{"index":"index","follow":"follow","max-snippet":"max-snippet:-1","max-image-preview":"max-image-preview:large","max-video-preview":"max-video-preview:-1"},"canonical":"https:\/\/neofox.pl\/en\/kontakt\/","og_locale":"en_US","og_type":"article","og_title":"Kontakt - NEOFOX","og_description":"Skontaktuj si\u0119 z nami poprzez stron\u0119 kontaktow\u0105 Neofox. Jeste\u015bmy gotowi odpowiedzie\u0107 na Twoje pytania i pom\u00f3c w realizacji Twoich pomys\u0142\u00f3w.","og_url":"https:\/\/neofox.pl\/en\/kontakt\/","og_site_name":"NEOFOX","article_modified_time":"2025-03-17T10:56:30+00:00","twitter_card":"summary_large_image","twitter_misc":{"Est. reading time":"1 minute"},"schema":{"@context":"https:\/\/schema.org","@graph":[{"@type":"WebPage","@id":"https:\/\/neofox.pl\/kontakt\/","url":"https:\/\/neofox.pl\/kontakt\/","name":"Kontakt - NEOFOX","isPartOf":{"@id":"https:\/\/neofox.pl\/#website"},"datePublished":"2023-07-15T03:24:57+00:00","dateModified":"2025-03-17T10:56:30+00:00","description":"Skontaktuj si\u0119 z nami poprzez stron\u0119 kontaktow\u0105 Neofox. Jeste\u015bmy gotowi odpowiedzie\u0107 na Twoje pytania i pom\u00f3c w realizacji Twoich pomys\u0142\u00f3w.","breadcrumb":{"@id":"https:\/\/neofox.pl\/kontakt\/#breadcrumb"},"inLanguage":"en-US","potentialAction":[{"@type":"ReadAction","target":["https:\/\/neofox.pl\/kontakt\/"]}]},{"@type":"BreadcrumbList","@id":"https:\/\/neofox.pl\/kontakt\/#breadcrumb","itemListElement":[{"@type":"ListItem","position":1,"name":"\u0413\u043b\u0430\u0432\u043d\u0430\u044f \u0441\u0442\u0440\u0430\u043d\u0438\u0446\u0430","item":"https:\/\/neofox.pl\/"},{"@type":"ListItem","position":2,"name":"Kontakt"}]},{"@type":"WebSite","@id":"https:\/\/neofox.pl\/#website","url":"https:\/\/neofox.pl\/","name":"NEOFOX","description":"Neony na zam\u00f3wienie","publisher":{"@id":"https:\/\/neofox.pl\/#organization"},"potentialAction":[{"@type":"SearchAction","target":{"@type":"EntryPoint","urlTemplate":"https:\/\/neofox.pl\/?s={search_term_string}"},"query-input":"required name=search_term_string"}],"inLanguage":"en-US"},{"@type":"Organization","@id":"https:\/\/neofox.pl\/#organization","name":"NEOFOX","url":"https:\/\/neofox.pl\/","logo":{"@type":"ImageObject","inLanguage":"en-US","@id":"https:\/\/neofox.pl\/#\/schema\/logo\/image\/","url":"https:\/\/neofox.pl\/wp-content\/uploads\/2023\/07\/Neofox-faktura-fv.png","contentUrl":"https:\/\/neofox.pl\/wp-content\/uploads\/2023\/07\/Neofox-faktura-fv.png","width":16209,"height":5224,"caption":"NEOFOX"},"image":{"@id":"https:\/\/neofox.pl\/#\/schema\/logo\/image\/"}}]}},"_links":{"self":[{"href":"https:\/\/neofox.pl\/en\/wp-json\/wp\/v2\/pages\/99"}],"collection":[{"href":"https:\/\/neofox.pl\/en\/wp-json\/wp\/v2\/pages"}],"about":[{"href":"https:\/\/neofox.pl\/en\/wp-json\/wp\/v2\/types\/page"}],"author":[{"embeddable":true,"href":"https:\/\/neofox.pl\/en\/wp-json\/wp\/v2\/users\/1"}],"replies":[{"embeddable":true,"href":"https:\/\/neofox.pl\/en\/wp-json\/wp\/v2\/comments?post=99"}],"version-history":[{"count":121,"href":"https:\/\/neofox.pl\/en\/wp-json\/wp\/v2\/pages\/99\/revisions"}],"predecessor-version":[{"id":13456,"href":"https:\/\/neofox.pl\/en\/wp-json\/wp\/v2\/pages\/99\/revisions\/13456"}],"wp:attachment":[{"href":"https:\/\/neofox.pl\/en\/wp-json\/wp\/v2\/media?parent=99"}],"curies":[{"name":"wp","href":"https:\/\/api.w.org\/{rel}","templated":true}]}}