{"id":25,"date":"2023-04-20T11:46:53","date_gmt":"2023-04-20T11:46:53","guid":{"rendered":"https:\/\/dummy.xtemos.com\/woodmart2\/furniture2-elementor\/?page_id=25"},"modified":"2025-08-08T14:54:01","modified_gmt":"2025-08-08T12:54:01","slug":"neony-led-do-wewnatrz","status":"publish","type":"page","link":"https:\/\/neofox.pl\/en\/neony-led-do-wewnatrz\/","title":{"rendered":"Neon Led lights for interior"},"content":{"rendered":"<div data-elementor-type=\"wp-page\" data-elementor-id=\"25\" class=\"elementor elementor-25\">\n\t\t\t\t\t\t<section class=\"wd-negative-gap elementor-section elementor-top-section elementor-element elementor-element-66499ab elementor-section-boxed elementor-section-height-default elementor-section-height-default\" data-id=\"66499ab\" data-element_type=\"section\" data-e-type=\"section\">\n\t\t\t\t\t\t<div class=\"elementor-container elementor-column-gap-default\">\n\t\t\t\t\t<div class=\"elementor-column elementor-col-66 elementor-top-column elementor-element elementor-element-1441692\" data-id=\"1441692\" data-element_type=\"column\" data-e-type=\"column\">\n\t\t\t<div class=\"elementor-widget-wrap elementor-element-populated\">\n\t\t\t\t\t\t<div class=\"elementor-element elementor-element-087d02a wd-width-100 elementor-widget elementor-widget-wd_title\" data-id=\"087d02a\" data-element_type=\"widget\" data-e-type=\"widget\" data-widget_type=\"wd_title.default\">\n\t\t\t\t<div class=\"elementor-widget-container\">\n\t\t\t\t\t\t\t<div class=\"title-wrapper set-mb-s reset-last-child wd-title-color-default wd-title-style-default wd-title-size-extra-large text-left\">\n\n\t\t\t\n\t\t\t<div class=\"liner-continer\">\n\t\t\t\t<h1 class=\"woodmart-title-container title wd-fontsize-xxxl\">Neon Led lights for interior<\/h1> \n\t\t\t\t\t\t\t<\/div>\n\n\t\t\t\t\t<\/div>\n\t\t\t\t\t\t<\/div>\n\t\t\t\t<\/div>\n\t\t\t\t<div class=\"elementor-element elementor-element-8c3e836 elementor-widget elementor-widget-wd_text_block\" data-id=\"8c3e836\" data-element_type=\"widget\" data-e-type=\"widget\" data-widget_type=\"wd_text_block.default\">\n\t\t\t\t<div class=\"elementor-widget-container\">\n\t\t\t\t\t\t\t<div class=\"wd-text-block reset-last-child text-left\">\n\t\t\t\n\t\t\tThe perfect choice for customers looking for neon lights for interior decoration, who value durability, safety and ecology. Our LED neon lights are made of plastic, which makes them resistant to mechanical damage. They do not contain mercury or harmful gases, and their light is emitted by energy-saving LED diodes, powered by a safe voltage of 12V. The diodes are embedded in a flexible, silicone cable placed in a milled groove in plexiglass, polycarbonate, PVC, dibond or any other material suitable for milling on a CNC plotter.\n\t\t\t\t\t<\/div>\n\t\t\t\t\t\t<\/div>\n\t\t\t\t<\/div>\n\t\t\t\t\t<\/div>\n\t\t<\/div>\n\t\t\t\t<div class=\"elementor-column elementor-col-33 elementor-top-column elementor-element elementor-element-34e92c2\" data-id=\"34e92c2\" data-element_type=\"column\" data-e-type=\"column\">\n\t\t\t<div class=\"elementor-widget-wrap elementor-element-populated\">\n\t\t\t\t\t\t<div class=\"elementor-element elementor-element-fbf5f67 elementor-widget elementor-widget-wd_text_block\" data-id=\"fbf5f67\" data-element_type=\"widget\" data-e-type=\"widget\" data-widget_type=\"wd_text_block.default\">\n\t\t\t\t<div class=\"elementor-widget-container\">\n\t\t\t\t\t\t\t<div class=\"wd-text-block reset-last-child text-left color-title\">\n\t\t\t\n\t\t\t<h5>\u00a0<\/h5><h5 style=\"text-align: left;\"><strong><span style=\"color: #000000;\">Get in touch to find out more!<\/span><\/strong><\/h5><p style=\"text-align: left;\"><strong>neofox.pl@gmail.com<\/strong><br \/><strong>+48 730 627 143<\/strong><\/p>\n\t\t\t\t\t<\/div>\n\t\t\t\t\t\t<\/div>\n\t\t\t\t<\/div>\n\t\t\t\t<div class=\"elementor-element elementor-element-5728c5b elementor-widget elementor-widget-wd_button\" data-id=\"5728c5b\" data-element_type=\"widget\" data-e-type=\"widget\" data-widget_type=\"wd_button.default\">\n\t\t\t\t<div class=\"elementor-widget-container\">\n\t\t\t\t\t\t\t<div class=\"wd-button-wrapper text-left\" >\n\t\t\t<a class=\"btn btn-style-default btn-style-round btn-size-default btn-color-primary btn-icon-pos-right\"  href=\"https:\/\/neofox.pl\/en\/kontakt\/\">\n\t\t\t\t<span class=\"wd-btn-text\" data-elementor-setting-key=\"text\">\n\t\t\t\t\tCONTACT US!\t\t\t\t<\/span>\n\n\t\t\t\t\t\t\t<\/a>\n\t\t<\/div>\n\t\t\t\t\t\t<\/div>\n\t\t\t\t<\/div>\n\t\t\t\t\t<\/div>\n\t\t<\/div>\n\t\t\t\t\t<\/div>\n\t\t<\/section>\n\t\t\t\t<section class=\"wd-negative-gap elementor-section elementor-top-section elementor-element elementor-element-6bbbf64 wd-section-stretch-content elementor-section-boxed elementor-section-height-default elementor-section-height-default\" data-id=\"6bbbf64\" data-element_type=\"section\" data-e-type=\"section\">\n\t\t\t\t\t\t<div class=\"elementor-container elementor-column-gap-default\">\n\t\t\t\t\t<div class=\"elementor-column elementor-col-100 elementor-top-column elementor-element elementor-element-440e01e\" data-id=\"440e01e\" data-element_type=\"column\" data-e-type=\"column\">\n\t\t\t<div class=\"elementor-widget-wrap elementor-element-populated\">\n\t\t\t\t\t\t<div class=\"elementor-element elementor-element-f30e2c6 wd-width-100 elementor-widget elementor-widget-wd_images_gallery\" data-id=\"f30e2c6\" data-element_type=\"widget\" data-e-type=\"widget\" data-widget_type=\"wd_images_gallery.default\">\n\t\t\t\t<div class=\"elementor-widget-container\">\n\t\t\t\t\t\t\t<div class=\"wd-images-gallery photoswipe-images wd-carousel-container\" style=\"--wd-align-items:center; --wd-justify-content:center;\">\n\t\t\t\t\t\t\t<div class=\"wd-carousel-inner\">\n\t\t\t\t\t\t<div class=\"wd-carousel wd-grid\" style=\"--wd-col-lg:3;--wd-col-md:3;--wd-col-sm:1;--wd-gap-lg:20px;--wd-gap-sm:10px;\">\n\t\t\t\t\t\t\t\t\t<div class=\"wd-carousel-wrap\">\n\t\t\t\t\t\t\t\t\t\t\t\t\t\t\t\t\t\t<div class=\"wd-gallery-item wd-carousel-item\">\n\t\t\t\t\t\t\t\t\t\t\t\t\t<a  href=\"https:\/\/neofox.pl\/wp-content\/uploads\/2024\/05\/jpeg-optimizer_IMG_0032-scaled.jpeg\"data-width=\"1918\" data-height=\"2560\" data-index=\"1\" data-elementor-open-lightbox=\"no\">\n\t\t\t\t\t\t\n\t\t\t\t\t\t<img decoding=\"async\" src=\"https:\/\/neofox.pl\/wp-content\/uploads\/2024\/05\/jpeg-optimizer_IMG_0032-scaled.jpeg\"alt=\"jpeg-optimizer_IMG_0032\">\n\t\t\t\t\t\t\t\t\t\t\t\t\t<\/a>\n\t\t\t\t\t\t\t\t\t\t\t<\/div>\n\t\t\t\t\t\t\t\t\t\t\t\t\t\t\t<div class=\"wd-gallery-item wd-carousel-item\">\n\t\t\t\t\t\t\t\t\t\t\t\t\t<a  href=\"https:\/\/neofox.pl\/wp-content\/uploads\/2024\/05\/jpeg-optimizer_IMG_0153-scaled.jpeg\"data-width=\"1919\" data-height=\"2560\" data-index=\"2\" data-elementor-open-lightbox=\"no\">\n\t\t\t\t\t\t\n\t\t\t\t\t\t<img decoding=\"async\" src=\"https:\/\/neofox.pl\/wp-content\/uploads\/2024\/05\/jpeg-optimizer_IMG_0153-scaled.jpeg\"alt=\"jpeg-optimizer_IMG_0153\">\n\t\t\t\t\t\t\t\t\t\t\t\t\t<\/a>\n\t\t\t\t\t\t\t\t\t\t\t<\/div>\n\t\t\t\t\t\t\t\t\t\t\t\t\t\t\t<div class=\"wd-gallery-item wd-carousel-item\">\n\t\t\t\t\t\t\t\t\t\t\t\t\t<a  href=\"https:\/\/neofox.pl\/wp-content\/uploads\/2024\/05\/4EB1DC22-B863-4A62-B3C8-4B53122E9823.jpg\"data-width=\"960\" data-height=\"1280\" data-index=\"3\" data-elementor-open-lightbox=\"no\">\n\t\t\t\t\t\t\n\t\t\t\t\t\t<img decoding=\"async\" src=\"https:\/\/neofox.pl\/wp-content\/uploads\/2024\/05\/4EB1DC22-B863-4A62-B3C8-4B53122E9823.jpg\"alt=\"4EB1DC22-B863-4A62-B3C8-4B53122E9823\">\n\t\t\t\t\t\t\t\t\t\t\t\t\t<\/a>\n\t\t\t\t\t\t\t\t\t\t\t<\/div>\n\t\t\t\t\t\t\t\t\t\t\t\t\t\t\t\t<\/div>\n\t\t\t\t\t\t\t\t<\/div>\n\t\t\t\t\t\t\t\n\t\t\t\t<\/div>\n\n\t\t\t\t\t\t<div class=\"wd-nav-pagin-wrap text-center wd-style-shape wd-hide-lg wd-hide-md-sm\">\n\t\t\t<ul class=\"wd-nav-pagin\"><\/ul>\n\t\t<\/div>\n\t\t\t\t\t\t\t\t\t\t\t<\/div>\n\t\t\t\t\t\t<\/div>\n\t\t\t\t<\/div>\n\t\t\t\t\t<\/div>\n\t\t<\/div>\n\t\t\t\t\t<\/div>\n\t\t<\/section>\n\t\t\t\t<section class=\"wd-negative-gap elementor-section elementor-top-section elementor-element elementor-element-4093130 elementor-section-boxed elementor-section-height-default elementor-section-height-default\" data-id=\"4093130\" data-element_type=\"section\" data-e-type=\"section\">\n\t\t\t\t\t\t<div class=\"elementor-container elementor-column-gap-default\">\n\t\t\t\t\t<div class=\"elementor-column elementor-col-100 elementor-top-column elementor-element elementor-element-fa6ef0d\" data-id=\"fa6ef0d\" data-element_type=\"column\" data-e-type=\"column\">\n\t\t\t<div class=\"elementor-widget-wrap elementor-element-populated\">\n\t\t\t\t\t\t<div class=\"elementor-element elementor-element-2876372 wd-width-100 elementor-widget elementor-widget-wd_title\" data-id=\"2876372\" data-element_type=\"widget\" data-e-type=\"widget\" data-widget_type=\"wd_title.default\">\n\t\t\t\t<div class=\"elementor-widget-container\">\n\t\t\t\t\t\t\t<div class=\"title-wrapper set-mb-s reset-last-child wd-title-color-default wd-title-style-default wd-title-size-extra-large text-left\">\n\n\t\t\t\n\t\t\t<div class=\"liner-continer\">\n\t\t\t\t<h2 class=\"woodmart-title-container title wd-fontsize-xxxl\">Technical information<\/h2> \n\t\t\t\t\t\t\t<\/div>\n\n\t\t\t\t\t<\/div>\n\t\t\t\t\t\t<\/div>\n\t\t\t\t<\/div>\n\t\t\t\t<div class=\"elementor-element elementor-element-cd471e3 elementor-widget elementor-widget-wd_text_block\" data-id=\"cd471e3\" data-element_type=\"widget\" data-e-type=\"widget\" data-widget_type=\"wd_text_block.default\">\n\t\t\t\t<div class=\"elementor-widget-container\">\n\t\t\t\t\t\t\t<div class=\"wd-text-block reset-last-child text-left\">\n\t\t\t\n\t\t\tThe LED neon light line has a fixed width of 6 or 8 mm, depending on the needs of the project. We also offer waterproof versions, ideal for outdoor use in all weather conditions.\n<br><br>\nThe lifespan of neon LEDs is about 50 thousand hours of continuous lighting, which is about 6 years!\n<br><br>\nYou can find ready-made projects for purchase in our store.\n<br><br>\nIf you have your own idea for a neon sign or a file with your company logo, you can send it for a quote and get an illuminated visualization from our designer!\n\t\t\t\t\t<\/div>\n\t\t\t\t\t\t<\/div>\n\t\t\t\t<\/div>\n\t\t\t\t\t<\/div>\n\t\t<\/div>\n\t\t\t\t\t<\/div>\n\t\t<\/section>\n\t\t\t\t<section class=\"wd-negative-gap elementor-section elementor-top-section elementor-element elementor-element-9409c8f wd-section-stretch-content elementor-section-boxed elementor-section-height-default elementor-section-height-default\" data-id=\"9409c8f\" data-element_type=\"section\" data-e-type=\"section\">\n\t\t\t\t\t\t<div class=\"elementor-container elementor-column-gap-default\">\n\t\t\t\t\t<div class=\"elementor-column elementor-col-100 elementor-top-column elementor-element elementor-element-b3d5edb\" data-id=\"b3d5edb\" data-element_type=\"column\" data-e-type=\"column\">\n\t\t\t<div class=\"elementor-widget-wrap elementor-element-populated\">\n\t\t\t\t\t\t<div class=\"elementor-element elementor-element-ac70531 wd-width-100 elementor-widget elementor-widget-wd_images_gallery\" data-id=\"ac70531\" data-element_type=\"widget\" data-e-type=\"widget\" data-widget_type=\"wd_images_gallery.default\">\n\t\t\t\t<div class=\"elementor-widget-container\">\n\t\t\t\t\t\t\t<div class=\"wd-images-gallery photoswipe-images wd-carousel-container\" style=\"--wd-align-items:center; --wd-justify-content:center;\">\n\t\t\t\t\t\t\t<div class=\"wd-carousel-inner\">\n\t\t\t\t\t\t<div class=\"wd-carousel wd-grid\" style=\"--wd-col-lg:3;--wd-col-md:3;--wd-col-sm:1;--wd-gap-lg:20px;--wd-gap-sm:10px;\">\n\t\t\t\t\t\t\t\t\t<div class=\"wd-carousel-wrap\">\n\t\t\t\t\t\t\t\t\t\t\t\t\t\t\t\t\t\t<div class=\"wd-gallery-item wd-carousel-item\">\n\t\t\t\t\t\t\t\t\t\t\t\t\t<a  href=\"https:\/\/neofox.pl\/wp-content\/uploads\/2024\/05\/IMG_0455-1.jpg\"data-width=\"720\" data-height=\"720\" data-index=\"1\" data-elementor-open-lightbox=\"no\">\n\t\t\t\t\t\t\n\t\t\t\t\t\t<img decoding=\"async\" src=\"https:\/\/neofox.pl\/wp-content\/uploads\/2024\/05\/IMG_0455-1.jpg\"alt=\"IMG_0455\">\n\t\t\t\t\t\t\t\t\t\t\t\t\t<\/a>\n\t\t\t\t\t\t\t\t\t\t\t<\/div>\n\t\t\t\t\t\t\t\t\t\t\t\t\t\t\t<div class=\"wd-gallery-item wd-carousel-item\">\n\t\t\t\t\t\t\t\t\t\t\t\t\t<a  href=\"https:\/\/neofox.pl\/wp-content\/uploads\/2024\/05\/EF82AD16-5BD3-4624-885D-1FEFF011AB4A-1.jpg\"data-width=\"960\" data-height=\"960\" data-index=\"2\" data-elementor-open-lightbox=\"no\">\n\t\t\t\t\t\t\n\t\t\t\t\t\t<img decoding=\"async\" src=\"https:\/\/neofox.pl\/wp-content\/uploads\/2024\/05\/EF82AD16-5BD3-4624-885D-1FEFF011AB4A-1.jpg\"alt=\"EF82AD16-5BD3-4624-885D-1FEFF011AB4A\">\n\t\t\t\t\t\t\t\t\t\t\t\t\t<\/a>\n\t\t\t\t\t\t\t\t\t\t\t<\/div>\n\t\t\t\t\t\t\t\t\t\t\t\t\t\t\t<div class=\"wd-gallery-item wd-carousel-item\">\n\t\t\t\t\t\t\t\t\t\t\t\t\t<a  href=\"https:\/\/neofox.pl\/wp-content\/uploads\/2024\/05\/7F56EC40-91D8-4C4B-9B98-CC5893F7EDE9-1.jpg\"data-width=\"720\" data-height=\"720\" data-index=\"3\" data-elementor-open-lightbox=\"no\">\n\t\t\t\t\t\t\n\t\t\t\t\t\t<img decoding=\"async\" src=\"https:\/\/neofox.pl\/wp-content\/uploads\/2024\/05\/7F56EC40-91D8-4C4B-9B98-CC5893F7EDE9-1.jpg\"alt=\"7F56EC40-91D8-4C4B-9B98-CC5893F7EDE9\">\n\t\t\t\t\t\t\t\t\t\t\t\t\t<\/a>\n\t\t\t\t\t\t\t\t\t\t\t<\/div>\n\t\t\t\t\t\t\t\t\t\t\t\t\t\t\t\t<\/div>\n\t\t\t\t\t\t\t\t<\/div>\n\t\t\t\t\t\t\t\n\t\t\t\t<\/div>\n\n\t\t\t\t\t\t<div class=\"wd-nav-pagin-wrap text-center wd-style-shape wd-hide-lg wd-hide-md-sm\">\n\t\t\t<ul class=\"wd-nav-pagin\"><\/ul>\n\t\t<\/div>\n\t\t\t\t\t\t\t\t\t\t\t<\/div>\n\t\t\t\t\t\t<\/div>\n\t\t\t\t<\/div>\n\t\t\t\t\t<\/div>\n\t\t<\/div>\n\t\t\t\t\t<\/div>\n\t\t<\/section>\n\t\t<div class=\"wd-negative-gap elementor-element elementor-element-450185f e-flex e-con-boxed e-con e-parent\" data-id=\"450185f\" data-element_type=\"container\" data-e-type=\"container\">\n\t\t\t\t\t<div class=\"e-con-inner\">\n\t\t\t\t<div class=\"elementor-element elementor-element-af4dbd1 elementor-widget elementor-widget-wd_text_block\" data-id=\"af4dbd1\" data-element_type=\"widget\" data-e-type=\"widget\" data-widget_type=\"wd_text_block.default\">\n\t\t\t\t<div class=\"elementor-widget-container\">\n\t\t\t\t\t\t\t<div class=\"wd-text-block reset-last-child text-center\">\n\t\t\t\n\t\t\t<p><strong>Contact us to find out more!<\/strong><\/p>\n\t\t\t\t\t<\/div>\n\t\t\t\t\t\t<\/div>\n\t\t\t\t<\/div>\n\t\t\t\t<div class=\"elementor-element elementor-element-a1a312c elementor-widget elementor-widget-wd_button\" data-id=\"a1a312c\" data-element_type=\"widget\" data-e-type=\"widget\" data-widget_type=\"wd_button.default\">\n\t\t\t\t<div class=\"elementor-widget-container\">\n\t\t\t\t\t\t\t<div class=\"wd-button-wrapper text-center\" >\n\t\t\t<a class=\"btn btn-style-default btn-style-round btn-size-default btn-color-primary btn-icon-pos-right\"  href=\"https:\/\/neofox.pl\/en\/kontakt\/\">\n\t\t\t\t<span class=\"wd-btn-text\" data-elementor-setting-key=\"text\">\n\t\t\t\t\tCONTACT US!\t\t\t\t<\/span>\n\n\t\t\t\t\t\t\t<\/a>\n\t\t<\/div>\n\t\t\t\t\t\t<\/div>\n\t\t\t\t<\/div>\n\t\t\t\t\t<\/div>\n\t\t\t\t<\/div>\n\t\t\t\t<\/div>","protected":false},"excerpt":{"rendered":"<p>Neony Led do wewn\u0105trz Idealny wyb\u00f3r dla klient\u00f3w poszukuj\u0105cych neon\u00f3w do dekoracji wn\u0119trza, ceni\u0105cych trwa\u0142o\u015b\u0107, bezpiecze\u0144stwo i ekologi\u0119. Nasze neony<\/p>","protected":false},"author":1,"featured_media":0,"parent":0,"menu_order":0,"comment_status":"closed","ping_status":"closed","template":"","meta":{"footnotes":""},"class_list":["post-25","page","type-page","status-publish","hentry"],"yoast_head":"<!-- This site is optimized with the Yoast SEO plugin v23.0 - https:\/\/yoast.com\/wordpress\/plugins\/seo\/ -->\n<title>Neony Led do wewn\u0105trz - NEOFOX<\/title>\n<meta name=\"description\" content=\"Stylowe neonowe o\u015bwietlenie LED do wn\u0119trz firmy Neofox to jasne rozwi\u0105zanie do dekoracji pomieszcze\u0144. Indywidualny design, wysoka jako\u015b\u0107 i spektakularny wygl\u0105d.\" \/>\n<meta name=\"robots\" content=\"index, follow, max-snippet:-1, max-image-preview:large, max-video-preview:-1\" \/>\n<link rel=\"canonical\" href=\"https:\/\/neofox.pl\/en\/neony-led-do-wewnatrz\/\" \/>\n<meta property=\"og:locale\" content=\"en_US\" \/>\n<meta property=\"og:type\" content=\"article\" \/>\n<meta property=\"og:title\" content=\"Neony Led do wewn\u0105trz - NEOFOX\" \/>\n<meta property=\"og:description\" content=\"Stylowe neonowe o\u015bwietlenie LED do wn\u0119trz firmy Neofox to jasne rozwi\u0105zanie do dekoracji pomieszcze\u0144. Indywidualny design, wysoka jako\u015b\u0107 i spektakularny wygl\u0105d.\" \/>\n<meta property=\"og:url\" content=\"https:\/\/neofox.pl\/en\/neony-led-do-wewnatrz\/\" \/>\n<meta property=\"og:site_name\" content=\"NEOFOX\" \/>\n<meta property=\"article:modified_time\" content=\"2025-08-08T12:54:01+00:00\" \/>\n<meta property=\"og:image\" content=\"https:\/\/neofox.pl\/wp-content\/uploads\/2024\/05\/jpeg-optimizer_IMG_0032-scaled.jpeg\" \/>\n<meta name=\"twitter:card\" content=\"summary_large_image\" \/>\n<meta name=\"twitter:label1\" content=\"Est. reading time\" \/>\n\t<meta name=\"twitter:data1\" content=\"3 minutes\" \/>\n<script type=\"application\/ld+json\" class=\"yoast-schema-graph\">{\"@context\":\"https:\/\/schema.org\",\"@graph\":[{\"@type\":\"WebPage\",\"@id\":\"https:\/\/neofox.pl\/neony-led-do-wewnatrz\/\",\"url\":\"https:\/\/neofox.pl\/neony-led-do-wewnatrz\/\",\"name\":\"Neony Led do wewn\u0105trz - NEOFOX\",\"isPartOf\":{\"@id\":\"https:\/\/neofox.pl\/#website\"},\"primaryImageOfPage\":{\"@id\":\"https:\/\/neofox.pl\/neony-led-do-wewnatrz\/#primaryimage\"},\"image\":{\"@id\":\"https:\/\/neofox.pl\/neony-led-do-wewnatrz\/#primaryimage\"},\"thumbnailUrl\":\"https:\/\/neofox.pl\/wp-content\/uploads\/2024\/05\/jpeg-optimizer_IMG_0032-scaled.jpeg\",\"datePublished\":\"2023-04-20T11:46:53+00:00\",\"dateModified\":\"2025-08-08T12:54:01+00:00\",\"description\":\"Stylowe neonowe o\u015bwietlenie LED do wn\u0119trz firmy Neofox to jasne rozwi\u0105zanie do dekoracji pomieszcze\u0144. Indywidualny design, wysoka jako\u015b\u0107 i spektakularny wygl\u0105d.\",\"breadcrumb\":{\"@id\":\"https:\/\/neofox.pl\/neony-led-do-wewnatrz\/#breadcrumb\"},\"inLanguage\":\"en-US\",\"potentialAction\":[{\"@type\":\"ReadAction\",\"target\":[\"https:\/\/neofox.pl\/neony-led-do-wewnatrz\/\"]}]},{\"@type\":\"ImageObject\",\"inLanguage\":\"en-US\",\"@id\":\"https:\/\/neofox.pl\/neony-led-do-wewnatrz\/#primaryimage\",\"url\":\"https:\/\/neofox.pl\/wp-content\/uploads\/2024\/05\/jpeg-optimizer_IMG_0032-scaled.jpeg\",\"contentUrl\":\"https:\/\/neofox.pl\/wp-content\/uploads\/2024\/05\/jpeg-optimizer_IMG_0032-scaled.jpeg\"},{\"@type\":\"BreadcrumbList\",\"@id\":\"https:\/\/neofox.pl\/neony-led-do-wewnatrz\/#breadcrumb\",\"itemListElement\":[{\"@type\":\"ListItem\",\"position\":1,\"name\":\"\u0413\u043b\u0430\u0432\u043d\u0430\u044f \u0441\u0442\u0440\u0430\u043d\u0438\u0446\u0430\",\"item\":\"https:\/\/neofox.pl\/\"},{\"@type\":\"ListItem\",\"position\":2,\"name\":\"Neony Led do wewn\u0105trz\"}]},{\"@type\":\"WebSite\",\"@id\":\"https:\/\/neofox.pl\/#website\",\"url\":\"https:\/\/neofox.pl\/\",\"name\":\"NEOFOX\",\"description\":\"Neony na zam\u00f3wienie\",\"publisher\":{\"@id\":\"https:\/\/neofox.pl\/#organization\"},\"potentialAction\":[{\"@type\":\"SearchAction\",\"target\":{\"@type\":\"EntryPoint\",\"urlTemplate\":\"https:\/\/neofox.pl\/?s={search_term_string}\"},\"query-input\":\"required name=search_term_string\"}],\"inLanguage\":\"en-US\"},{\"@type\":\"Organization\",\"@id\":\"https:\/\/neofox.pl\/#organization\",\"name\":\"NEOFOX\",\"url\":\"https:\/\/neofox.pl\/\",\"logo\":{\"@type\":\"ImageObject\",\"inLanguage\":\"en-US\",\"@id\":\"https:\/\/neofox.pl\/#\/schema\/logo\/image\/\",\"url\":\"https:\/\/neofox.pl\/wp-content\/uploads\/2023\/07\/Neofox-faktura-fv.png\",\"contentUrl\":\"https:\/\/neofox.pl\/wp-content\/uploads\/2023\/07\/Neofox-faktura-fv.png\",\"width\":16209,\"height\":5224,\"caption\":\"NEOFOX\"},\"image\":{\"@id\":\"https:\/\/neofox.pl\/#\/schema\/logo\/image\/\"}}]}<\/script>\n<!-- \/ Yoast SEO plugin. -->","yoast_head_json":{"title":"Neony Led do wewn\u0105trz - NEOFOX","description":"Stylowe neonowe o\u015bwietlenie LED do wn\u0119trz firmy Neofox to jasne rozwi\u0105zanie do dekoracji pomieszcze\u0144. Indywidualny design, wysoka jako\u015b\u0107 i spektakularny wygl\u0105d.","robots":{"index":"index","follow":"follow","max-snippet":"max-snippet:-1","max-image-preview":"max-image-preview:large","max-video-preview":"max-video-preview:-1"},"canonical":"https:\/\/neofox.pl\/en\/neony-led-do-wewnatrz\/","og_locale":"en_US","og_type":"article","og_title":"Neony Led do wewn\u0105trz - NEOFOX","og_description":"Stylowe neonowe o\u015bwietlenie LED do wn\u0119trz firmy Neofox to jasne rozwi\u0105zanie do dekoracji pomieszcze\u0144. Indywidualny design, wysoka jako\u015b\u0107 i spektakularny wygl\u0105d.","og_url":"https:\/\/neofox.pl\/en\/neony-led-do-wewnatrz\/","og_site_name":"NEOFOX","article_modified_time":"2025-08-08T12:54:01+00:00","og_image":[{"url":"https:\/\/neofox.pl\/wp-content\/uploads\/2024\/05\/jpeg-optimizer_IMG_0032-scaled.jpeg"}],"twitter_card":"summary_large_image","twitter_misc":{"Est. reading time":"3 minutes"},"schema":{"@context":"https:\/\/schema.org","@graph":[{"@type":"WebPage","@id":"https:\/\/neofox.pl\/neony-led-do-wewnatrz\/","url":"https:\/\/neofox.pl\/neony-led-do-wewnatrz\/","name":"Neony Led do wewn\u0105trz - NEOFOX","isPartOf":{"@id":"https:\/\/neofox.pl\/#website"},"primaryImageOfPage":{"@id":"https:\/\/neofox.pl\/neony-led-do-wewnatrz\/#primaryimage"},"image":{"@id":"https:\/\/neofox.pl\/neony-led-do-wewnatrz\/#primaryimage"},"thumbnailUrl":"https:\/\/neofox.pl\/wp-content\/uploads\/2024\/05\/jpeg-optimizer_IMG_0032-scaled.jpeg","datePublished":"2023-04-20T11:46:53+00:00","dateModified":"2025-08-08T12:54:01+00:00","description":"Stylowe neonowe o\u015bwietlenie LED do wn\u0119trz firmy Neofox to jasne rozwi\u0105zanie do dekoracji pomieszcze\u0144. Indywidualny design, wysoka jako\u015b\u0107 i spektakularny wygl\u0105d.","breadcrumb":{"@id":"https:\/\/neofox.pl\/neony-led-do-wewnatrz\/#breadcrumb"},"inLanguage":"en-US","potentialAction":[{"@type":"ReadAction","target":["https:\/\/neofox.pl\/neony-led-do-wewnatrz\/"]}]},{"@type":"ImageObject","inLanguage":"en-US","@id":"https:\/\/neofox.pl\/neony-led-do-wewnatrz\/#primaryimage","url":"https:\/\/neofox.pl\/wp-content\/uploads\/2024\/05\/jpeg-optimizer_IMG_0032-scaled.jpeg","contentUrl":"https:\/\/neofox.pl\/wp-content\/uploads\/2024\/05\/jpeg-optimizer_IMG_0032-scaled.jpeg"},{"@type":"BreadcrumbList","@id":"https:\/\/neofox.pl\/neony-led-do-wewnatrz\/#breadcrumb","itemListElement":[{"@type":"ListItem","position":1,"name":"\u0413\u043b\u0430\u0432\u043d\u0430\u044f \u0441\u0442\u0440\u0430\u043d\u0438\u0446\u0430","item":"https:\/\/neofox.pl\/"},{"@type":"ListItem","position":2,"name":"Neony Led do wewn\u0105trz"}]},{"@type":"WebSite","@id":"https:\/\/neofox.pl\/#website","url":"https:\/\/neofox.pl\/","name":"NEOFOX","description":"Neony na zam\u00f3wienie","publisher":{"@id":"https:\/\/neofox.pl\/#organization"},"potentialAction":[{"@type":"SearchAction","target":{"@type":"EntryPoint","urlTemplate":"https:\/\/neofox.pl\/?s={search_term_string}"},"query-input":"required name=search_term_string"}],"inLanguage":"en-US"},{"@type":"Organization","@id":"https:\/\/neofox.pl\/#organization","name":"NEOFOX","url":"https:\/\/neofox.pl\/","logo":{"@type":"ImageObject","inLanguage":"en-US","@id":"https:\/\/neofox.pl\/#\/schema\/logo\/image\/","url":"https:\/\/neofox.pl\/wp-content\/uploads\/2023\/07\/Neofox-faktura-fv.png","contentUrl":"https:\/\/neofox.pl\/wp-content\/uploads\/2023\/07\/Neofox-faktura-fv.png","width":16209,"height":5224,"caption":"NEOFOX"},"image":{"@id":"https:\/\/neofox.pl\/#\/schema\/logo\/image\/"}}]}},"_links":{"self":[{"href":"https:\/\/neofox.pl\/en\/wp-json\/wp\/v2\/pages\/25"}],"collection":[{"href":"https:\/\/neofox.pl\/en\/wp-json\/wp\/v2\/pages"}],"about":[{"href":"https:\/\/neofox.pl\/en\/wp-json\/wp\/v2\/types\/page"}],"author":[{"embeddable":true,"href":"https:\/\/neofox.pl\/en\/wp-json\/wp\/v2\/users\/1"}],"replies":[{"embeddable":true,"href":"https:\/\/neofox.pl\/en\/wp-json\/wp\/v2\/comments?post=25"}],"version-history":[{"count":44,"href":"https:\/\/neofox.pl\/en\/wp-json\/wp\/v2\/pages\/25\/revisions"}],"predecessor-version":[{"id":13464,"href":"https:\/\/neofox.pl\/en\/wp-json\/wp\/v2\/pages\/25\/revisions\/13464"}],"wp:attachment":[{"href":"https:\/\/neofox.pl\/en\/wp-json\/wp\/v2\/media?parent=25"}],"curies":[{"name":"wp","href":"https:\/\/api.w.org\/{rel}","templated":true}]}}