{"id":21,"date":"2023-04-20T11:46:00","date_gmt":"2023-04-20T11:46:00","guid":{"rendered":"https:\/\/dummy.xtemos.com\/woodmart2\/furniture2-elementor\/?page_id=21"},"modified":"2025-03-17T12:58:23","modified_gmt":"2025-03-17T11:58:23","slug":"wishlist","status":"publish","type":"page","link":"https:\/\/neofox.pl\/en\/wishlist\/","title":{"rendered":"Wishlist"},"content":{"rendered":"<div data-elementor-type=\"wp-page\" data-elementor-id=\"21\" class=\"elementor elementor-21\">\n\t\t\t\t\t\t<section class=\"wd-negative-gap elementor-section elementor-top-section elementor-element elementor-element-639025b elementor-section-boxed elementor-section-height-default elementor-section-height-default\" data-id=\"639025b\" data-element_type=\"section\" data-e-type=\"section\">\n\t\t\t\t\t\t<div class=\"elementor-container elementor-column-gap-default\">\n\t\t\t\t\t<div class=\"elementor-column elementor-col-100 elementor-top-column elementor-element elementor-element-6f5fdde\" data-id=\"6f5fdde\" data-element_type=\"column\" data-e-type=\"column\">\n\t\t\t<div class=\"elementor-widget-wrap elementor-element-populated\">\n\t\t\t\t\t\t<div class=\"elementor-element elementor-element-6a46b99 elementor-widget elementor-widget-wd_wishlist\" data-id=\"6a46b99\" data-element_type=\"widget\" data-e-type=\"widget\" data-widget_type=\"wd_wishlist.default\">\n\t\t\t\t<div class=\"elementor-widget-container\">\n\t\t\t\t\t\t\t\n\t\t\n\t\t<div class=\"\">\n\t\t\t\t\t\t<div class=\"wd-wishlist-content\">\n\t\t\t\t\t\t\t\t\t\t\t\n\t\t<p class=\"wd-empty-wishlist wd-empty-page\">\n\t\t\tWishlist jest pusty\t\t<\/p>\n\n\t\t\t\t\t<div class=\"wd-empty-page-text\">\n\t\t\t\tYou don&#039;t have any products on your wishlist yet. <br> On our &quot;Shop&quot; page you will find many interesting products.\t\t\t<\/div>\n\t\t\n\t\t\n\t\t\t\t\t<p class=\"return-to-shop\">\n\t\t\t\t<a class=\"button\" href=\"https:\/\/neofox.pl\/en\/sklep\/\">\n\t\t\t\t\tReturn to shop\t\t\t\t<\/a>\n\t\t\t<\/p>\n\t\t\t\t\t\t\t\t\t\t\t<\/div>\n\t\t\t\t<\/div>\n\t\t\t\t\t\t<\/div>\n\t\t\t\t<\/div>\n\t\t\t\t\t<\/div>\n\t\t<\/div>\n\t\t\t\t\t<\/div>\n\t\t<\/section>\n\t\t\t\t<\/div>","protected":false},"excerpt":{"rendered":"<p>Moje konto \u041f\u0430\u043d\u0435\u043b\u044c \u0443\u043f\u0440\u0430\u0432\u043b\u0435\u043d\u0438\u044f \u0417\u0430\u043a\u0430\u0437\u044b \u0417\u0430\u0433\u0440\u0443\u0437\u043a\u0438 \u0410\u0434\u0440\u0435\u0441\u0430 \u0410\u043d\u043a\u0435\u0442\u0430 Wishlist Logout \u041f\u043e\u0438\u0441\u043a\u041f\u043e\u0438\u0441\u043a Your products wishlist Share: Remove Select all Deselect all<\/p>","protected":false},"author":1,"featured_media":0,"parent":0,"menu_order":0,"comment_status":"closed","ping_status":"closed","template":"","meta":{"footnotes":""},"class_list":["post-21","page","type-page","status-publish","hentry"],"yoast_head":"<!-- This site is optimized with the Yoast SEO plugin v23.0 - https:\/\/yoast.com\/wordpress\/plugins\/seo\/ -->\n<title>Wishlist - NEOFOX<\/title>\n<meta name=\"description\" content=\"Twoja lista \u017cycze\u0144 na Neofox \u2013 zapisz ulubione produkty i wr\u00f3\u0107 do nich p\u00f3\u017aniej. \u0141atwo tw\u00f3rz listy i planuj zakupy.\" \/>\n<meta name=\"robots\" content=\"index, follow, max-snippet:-1, max-image-preview:large, max-video-preview:-1\" \/>\n<link rel=\"canonical\" href=\"https:\/\/neofox.pl\/en\/wishlist\/\" \/>\n<meta property=\"og:locale\" content=\"en_US\" \/>\n<meta property=\"og:type\" content=\"article\" \/>\n<meta property=\"og:title\" content=\"Wishlist - NEOFOX\" \/>\n<meta property=\"og:description\" content=\"Twoja lista \u017cycze\u0144 na Neofox \u2013 zapisz ulubione produkty i wr\u00f3\u0107 do nich p\u00f3\u017aniej. \u0141atwo tw\u00f3rz listy i planuj zakupy.\" \/>\n<meta property=\"og:url\" content=\"https:\/\/neofox.pl\/en\/wishlist\/\" \/>\n<meta property=\"og:site_name\" content=\"NEOFOX\" \/>\n<meta property=\"article:modified_time\" content=\"2025-03-17T11:58:23+00:00\" \/>\n<meta property=\"og:image\" content=\"https:\/\/neofox.pl\/wp-content\/uploads\/2023\/12\/500-NeoFox-0ef29f617ae1959008c1e681723dc5bc.jpg\" \/>\n<meta name=\"twitter:card\" content=\"summary_large_image\" \/>\n<meta name=\"twitter:label1\" content=\"Est. reading time\" \/>\n\t<meta name=\"twitter:data1\" content=\"1 minute\" \/>\n<script type=\"application\/ld+json\" class=\"yoast-schema-graph\">{\"@context\":\"https:\/\/schema.org\",\"@graph\":[{\"@type\":\"WebPage\",\"@id\":\"https:\/\/neofox.pl\/wishlist\/\",\"url\":\"https:\/\/neofox.pl\/wishlist\/\",\"name\":\"Wishlist - NEOFOX\",\"isPartOf\":{\"@id\":\"https:\/\/neofox.pl\/#website\"},\"primaryImageOfPage\":{\"@id\":\"https:\/\/neofox.pl\/wishlist\/#primaryimage\"},\"image\":{\"@id\":\"https:\/\/neofox.pl\/wishlist\/#primaryimage\"},\"thumbnailUrl\":\"https:\/\/neofox.pl\/wp-content\/uploads\/2023\/12\/500-NeoFox-0ef29f617ae1959008c1e681723dc5bc.jpg\",\"datePublished\":\"2023-04-20T11:46:00+00:00\",\"dateModified\":\"2025-03-17T11:58:23+00:00\",\"description\":\"Twoja lista \u017cycze\u0144 na Neofox \u2013 zapisz ulubione produkty i wr\u00f3\u0107 do nich p\u00f3\u017aniej. \u0141atwo tw\u00f3rz listy i planuj zakupy.\",\"breadcrumb\":{\"@id\":\"https:\/\/neofox.pl\/wishlist\/#breadcrumb\"},\"inLanguage\":\"en-US\",\"potentialAction\":[{\"@type\":\"ReadAction\",\"target\":[\"https:\/\/neofox.pl\/wishlist\/\"]}]},{\"@type\":\"ImageObject\",\"inLanguage\":\"en-US\",\"@id\":\"https:\/\/neofox.pl\/wishlist\/#primaryimage\",\"url\":\"https:\/\/neofox.pl\/wp-content\/uploads\/2023\/12\/500-NeoFox-0ef29f617ae1959008c1e681723dc5bc.jpg\",\"contentUrl\":\"https:\/\/neofox.pl\/wp-content\/uploads\/2023\/12\/500-NeoFox-0ef29f617ae1959008c1e681723dc5bc.jpg\"},{\"@type\":\"BreadcrumbList\",\"@id\":\"https:\/\/neofox.pl\/wishlist\/#breadcrumb\",\"itemListElement\":[{\"@type\":\"ListItem\",\"position\":1,\"name\":\"\u0413\u043b\u0430\u0432\u043d\u0430\u044f \u0441\u0442\u0440\u0430\u043d\u0438\u0446\u0430\",\"item\":\"https:\/\/neofox.pl\/\"},{\"@type\":\"ListItem\",\"position\":2,\"name\":\"Wishlist\"}]},{\"@type\":\"WebSite\",\"@id\":\"https:\/\/neofox.pl\/#website\",\"url\":\"https:\/\/neofox.pl\/\",\"name\":\"NEOFOX\",\"description\":\"Neony na zam\u00f3wienie\",\"publisher\":{\"@id\":\"https:\/\/neofox.pl\/#organization\"},\"potentialAction\":[{\"@type\":\"SearchAction\",\"target\":{\"@type\":\"EntryPoint\",\"urlTemplate\":\"https:\/\/neofox.pl\/?s={search_term_string}\"},\"query-input\":\"required name=search_term_string\"}],\"inLanguage\":\"en-US\"},{\"@type\":\"Organization\",\"@id\":\"https:\/\/neofox.pl\/#organization\",\"name\":\"NEOFOX\",\"url\":\"https:\/\/neofox.pl\/\",\"logo\":{\"@type\":\"ImageObject\",\"inLanguage\":\"en-US\",\"@id\":\"https:\/\/neofox.pl\/#\/schema\/logo\/image\/\",\"url\":\"https:\/\/neofox.pl\/wp-content\/uploads\/2023\/07\/Neofox-faktura-fv.png\",\"contentUrl\":\"https:\/\/neofox.pl\/wp-content\/uploads\/2023\/07\/Neofox-faktura-fv.png\",\"width\":16209,\"height\":5224,\"caption\":\"NEOFOX\"},\"image\":{\"@id\":\"https:\/\/neofox.pl\/#\/schema\/logo\/image\/\"}}]}<\/script>\n<!-- \/ Yoast SEO plugin. -->","yoast_head_json":{"title":"Wishlist - NEOFOX","description":"Twoja lista \u017cycze\u0144 na Neofox \u2013 zapisz ulubione produkty i wr\u00f3\u0107 do nich p\u00f3\u017aniej. \u0141atwo tw\u00f3rz listy i planuj zakupy.","robots":{"index":"index","follow":"follow","max-snippet":"max-snippet:-1","max-image-preview":"max-image-preview:large","max-video-preview":"max-video-preview:-1"},"canonical":"https:\/\/neofox.pl\/en\/wishlist\/","og_locale":"en_US","og_type":"article","og_title":"Wishlist - NEOFOX","og_description":"Twoja lista \u017cycze\u0144 na Neofox \u2013 zapisz ulubione produkty i wr\u00f3\u0107 do nich p\u00f3\u017aniej. \u0141atwo tw\u00f3rz listy i planuj zakupy.","og_url":"https:\/\/neofox.pl\/en\/wishlist\/","og_site_name":"NEOFOX","article_modified_time":"2025-03-17T11:58:23+00:00","og_image":[{"url":"https:\/\/neofox.pl\/wp-content\/uploads\/2023\/12\/500-NeoFox-0ef29f617ae1959008c1e681723dc5bc.jpg"}],"twitter_card":"summary_large_image","twitter_misc":{"Est. reading time":"1 minute"},"schema":{"@context":"https:\/\/schema.org","@graph":[{"@type":"WebPage","@id":"https:\/\/neofox.pl\/wishlist\/","url":"https:\/\/neofox.pl\/wishlist\/","name":"Wishlist - NEOFOX","isPartOf":{"@id":"https:\/\/neofox.pl\/#website"},"primaryImageOfPage":{"@id":"https:\/\/neofox.pl\/wishlist\/#primaryimage"},"image":{"@id":"https:\/\/neofox.pl\/wishlist\/#primaryimage"},"thumbnailUrl":"https:\/\/neofox.pl\/wp-content\/uploads\/2023\/12\/500-NeoFox-0ef29f617ae1959008c1e681723dc5bc.jpg","datePublished":"2023-04-20T11:46:00+00:00","dateModified":"2025-03-17T11:58:23+00:00","description":"Twoja lista \u017cycze\u0144 na Neofox \u2013 zapisz ulubione produkty i wr\u00f3\u0107 do nich p\u00f3\u017aniej. \u0141atwo tw\u00f3rz listy i planuj zakupy.","breadcrumb":{"@id":"https:\/\/neofox.pl\/wishlist\/#breadcrumb"},"inLanguage":"en-US","potentialAction":[{"@type":"ReadAction","target":["https:\/\/neofox.pl\/wishlist\/"]}]},{"@type":"ImageObject","inLanguage":"en-US","@id":"https:\/\/neofox.pl\/wishlist\/#primaryimage","url":"https:\/\/neofox.pl\/wp-content\/uploads\/2023\/12\/500-NeoFox-0ef29f617ae1959008c1e681723dc5bc.jpg","contentUrl":"https:\/\/neofox.pl\/wp-content\/uploads\/2023\/12\/500-NeoFox-0ef29f617ae1959008c1e681723dc5bc.jpg"},{"@type":"BreadcrumbList","@id":"https:\/\/neofox.pl\/wishlist\/#breadcrumb","itemListElement":[{"@type":"ListItem","position":1,"name":"\u0413\u043b\u0430\u0432\u043d\u0430\u044f \u0441\u0442\u0440\u0430\u043d\u0438\u0446\u0430","item":"https:\/\/neofox.pl\/"},{"@type":"ListItem","position":2,"name":"Wishlist"}]},{"@type":"WebSite","@id":"https:\/\/neofox.pl\/#website","url":"https:\/\/neofox.pl\/","name":"NEOFOX","description":"Neony na zam\u00f3wienie","publisher":{"@id":"https:\/\/neofox.pl\/#organization"},"potentialAction":[{"@type":"SearchAction","target":{"@type":"EntryPoint","urlTemplate":"https:\/\/neofox.pl\/?s={search_term_string}"},"query-input":"required name=search_term_string"}],"inLanguage":"en-US"},{"@type":"Organization","@id":"https:\/\/neofox.pl\/#organization","name":"NEOFOX","url":"https:\/\/neofox.pl\/","logo":{"@type":"ImageObject","inLanguage":"en-US","@id":"https:\/\/neofox.pl\/#\/schema\/logo\/image\/","url":"https:\/\/neofox.pl\/wp-content\/uploads\/2023\/07\/Neofox-faktura-fv.png","contentUrl":"https:\/\/neofox.pl\/wp-content\/uploads\/2023\/07\/Neofox-faktura-fv.png","width":16209,"height":5224,"caption":"NEOFOX"},"image":{"@id":"https:\/\/neofox.pl\/#\/schema\/logo\/image\/"}}]}},"_links":{"self":[{"href":"https:\/\/neofox.pl\/en\/wp-json\/wp\/v2\/pages\/21"}],"collection":[{"href":"https:\/\/neofox.pl\/en\/wp-json\/wp\/v2\/pages"}],"about":[{"href":"https:\/\/neofox.pl\/en\/wp-json\/wp\/v2\/types\/page"}],"author":[{"embeddable":true,"href":"https:\/\/neofox.pl\/en\/wp-json\/wp\/v2\/users\/1"}],"replies":[{"embeddable":true,"href":"https:\/\/neofox.pl\/en\/wp-json\/wp\/v2\/comments?post=21"}],"version-history":[{"count":5,"href":"https:\/\/neofox.pl\/en\/wp-json\/wp\/v2\/pages\/21\/revisions"}],"predecessor-version":[{"id":2298,"href":"https:\/\/neofox.pl\/en\/wp-json\/wp\/v2\/pages\/21\/revisions\/2298"}],"wp:attachment":[{"href":"https:\/\/neofox.pl\/en\/wp-json\/wp\/v2\/media?parent=21"}],"curies":[{"name":"wp","href":"https:\/\/api.w.org\/{rel}","templated":true}]}}