{"id":1620,"date":"2023-11-25T00:56:01","date_gmt":"2023-11-24T23:56:01","guid":{"rendered":"https:\/\/neofox.pl\/?page_id=1620"},"modified":"2025-03-17T12:49:22","modified_gmt":"2025-03-17T11:49:22","slug":"polityka-plikow-cookies","status":"publish","type":"page","link":"https:\/\/neofox.pl\/en\/polityka-plikow-cookies\/","title":{"rendered":"Cookie Policy"},"content":{"rendered":"<div data-elementor-type=\"wp-page\" data-elementor-id=\"1620\" class=\"elementor elementor-1620\">\n\t\t\t\t<div class=\"wd-negative-gap elementor-element elementor-element-d60c78a e-flex e-con-boxed e-con e-parent\" data-id=\"d60c78a\" data-element_type=\"container\" data-e-type=\"container\">\n\t\t\t\t\t<div class=\"e-con-inner\">\n\t\t\t\t<div class=\"elementor-element elementor-element-f44172e elementor-widget elementor-widget-heading\" data-id=\"f44172e\" data-element_type=\"widget\" data-e-type=\"widget\" data-widget_type=\"heading.default\">\n\t\t\t\t<div class=\"elementor-widget-container\">\n\t\t\t\t\t<h1 class=\"elementor-heading-title elementor-size-default\">Cookie Policy<\/h1>\t\t\t\t<\/div>\n\t\t\t\t<\/div>\n\t\t\t\t<div class=\"elementor-element elementor-element-3622aa4 color-scheme-inherit text-left elementor-widget elementor-widget-text-editor\" data-id=\"3622aa4\" data-element_type=\"widget\" data-e-type=\"widget\" data-widget_type=\"text-editor.default\">\n\t\t\t\t<div class=\"elementor-widget-container\">\n\t\t\t\t\t\t\t\t\t<p>This Cookie Policy explains what cookies we use on our website and how they are used.<\/p><p>What are cookies?<\/p><p>Cookies are small text files stored on your computer or mobile device when you visit our website. These files allow us to recognize your device and customize our site to your preferences.<\/p><p>What cookies do we use?<\/p><p>\u2013 Essential cookies: These cookies are essential for our website to function. Without them, some features may not function properly.<\/p><p>\u2013 Analytical cookies: We use analytical cookies to track usage of our website and collect anonymous statistics that help us understand how our users use our site and how we can improve it.<\/p><p>\u2013 Functional cookies: These cookies allow us to remember choices you make (such as language or region) and provide more personalised features.<\/p><p>\u2013 Advertising cookies: We use cookies to deliver advertising that is relevant to your interests and to measure the effectiveness of our advertising campaigns.<\/p><p>How to manage cookies?<\/p><p>You can manage cookies through your web browser settings. Most browsers allow you to accept, block or delete cookies. Please note, however, that blocking cookies may affect some of our site&#039;s functionality.<\/p><p>More information<\/p><p>If you have any further questions regarding our Cookie Policy, please contact us at [email address] or use the contact form available on our website.<\/p><p>Policy Updates<\/p><p>This Cookie Policy may be updated from time to time to reflect changes in our practices or regulatory requirements. Please check this page regularly to review the most current policy.<\/p><p>Last update: 10\/03\/2024<\/p>\t\t\t\t\t\t\t\t<\/div>\n\t\t\t\t<\/div>\n\t\t\t\t\t<\/div>\n\t\t\t\t<\/div>\n\t\t\t\t<\/div>","protected":false},"excerpt":{"rendered":"<p>Polityka plik\u00f3w cookie Niniejsza Polityka Plik\u00f3w Cookie wyja\u015bnia, jakie pliki cookie stosujemy na naszej stronie internetowej oraz w jaki spos\u00f3b<\/p>","protected":false},"author":1,"featured_media":0,"parent":0,"menu_order":0,"comment_status":"closed","ping_status":"closed","template":"","meta":{"footnotes":""},"class_list":["post-1620","page","type-page","status-publish","hentry"],"yoast_head":"<!-- This site is optimized with the Yoast SEO plugin v23.0 - https:\/\/yoast.com\/wordpress\/plugins\/seo\/ -->\n<title>Polityka plik\u00f3w cookies - NEOFOX<\/title>\n<meta name=\"description\" content=\"Przeczytaj polityk\u0119 plik\u00f3w cookie na stronie internetowej Neofox. Zapewniamy poufno\u015b\u0107 i ochron\u0119 Twoich danych podczas korzystania z naszej witryny.\" \/>\n<meta name=\"robots\" content=\"index, follow, max-snippet:-1, max-image-preview:large, max-video-preview:-1\" \/>\n<link rel=\"canonical\" href=\"https:\/\/neofox.pl\/en\/polityka-plikow-cookies\/\" \/>\n<meta property=\"og:locale\" content=\"en_US\" \/>\n<meta property=\"og:type\" content=\"article\" \/>\n<meta property=\"og:title\" content=\"Polityka plik\u00f3w cookies - NEOFOX\" \/>\n<meta property=\"og:description\" content=\"Przeczytaj polityk\u0119 plik\u00f3w cookie na stronie internetowej Neofox. Zapewniamy poufno\u015b\u0107 i ochron\u0119 Twoich danych podczas korzystania z naszej witryny.\" \/>\n<meta property=\"og:url\" content=\"https:\/\/neofox.pl\/en\/polityka-plikow-cookies\/\" \/>\n<meta property=\"og:site_name\" content=\"NEOFOX\" \/>\n<meta property=\"article:modified_time\" content=\"2025-03-17T11:49:22+00:00\" \/>\n<meta name=\"twitter:card\" content=\"summary_large_image\" \/>\n<meta name=\"twitter:label1\" content=\"Est. reading time\" \/>\n\t<meta name=\"twitter:data1\" content=\"2 minutes\" \/>\n<script type=\"application\/ld+json\" class=\"yoast-schema-graph\">{\"@context\":\"https:\/\/schema.org\",\"@graph\":[{\"@type\":\"WebPage\",\"@id\":\"https:\/\/neofox.pl\/polityka-plikow-cookies\/\",\"url\":\"https:\/\/neofox.pl\/polityka-plikow-cookies\/\",\"name\":\"Polityka plik\u00f3w cookies - NEOFOX\",\"isPartOf\":{\"@id\":\"https:\/\/neofox.pl\/#website\"},\"datePublished\":\"2023-11-24T23:56:01+00:00\",\"dateModified\":\"2025-03-17T11:49:22+00:00\",\"description\":\"Przeczytaj polityk\u0119 plik\u00f3w cookie na stronie internetowej Neofox. Zapewniamy poufno\u015b\u0107 i ochron\u0119 Twoich danych podczas korzystania z naszej witryny.\",\"breadcrumb\":{\"@id\":\"https:\/\/neofox.pl\/polityka-plikow-cookies\/#breadcrumb\"},\"inLanguage\":\"en-US\",\"potentialAction\":[{\"@type\":\"ReadAction\",\"target\":[\"https:\/\/neofox.pl\/polityka-plikow-cookies\/\"]}]},{\"@type\":\"BreadcrumbList\",\"@id\":\"https:\/\/neofox.pl\/polityka-plikow-cookies\/#breadcrumb\",\"itemListElement\":[{\"@type\":\"ListItem\",\"position\":1,\"name\":\"\u0413\u043b\u0430\u0432\u043d\u0430\u044f \u0441\u0442\u0440\u0430\u043d\u0438\u0446\u0430\",\"item\":\"https:\/\/neofox.pl\/\"},{\"@type\":\"ListItem\",\"position\":2,\"name\":\"Polityka plik\u00f3w cookies\"}]},{\"@type\":\"WebSite\",\"@id\":\"https:\/\/neofox.pl\/#website\",\"url\":\"https:\/\/neofox.pl\/\",\"name\":\"NEOFOX\",\"description\":\"Neony na zam\u00f3wienie\",\"publisher\":{\"@id\":\"https:\/\/neofox.pl\/#organization\"},\"potentialAction\":[{\"@type\":\"SearchAction\",\"target\":{\"@type\":\"EntryPoint\",\"urlTemplate\":\"https:\/\/neofox.pl\/?s={search_term_string}\"},\"query-input\":\"required name=search_term_string\"}],\"inLanguage\":\"en-US\"},{\"@type\":\"Organization\",\"@id\":\"https:\/\/neofox.pl\/#organization\",\"name\":\"NEOFOX\",\"url\":\"https:\/\/neofox.pl\/\",\"logo\":{\"@type\":\"ImageObject\",\"inLanguage\":\"en-US\",\"@id\":\"https:\/\/neofox.pl\/#\/schema\/logo\/image\/\",\"url\":\"https:\/\/neofox.pl\/wp-content\/uploads\/2023\/07\/Neofox-faktura-fv.png\",\"contentUrl\":\"https:\/\/neofox.pl\/wp-content\/uploads\/2023\/07\/Neofox-faktura-fv.png\",\"width\":16209,\"height\":5224,\"caption\":\"NEOFOX\"},\"image\":{\"@id\":\"https:\/\/neofox.pl\/#\/schema\/logo\/image\/\"}}]}<\/script>\n<!-- \/ Yoast SEO plugin. -->","yoast_head_json":{"title":"Polityka plik\u00f3w cookies - NEOFOX","description":"Przeczytaj polityk\u0119 plik\u00f3w cookie na stronie internetowej Neofox. Zapewniamy poufno\u015b\u0107 i ochron\u0119 Twoich danych podczas korzystania z naszej witryny.","robots":{"index":"index","follow":"follow","max-snippet":"max-snippet:-1","max-image-preview":"max-image-preview:large","max-video-preview":"max-video-preview:-1"},"canonical":"https:\/\/neofox.pl\/en\/polityka-plikow-cookies\/","og_locale":"en_US","og_type":"article","og_title":"Polityka plik\u00f3w cookies - NEOFOX","og_description":"Przeczytaj polityk\u0119 plik\u00f3w cookie na stronie internetowej Neofox. Zapewniamy poufno\u015b\u0107 i ochron\u0119 Twoich danych podczas korzystania z naszej witryny.","og_url":"https:\/\/neofox.pl\/en\/polityka-plikow-cookies\/","og_site_name":"NEOFOX","article_modified_time":"2025-03-17T11:49:22+00:00","twitter_card":"summary_large_image","twitter_misc":{"Est. reading time":"2 minutes"},"schema":{"@context":"https:\/\/schema.org","@graph":[{"@type":"WebPage","@id":"https:\/\/neofox.pl\/polityka-plikow-cookies\/","url":"https:\/\/neofox.pl\/polityka-plikow-cookies\/","name":"Polityka plik\u00f3w cookies - NEOFOX","isPartOf":{"@id":"https:\/\/neofox.pl\/#website"},"datePublished":"2023-11-24T23:56:01+00:00","dateModified":"2025-03-17T11:49:22+00:00","description":"Przeczytaj polityk\u0119 plik\u00f3w cookie na stronie internetowej Neofox. Zapewniamy poufno\u015b\u0107 i ochron\u0119 Twoich danych podczas korzystania z naszej witryny.","breadcrumb":{"@id":"https:\/\/neofox.pl\/polityka-plikow-cookies\/#breadcrumb"},"inLanguage":"en-US","potentialAction":[{"@type":"ReadAction","target":["https:\/\/neofox.pl\/polityka-plikow-cookies\/"]}]},{"@type":"BreadcrumbList","@id":"https:\/\/neofox.pl\/polityka-plikow-cookies\/#breadcrumb","itemListElement":[{"@type":"ListItem","position":1,"name":"\u0413\u043b\u0430\u0432\u043d\u0430\u044f \u0441\u0442\u0440\u0430\u043d\u0438\u0446\u0430","item":"https:\/\/neofox.pl\/"},{"@type":"ListItem","position":2,"name":"Polityka plik\u00f3w cookies"}]},{"@type":"WebSite","@id":"https:\/\/neofox.pl\/#website","url":"https:\/\/neofox.pl\/","name":"NEOFOX","description":"Neony na zam\u00f3wienie","publisher":{"@id":"https:\/\/neofox.pl\/#organization"},"potentialAction":[{"@type":"SearchAction","target":{"@type":"EntryPoint","urlTemplate":"https:\/\/neofox.pl\/?s={search_term_string}"},"query-input":"required name=search_term_string"}],"inLanguage":"en-US"},{"@type":"Organization","@id":"https:\/\/neofox.pl\/#organization","name":"NEOFOX","url":"https:\/\/neofox.pl\/","logo":{"@type":"ImageObject","inLanguage":"en-US","@id":"https:\/\/neofox.pl\/#\/schema\/logo\/image\/","url":"https:\/\/neofox.pl\/wp-content\/uploads\/2023\/07\/Neofox-faktura-fv.png","contentUrl":"https:\/\/neofox.pl\/wp-content\/uploads\/2023\/07\/Neofox-faktura-fv.png","width":16209,"height":5224,"caption":"NEOFOX"},"image":{"@id":"https:\/\/neofox.pl\/#\/schema\/logo\/image\/"}}]}},"_links":{"self":[{"href":"https:\/\/neofox.pl\/en\/wp-json\/wp\/v2\/pages\/1620"}],"collection":[{"href":"https:\/\/neofox.pl\/en\/wp-json\/wp\/v2\/pages"}],"about":[{"href":"https:\/\/neofox.pl\/en\/wp-json\/wp\/v2\/types\/page"}],"author":[{"embeddable":true,"href":"https:\/\/neofox.pl\/en\/wp-json\/wp\/v2\/users\/1"}],"replies":[{"embeddable":true,"href":"https:\/\/neofox.pl\/en\/wp-json\/wp\/v2\/comments?post=1620"}],"version-history":[{"count":8,"href":"https:\/\/neofox.pl\/en\/wp-json\/wp\/v2\/pages\/1620\/revisions"}],"predecessor-version":[{"id":13467,"href":"https:\/\/neofox.pl\/en\/wp-json\/wp\/v2\/pages\/1620\/revisions\/13467"}],"wp:attachment":[{"href":"https:\/\/neofox.pl\/en\/wp-json\/wp\/v2\/media?parent=1620"}],"curies":[{"name":"wp","href":"https:\/\/api.w.org\/{rel}","templated":true}]}}