{"id":12486,"date":"2024-05-29T21:08:21","date_gmt":"2024-05-29T19:08:21","guid":{"rendered":"https:\/\/neofox.pl\/?page_id=12486"},"modified":"2025-08-08T14:54:09","modified_gmt":"2025-08-08T12:54:09","slug":"litery-przestrzenne-3d","status":"publish","type":"page","link":"https:\/\/neofox.pl\/en\/litery-przestrzenne-3d\/","title":{"rendered":"3D Spatial Letters"},"content":{"rendered":"<div data-elementor-type=\"wp-page\" data-elementor-id=\"12486\" class=\"elementor elementor-12486\">\n\t\t\t\t\t\t<section class=\"wd-negative-gap elementor-section elementor-top-section elementor-element elementor-element-66499ab elementor-section-boxed elementor-section-height-default elementor-section-height-default\" data-id=\"66499ab\" data-element_type=\"section\" data-e-type=\"section\">\n\t\t\t\t\t\t<div class=\"elementor-container elementor-column-gap-default\">\n\t\t\t\t\t<div class=\"elementor-column elementor-col-66 elementor-top-column elementor-element elementor-element-1441692\" data-id=\"1441692\" data-element_type=\"column\" data-e-type=\"column\">\n\t\t\t<div class=\"elementor-widget-wrap elementor-element-populated\">\n\t\t\t\t\t\t<div class=\"elementor-element elementor-element-087d02a wd-width-100 elementor-widget elementor-widget-wd_title\" data-id=\"087d02a\" data-element_type=\"widget\" data-e-type=\"widget\" data-widget_type=\"wd_title.default\">\n\t\t\t\t<div class=\"elementor-widget-container\">\n\t\t\t\t\t\t\t<div class=\"title-wrapper set-mb-s reset-last-child wd-title-color-default wd-title-style-default wd-title-size-extra-large text-left\">\n\n\t\t\t\n\t\t\t<div class=\"liner-continer\">\n\t\t\t\t<h1 class=\"woodmart-title-container title wd-fontsize-xxxl\">3D Spatial Letters<\/h1> \n\t\t\t\t\t\t\t<\/div>\n\n\t\t\t\t\t<\/div>\n\t\t\t\t\t\t<\/div>\n\t\t\t\t<\/div>\n\t\t\t\t<div class=\"elementor-element elementor-element-8c3e836 elementor-widget elementor-widget-wd_text_block\" data-id=\"8c3e836\" data-element_type=\"widget\" data-e-type=\"widget\" data-widget_type=\"wd_text_block.default\">\n\t\t\t\t<div class=\"elementor-widget-container\">\n\t\t\t\t\t\t\t<div class=\"wd-text-block reset-last-child text-left\">\n\t\t\t\n\t\t\tWe offer 3D letters made of various materials such as Styrodur, PVC, Plexiglas and other plastics. Our letters can be customized to any color, size and idea to perfectly match your vision and needs.\n\t\t\t\t\t<\/div>\n\t\t\t\t\t\t<\/div>\n\t\t\t\t<\/div>\n\t\t\t\t\t<\/div>\n\t\t<\/div>\n\t\t\t\t<div class=\"elementor-column elementor-col-33 elementor-top-column elementor-element elementor-element-34e92c2\" data-id=\"34e92c2\" data-element_type=\"column\" data-e-type=\"column\">\n\t\t\t<div class=\"elementor-widget-wrap elementor-element-populated\">\n\t\t\t\t\t\t<div class=\"elementor-element elementor-element-fbf5f67 elementor-widget elementor-widget-wd_text_block\" data-id=\"fbf5f67\" data-element_type=\"widget\" data-e-type=\"widget\" data-widget_type=\"wd_text_block.default\">\n\t\t\t\t<div class=\"elementor-widget-container\">\n\t\t\t\t\t\t\t<div class=\"wd-text-block reset-last-child text-left color-title\">\n\t\t\t\n\t\t\t<h5>\u00a0<\/h5><h5 style=\"text-align: left;\"><strong><span style=\"color: #000000;\">Get in touch to find out more!<\/span><\/strong><\/h5><p style=\"text-align: left;\"><strong>neofox.pl@gmail.com<\/strong><br \/><strong>+48 730 627 143<\/strong><\/p>\n\t\t\t\t\t<\/div>\n\t\t\t\t\t\t<\/div>\n\t\t\t\t<\/div>\n\t\t\t\t<div class=\"elementor-element elementor-element-0b8dfd4 elementor-widget elementor-widget-wd_button\" data-id=\"0b8dfd4\" data-element_type=\"widget\" data-e-type=\"widget\" data-widget_type=\"wd_button.default\">\n\t\t\t\t<div class=\"elementor-widget-container\">\n\t\t\t\t\t\t\t<div class=\"wd-button-wrapper text-left\" >\n\t\t\t<a class=\"btn btn-style-default btn-style-round btn-size-default btn-color-primary btn-icon-pos-right\"  href=\"https:\/\/neofox.pl\/en\/kontakt\/\">\n\t\t\t\t<span class=\"wd-btn-text\" data-elementor-setting-key=\"text\">\n\t\t\t\t\tCONTACT US!\t\t\t\t<\/span>\n\n\t\t\t\t\t\t\t<\/a>\n\t\t<\/div>\n\t\t\t\t\t\t<\/div>\n\t\t\t\t<\/div>\n\t\t\t\t\t<\/div>\n\t\t<\/div>\n\t\t\t\t\t<\/div>\n\t\t<\/section>\n\t\t\t\t<section class=\"wd-negative-gap elementor-section elementor-top-section elementor-element elementor-element-aa1baa9 wd-section-stretch-content elementor-section-boxed elementor-section-height-default elementor-section-height-default\" data-id=\"aa1baa9\" data-element_type=\"section\" data-e-type=\"section\">\n\t\t\t\t\t\t<div class=\"elementor-container elementor-column-gap-default\">\n\t\t\t\t\t<div class=\"elementor-column elementor-col-100 elementor-top-column elementor-element elementor-element-19323b2\" data-id=\"19323b2\" data-element_type=\"column\" data-e-type=\"column\">\n\t\t\t<div class=\"elementor-widget-wrap elementor-element-populated\">\n\t\t\t\t\t\t<div class=\"elementor-element elementor-element-5bd685d wd-width-100 elementor-widget elementor-widget-wd_images_gallery\" data-id=\"5bd685d\" data-element_type=\"widget\" data-e-type=\"widget\" data-widget_type=\"wd_images_gallery.default\">\n\t\t\t\t<div class=\"elementor-widget-container\">\n\t\t\t\t\t\t\t<div class=\"wd-images-gallery photoswipe-images wd-carousel-container\" style=\"--wd-align-items:center; --wd-justify-content:center;\">\n\t\t\t\t\t\t\t<div class=\"wd-carousel-inner\">\n\t\t\t\t\t\t<div class=\"wd-carousel wd-grid\" style=\"--wd-col-lg:3;--wd-col-md:3;--wd-col-sm:1;--wd-gap-lg:20px;--wd-gap-sm:10px;\">\n\t\t\t\t\t\t\t\t\t<div class=\"wd-carousel-wrap\">\n\t\t\t\t\t\t\t\t\t\t\t\t\t\t\t\t\t\t<div class=\"wd-gallery-item wd-carousel-item\">\n\t\t\t\t\t\t\t\t\t\t\t\t\t<a  href=\"https:\/\/neofox.pl\/wp-content\/uploads\/2024\/05\/jpeg-optimizer_9B8432BD-692A-4E0B-82F1-7AEF3DF29964.jpg\"data-width=\"960\" data-height=\"1280\" data-index=\"1\" data-elementor-open-lightbox=\"no\">\n\t\t\t\t\t\t\n\t\t\t\t\t\t<img decoding=\"async\" src=\"https:\/\/neofox.pl\/wp-content\/uploads\/2024\/05\/jpeg-optimizer_9B8432BD-692A-4E0B-82F1-7AEF3DF29964-500x500.jpg\"alt=\"jpeg-optimizer_9B8432BD-692A-4E0B-82F1-7AEF3DF29964\">\n\t\t\t\t\t\t\t\t\t\t\t\t\t<\/a>\n\t\t\t\t\t\t\t\t\t\t\t<\/div>\n\t\t\t\t\t\t\t\t\t\t\t\t\t\t\t<div class=\"wd-gallery-item wd-carousel-item\">\n\t\t\t\t\t\t\t\t\t\t\t\t\t<a  href=\"https:\/\/neofox.pl\/wp-content\/uploads\/2024\/05\/jpeg-optimizer_AA972175-8E64-4284-A4A9-AF3CCB833E1E.jpg\"data-width=\"960\" data-height=\"1280\" data-index=\"2\" data-elementor-open-lightbox=\"no\">\n\t\t\t\t\t\t\n\t\t\t\t\t\t<img decoding=\"async\" src=\"https:\/\/neofox.pl\/wp-content\/uploads\/2024\/05\/jpeg-optimizer_AA972175-8E64-4284-A4A9-AF3CCB833E1E-500x500.jpg\"alt=\"jpeg-optimizer_AA972175-8E64-4284-A4A9-AF3CCB833E1E\">\n\t\t\t\t\t\t\t\t\t\t\t\t\t<\/a>\n\t\t\t\t\t\t\t\t\t\t\t<\/div>\n\t\t\t\t\t\t\t\t\t\t\t\t\t\t\t<div class=\"wd-gallery-item wd-carousel-item\">\n\t\t\t\t\t\t\t\t\t\t\t\t\t<a  href=\"https:\/\/neofox.pl\/wp-content\/uploads\/2024\/05\/jpeg-optimizer_BA4A6337-7132-4A5D-9330-41FE853A7C0E.jpg\"data-width=\"960\" data-height=\"1280\" data-index=\"3\" data-elementor-open-lightbox=\"no\">\n\t\t\t\t\t\t\n\t\t\t\t\t\t<img decoding=\"async\" src=\"https:\/\/neofox.pl\/wp-content\/uploads\/2024\/05\/jpeg-optimizer_BA4A6337-7132-4A5D-9330-41FE853A7C0E-500x500.jpg\"alt=\"jpeg-optimizer_BA4A6337-7132-4A5D-9330-41FE853A7C0E\">\n\t\t\t\t\t\t\t\t\t\t\t\t\t<\/a>\n\t\t\t\t\t\t\t\t\t\t\t<\/div>\n\t\t\t\t\t\t\t\t\t\t\t\t\t\t\t\t<\/div>\n\t\t\t\t\t\t\t\t<\/div>\n\t\t\t\t\t\t\t\n\t\t\t\t<\/div>\n\n\t\t\t\t\t\t<div class=\"wd-nav-pagin-wrap text-center wd-style-shape wd-hide-lg wd-hide-md-sm\">\n\t\t\t<ul class=\"wd-nav-pagin\"><\/ul>\n\t\t<\/div>\n\t\t\t\t\t\t\t\t\t\t\t<\/div>\n\t\t\t\t\t\t<\/div>\n\t\t\t\t<\/div>\n\t\t\t\t\t<\/div>\n\t\t<\/div>\n\t\t\t\t\t<\/div>\n\t\t<\/section>\n\t\t\t\t<section class=\"wd-negative-gap elementor-section elementor-top-section elementor-element elementor-element-4093130 elementor-section-full_width elementor-section-height-default elementor-section-height-default\" data-id=\"4093130\" data-element_type=\"section\" data-e-type=\"section\">\n\t\t\t\t\t\t<div class=\"elementor-container elementor-column-gap-default\">\n\t\t\t\t\t<div class=\"elementor-column elementor-col-100 elementor-top-column elementor-element elementor-element-fa6ef0d\" data-id=\"fa6ef0d\" data-element_type=\"column\" data-e-type=\"column\">\n\t\t\t<div class=\"elementor-widget-wrap elementor-element-populated\">\n\t\t\t\t\t\t<div class=\"elementor-element elementor-element-2876372 wd-width-100 elementor-widget elementor-widget-wd_title\" data-id=\"2876372\" data-element_type=\"widget\" data-e-type=\"widget\" data-widget_type=\"wd_title.default\">\n\t\t\t\t<div class=\"elementor-widget-container\">\n\t\t\t\t\t\t\t<div class=\"title-wrapper set-mb-s reset-last-child wd-title-color-default wd-title-style-default wd-title-size-extra-large text-left\">\n\n\t\t\t\n\t\t\t<div class=\"liner-continer\">\n\t\t\t\t<h2 class=\"woodmart-title-container title wd-fontsize-xxxl\">Individual Projects<\/h2> \n\t\t\t\t\t\t\t<\/div>\n\n\t\t\t\t\t<\/div>\n\t\t\t\t\t\t<\/div>\n\t\t\t\t<\/div>\n\t\t\t\t<div class=\"elementor-element elementor-element-cd471e3 elementor-widget elementor-widget-wd_text_block\" data-id=\"cd471e3\" data-element_type=\"widget\" data-e-type=\"widget\" data-widget_type=\"wd_text_block.default\">\n\t\t\t\t<div class=\"elementor-widget-container\">\n\t\t\t\t\t\t\t<div class=\"wd-text-block reset-last-child text-left\">\n\t\t\t\n\t\t\tEach letter is prepared according to an individual design, which means that we can adjust the font to your requirements. If you do not have a specific idea, we will be happy to propose our own designs that will meet your expectations.\n\t\t\t\t\t<\/div>\n\t\t\t\t\t\t<\/div>\n\t\t\t\t<\/div>\n\t\t\t\t<div class=\"elementor-element elementor-element-e3faa97 wd-width-100 elementor-widget elementor-widget-wd_title\" data-id=\"e3faa97\" data-element_type=\"widget\" data-e-type=\"widget\" data-widget_type=\"wd_title.default\">\n\t\t\t\t<div class=\"elementor-widget-container\">\n\t\t\t\t\t\t\t<div class=\"title-wrapper set-mb-s reset-last-child wd-title-color-default wd-title-style-default wd-title-size-extra-large text-left\">\n\n\t\t\t\n\t\t\t<div class=\"liner-continer\">\n\t\t\t\t<h3 class=\"woodmart-title-container title wd-fontsize-xxxl\">Professional Installation<\/h3> \n\t\t\t\t\t\t\t<\/div>\n\n\t\t\t\t\t<\/div>\n\t\t\t\t\t\t<\/div>\n\t\t\t\t<\/div>\n\t\t\t\t<div class=\"elementor-element elementor-element-967306c elementor-widget elementor-widget-wd_text_block\" data-id=\"967306c\" data-element_type=\"widget\" data-e-type=\"widget\" data-widget_type=\"wd_text_block.default\">\n\t\t\t\t<div class=\"elementor-widget-container\">\n\t\t\t\t\t\t\t<div class=\"wd-text-block reset-last-child text-left\">\n\t\t\t\n\t\t\tWe offer installation services for spatial letters throughout Poland. Our experienced team will make sure that the letters are installed professionally and reliably. However, if you prefer to do the installation yourself, we will provide you with a template that will make it easier to apply the letters to the wall, ensuring precise and aesthetic placement.\n\t\t\t\t\t<\/div>\n\t\t\t\t\t\t<\/div>\n\t\t\t\t<\/div>\n\t\t\t\t<div class=\"elementor-element elementor-element-c43cc54 wd-width-100 elementor-widget elementor-widget-wd_title\" data-id=\"c43cc54\" data-element_type=\"widget\" data-e-type=\"widget\" data-widget_type=\"wd_title.default\">\n\t\t\t\t<div class=\"elementor-widget-container\">\n\t\t\t\t\t\t\t<div class=\"title-wrapper set-mb-s reset-last-child wd-title-color-default wd-title-style-default wd-title-size-extra-large text-left\">\n\n\t\t\t\n\t\t\t<div class=\"liner-continer\">\n\t\t\t\t<h3 class=\"woodmart-title-container title wd-fontsize-xxxl\">Why Us?<\/h3> \n\t\t\t\t\t\t\t<\/div>\n\n\t\t\t\t\t<\/div>\n\t\t\t\t\t\t<\/div>\n\t\t\t\t<\/div>\n\t\t\t\t<div class=\"elementor-element elementor-element-c330044 elementor-widget elementor-widget-wd_text_block\" data-id=\"c330044\" data-element_type=\"widget\" data-e-type=\"widget\" data-widget_type=\"wd_text_block.default\">\n\t\t\t\t<div class=\"elementor-widget-container\">\n\t\t\t\t\t\t\t<div class=\"wd-text-block reset-last-child text-left\">\n\t\t\t\n\t\t\t<ul>\n \t<li> <p>Personalization: Each design is unique and tailored to your individual needs.<\/p><\/li>\n \t<li><p>Top Quality Materials: We use only the best materials, which ensures the durability and aesthetic appearance of our letters.<\/p><\/li>\n \t<li><p>Professionalism: We provide assembly services throughout Poland and also offer support for self-assembly.<\/p><\/li>\n<\/ul>\n\t\t\t\t\t<\/div>\n\t\t\t\t\t\t<\/div>\n\t\t\t\t<\/div>\n\t\t\t\t\t<\/div>\n\t\t<\/div>\n\t\t\t\t\t<\/div>\n\t\t<\/section>\n\t\t\t\t<section class=\"wd-negative-gap elementor-section elementor-top-section elementor-element elementor-element-fa1d133 wd-section-stretch-content elementor-section-boxed elementor-section-height-default elementor-section-height-default\" data-id=\"fa1d133\" data-element_type=\"section\" data-e-type=\"section\">\n\t\t\t\t\t\t<div class=\"elementor-container elementor-column-gap-default\">\n\t\t\t\t\t<div class=\"elementor-column elementor-col-100 elementor-top-column elementor-element elementor-element-37835de\" data-id=\"37835de\" data-element_type=\"column\" data-e-type=\"column\">\n\t\t\t<div class=\"elementor-widget-wrap elementor-element-populated\">\n\t\t\t\t\t\t<div class=\"elementor-element elementor-element-23bb8dd wd-width-100 elementor-widget elementor-widget-wd_images_gallery\" data-id=\"23bb8dd\" data-element_type=\"widget\" data-e-type=\"widget\" data-widget_type=\"wd_images_gallery.default\">\n\t\t\t\t<div class=\"elementor-widget-container\">\n\t\t\t\t\t\t\t<div class=\"wd-images-gallery photoswipe-images wd-carousel-container\" style=\"--wd-align-items:center; --wd-justify-content:center;\">\n\t\t\t\t\t\t\t<div class=\"wd-carousel-inner\">\n\t\t\t\t\t\t<div class=\"wd-carousel wd-grid\" style=\"--wd-col-lg:3;--wd-col-md:3;--wd-col-sm:1;--wd-gap-lg:20px;--wd-gap-sm:10px;\">\n\t\t\t\t\t\t\t\t\t<div class=\"wd-carousel-wrap\">\n\t\t\t\t\t\t\t\t\t\t\t\t\t\t\t\t\t\t<div class=\"wd-gallery-item wd-carousel-item\">\n\t\t\t\t\t\t\t\t\t\t\t\t\t<a  href=\"https:\/\/neofox.pl\/wp-content\/uploads\/2024\/05\/jpeg-optimizer_0F17F704-E047-43E6-BED8-182AAB6BCBF6.jpg\"data-width=\"960\" data-height=\"1280\" data-index=\"1\" data-elementor-open-lightbox=\"no\">\n\t\t\t\t\t\t\n\t\t\t\t\t\t<img decoding=\"async\" src=\"https:\/\/neofox.pl\/wp-content\/uploads\/2024\/05\/jpeg-optimizer_0F17F704-E047-43E6-BED8-182AAB6BCBF6-500x500.jpg\"alt=\"jpeg-optimizer_0F17F704-E047-43E6-BED8-182AAB6BCBF6\">\n\t\t\t\t\t\t\t\t\t\t\t\t\t<\/a>\n\t\t\t\t\t\t\t\t\t\t\t<\/div>\n\t\t\t\t\t\t\t\t\t\t\t\t\t\t\t<div class=\"wd-gallery-item wd-carousel-item\">\n\t\t\t\t\t\t\t\t\t\t\t\t\t<a  href=\"https:\/\/neofox.pl\/wp-content\/uploads\/2024\/05\/jpeg-optimizer_541761A3-7EC5-411F-AFC7-07D6B286B5F9.jpg\"data-width=\"960\" data-height=\"1280\" data-index=\"2\" data-elementor-open-lightbox=\"no\">\n\t\t\t\t\t\t\n\t\t\t\t\t\t<img decoding=\"async\" src=\"https:\/\/neofox.pl\/wp-content\/uploads\/2024\/05\/jpeg-optimizer_541761A3-7EC5-411F-AFC7-07D6B286B5F9-500x500.jpg\"alt=\"jpeg-optimizer_541761A3-7EC5-411F-AFC7-07D6B286B5F9\">\n\t\t\t\t\t\t\t\t\t\t\t\t\t<\/a>\n\t\t\t\t\t\t\t\t\t\t\t<\/div>\n\t\t\t\t\t\t\t\t\t\t\t\t\t\t\t<div class=\"wd-gallery-item wd-carousel-item\">\n\t\t\t\t\t\t\t\t\t\t\t\t\t<a  href=\"https:\/\/neofox.pl\/wp-content\/uploads\/2024\/05\/jpeg-optimizer_E518D5D4-0F08-4D6A-AC04-198E72DF47A2-scaled.jpg\"data-width=\"2560\" data-height=\"1920\" data-index=\"3\" data-elementor-open-lightbox=\"no\">\n\t\t\t\t\t\t\n\t\t\t\t\t\t<img decoding=\"async\" src=\"https:\/\/neofox.pl\/wp-content\/uploads\/2024\/05\/jpeg-optimizer_E518D5D4-0F08-4D6A-AC04-198E72DF47A2-scaled-500x500.jpg\"alt=\"jpeg-optimizer_E518D5D4-0F08-4D6A-AC04-198E72DF47A2\">\n\t\t\t\t\t\t\t\t\t\t\t\t\t<\/a>\n\t\t\t\t\t\t\t\t\t\t\t<\/div>\n\t\t\t\t\t\t\t\t\t\t\t\t\t\t\t\t<\/div>\n\t\t\t\t\t\t\t\t<\/div>\n\t\t\t\t\t\t\t\n\t\t\t\t<\/div>\n\n\t\t\t\t\t\t<div class=\"wd-nav-pagin-wrap text-center wd-style-shape wd-hide-lg wd-hide-md-sm\">\n\t\t\t<ul class=\"wd-nav-pagin\"><\/ul>\n\t\t<\/div>\n\t\t\t\t\t\t\t\t\t\t\t<\/div>\n\t\t\t\t\t\t<\/div>\n\t\t\t\t<\/div>\n\t\t\t\t\t<\/div>\n\t\t<\/div>\n\t\t\t\t\t<\/div>\n\t\t<\/section>\n\t\t<div class=\"wd-negative-gap elementor-element elementor-element-814050d e-flex e-con-boxed e-con e-parent\" data-id=\"814050d\" data-element_type=\"container\" data-e-type=\"container\">\n\t\t\t\t\t<div class=\"e-con-inner\">\n\t\t<div class=\"wd-negative-gap elementor-element elementor-element-7cea84c e-flex e-con-boxed e-con e-child\" data-id=\"7cea84c\" data-element_type=\"container\" data-e-type=\"container\">\n\t\t\t\t\t<div class=\"e-con-inner\">\n\t\t\t\t<div class=\"elementor-element elementor-element-7142952 elementor-widget elementor-widget-wd_text_block\" data-id=\"7142952\" data-element_type=\"widget\" data-e-type=\"widget\" data-widget_type=\"wd_text_block.default\">\n\t\t\t\t<div class=\"elementor-widget-container\">\n\t\t\t\t\t\t\t<div class=\"wd-text-block reset-last-child text-center\">\n\t\t\t\n\t\t\t<p><strong>Contact us to find out more!<\/strong><span style=\"font-size: 20px; text-align: var(--text-align); background-color: var(--wd-main-bgcolor); color: var(--wd-text-color);\"><\/span><\/p>\n\t\t\t\t\t<\/div>\n\t\t\t\t\t\t<\/div>\n\t\t\t\t<\/div>\n\t\t\t\t<div class=\"elementor-element elementor-element-4e37b48 elementor-widget elementor-widget-wd_button\" data-id=\"4e37b48\" data-element_type=\"widget\" data-e-type=\"widget\" data-widget_type=\"wd_button.default\">\n\t\t\t\t<div class=\"elementor-widget-container\">\n\t\t\t\t\t\t\t<div class=\"wd-button-wrapper text-center\" >\n\t\t\t<a class=\"btn btn-style-default btn-style-round btn-size-default btn-color-primary btn-icon-pos-right\"  href=\"https:\/\/neofox.pl\/en\/kontakt\/\">\n\t\t\t\t<span class=\"wd-btn-text\" data-elementor-setting-key=\"text\">\n\t\t\t\t\tCONTACT US!\t\t\t\t<\/span>\n\n\t\t\t\t\t\t\t<\/a>\n\t\t<\/div>\n\t\t\t\t\t\t<\/div>\n\t\t\t\t<\/div>\n\t\t\t\t\t<\/div>\n\t\t\t\t<\/div>\n\t\t\t\t\t<\/div>\n\t\t\t\t<\/div>\n\t\t\t\t<\/div>","protected":false},"excerpt":{"rendered":"<p>Litery Przestrzenne 3D Oferujemy wykonanie liter przestrzennych z r\u00f3\u017cnorodnych materia\u0142\u00f3w takich jak styrodur, PCV, plexi i inne tworzywa sztuczne. Nasze<\/p>","protected":false},"author":1,"featured_media":0,"parent":0,"menu_order":0,"comment_status":"closed","ping_status":"closed","template":"","meta":{"footnotes":""},"class_list":["post-12486","page","type-page","status-publish","hentry"],"yoast_head":"<!-- This site is optimized with the Yoast SEO plugin v23.0 - https:\/\/yoast.com\/wordpress\/plugins\/seo\/ -->\n<title>Litery Przestrzenne 3D - NEOFOX<\/title>\n<meta name=\"description\" content=\"Tworzenie liter przestrzennych 3D od Neofox to stylowe i efektowne rozwi\u0105zanie dla Twojej firmy. Jako\u015b\u0107, precyzja i niepowtarzalny design.\" \/>\n<meta name=\"robots\" content=\"index, follow, max-snippet:-1, max-image-preview:large, max-video-preview:-1\" \/>\n<link rel=\"canonical\" href=\"https:\/\/neofox.pl\/en\/litery-przestrzenne-3d\/\" \/>\n<meta property=\"og:locale\" content=\"en_US\" \/>\n<meta property=\"og:type\" content=\"article\" \/>\n<meta property=\"og:title\" content=\"Litery Przestrzenne 3D - NEOFOX\" \/>\n<meta property=\"og:description\" content=\"Tworzenie liter przestrzennych 3D od Neofox to stylowe i efektowne rozwi\u0105zanie dla Twojej firmy. Jako\u015b\u0107, precyzja i niepowtarzalny design.\" \/>\n<meta property=\"og:url\" content=\"https:\/\/neofox.pl\/en\/litery-przestrzenne-3d\/\" \/>\n<meta property=\"og:site_name\" content=\"NEOFOX\" \/>\n<meta property=\"article:modified_time\" content=\"2025-08-08T12:54:09+00:00\" \/>\n<meta property=\"og:image\" content=\"https:\/\/neofox.pl\/wp-content\/uploads\/2024\/05\/jpeg-optimizer_9B8432BD-692A-4E0B-82F1-7AEF3DF29964-500x500.jpg\" \/>\n<meta name=\"twitter:card\" content=\"summary_large_image\" \/>\n<meta name=\"twitter:label1\" content=\"Est. reading time\" \/>\n\t<meta name=\"twitter:data1\" content=\"3 minutes\" \/>\n<script type=\"application\/ld+json\" class=\"yoast-schema-graph\">{\"@context\":\"https:\/\/schema.org\",\"@graph\":[{\"@type\":\"WebPage\",\"@id\":\"https:\/\/neofox.pl\/litery-przestrzenne-3d\/\",\"url\":\"https:\/\/neofox.pl\/litery-przestrzenne-3d\/\",\"name\":\"Litery Przestrzenne 3D - NEOFOX\",\"isPartOf\":{\"@id\":\"https:\/\/neofox.pl\/#website\"},\"primaryImageOfPage\":{\"@id\":\"https:\/\/neofox.pl\/litery-przestrzenne-3d\/#primaryimage\"},\"image\":{\"@id\":\"https:\/\/neofox.pl\/litery-przestrzenne-3d\/#primaryimage\"},\"thumbnailUrl\":\"https:\/\/neofox.pl\/wp-content\/uploads\/2024\/05\/jpeg-optimizer_9B8432BD-692A-4E0B-82F1-7AEF3DF29964-500x500.jpg\",\"datePublished\":\"2024-05-29T19:08:21+00:00\",\"dateModified\":\"2025-08-08T12:54:09+00:00\",\"description\":\"Tworzenie liter przestrzennych 3D od Neofox to stylowe i efektowne rozwi\u0105zanie dla Twojej firmy. Jako\u015b\u0107, precyzja i niepowtarzalny design.\",\"breadcrumb\":{\"@id\":\"https:\/\/neofox.pl\/litery-przestrzenne-3d\/#breadcrumb\"},\"inLanguage\":\"en-US\",\"potentialAction\":[{\"@type\":\"ReadAction\",\"target\":[\"https:\/\/neofox.pl\/litery-przestrzenne-3d\/\"]}]},{\"@type\":\"ImageObject\",\"inLanguage\":\"en-US\",\"@id\":\"https:\/\/neofox.pl\/litery-przestrzenne-3d\/#primaryimage\",\"url\":\"https:\/\/neofox.pl\/wp-content\/uploads\/2024\/05\/jpeg-optimizer_9B8432BD-692A-4E0B-82F1-7AEF3DF29964-500x500.jpg\",\"contentUrl\":\"https:\/\/neofox.pl\/wp-content\/uploads\/2024\/05\/jpeg-optimizer_9B8432BD-692A-4E0B-82F1-7AEF3DF29964-500x500.jpg\"},{\"@type\":\"BreadcrumbList\",\"@id\":\"https:\/\/neofox.pl\/litery-przestrzenne-3d\/#breadcrumb\",\"itemListElement\":[{\"@type\":\"ListItem\",\"position\":1,\"name\":\"\u0413\u043b\u0430\u0432\u043d\u0430\u044f \u0441\u0442\u0440\u0430\u043d\u0438\u0446\u0430\",\"item\":\"https:\/\/neofox.pl\/\"},{\"@type\":\"ListItem\",\"position\":2,\"name\":\"Litery Przestrzenne 3D\"}]},{\"@type\":\"WebSite\",\"@id\":\"https:\/\/neofox.pl\/#website\",\"url\":\"https:\/\/neofox.pl\/\",\"name\":\"NEOFOX\",\"description\":\"Neony na zam\u00f3wienie\",\"publisher\":{\"@id\":\"https:\/\/neofox.pl\/#organization\"},\"potentialAction\":[{\"@type\":\"SearchAction\",\"target\":{\"@type\":\"EntryPoint\",\"urlTemplate\":\"https:\/\/neofox.pl\/?s={search_term_string}\"},\"query-input\":\"required name=search_term_string\"}],\"inLanguage\":\"en-US\"},{\"@type\":\"Organization\",\"@id\":\"https:\/\/neofox.pl\/#organization\",\"name\":\"NEOFOX\",\"url\":\"https:\/\/neofox.pl\/\",\"logo\":{\"@type\":\"ImageObject\",\"inLanguage\":\"en-US\",\"@id\":\"https:\/\/neofox.pl\/#\/schema\/logo\/image\/\",\"url\":\"https:\/\/neofox.pl\/wp-content\/uploads\/2023\/07\/Neofox-faktura-fv.png\",\"contentUrl\":\"https:\/\/neofox.pl\/wp-content\/uploads\/2023\/07\/Neofox-faktura-fv.png\",\"width\":16209,\"height\":5224,\"caption\":\"NEOFOX\"},\"image\":{\"@id\":\"https:\/\/neofox.pl\/#\/schema\/logo\/image\/\"}}]}<\/script>\n<!-- \/ Yoast SEO plugin. -->","yoast_head_json":{"title":"Litery Przestrzenne 3D - NEOFOX","description":"Tworzenie liter przestrzennych 3D od Neofox to stylowe i efektowne rozwi\u0105zanie dla Twojej firmy. Jako\u015b\u0107, precyzja i niepowtarzalny design.","robots":{"index":"index","follow":"follow","max-snippet":"max-snippet:-1","max-image-preview":"max-image-preview:large","max-video-preview":"max-video-preview:-1"},"canonical":"https:\/\/neofox.pl\/en\/litery-przestrzenne-3d\/","og_locale":"en_US","og_type":"article","og_title":"Litery Przestrzenne 3D - NEOFOX","og_description":"Tworzenie liter przestrzennych 3D od Neofox to stylowe i efektowne rozwi\u0105zanie dla Twojej firmy. Jako\u015b\u0107, precyzja i niepowtarzalny design.","og_url":"https:\/\/neofox.pl\/en\/litery-przestrzenne-3d\/","og_site_name":"NEOFOX","article_modified_time":"2025-08-08T12:54:09+00:00","og_image":[{"url":"https:\/\/neofox.pl\/wp-content\/uploads\/2024\/05\/jpeg-optimizer_9B8432BD-692A-4E0B-82F1-7AEF3DF29964-500x500.jpg"}],"twitter_card":"summary_large_image","twitter_misc":{"Est. reading time":"3 minutes"},"schema":{"@context":"https:\/\/schema.org","@graph":[{"@type":"WebPage","@id":"https:\/\/neofox.pl\/litery-przestrzenne-3d\/","url":"https:\/\/neofox.pl\/litery-przestrzenne-3d\/","name":"Litery Przestrzenne 3D - NEOFOX","isPartOf":{"@id":"https:\/\/neofox.pl\/#website"},"primaryImageOfPage":{"@id":"https:\/\/neofox.pl\/litery-przestrzenne-3d\/#primaryimage"},"image":{"@id":"https:\/\/neofox.pl\/litery-przestrzenne-3d\/#primaryimage"},"thumbnailUrl":"https:\/\/neofox.pl\/wp-content\/uploads\/2024\/05\/jpeg-optimizer_9B8432BD-692A-4E0B-82F1-7AEF3DF29964-500x500.jpg","datePublished":"2024-05-29T19:08:21+00:00","dateModified":"2025-08-08T12:54:09+00:00","description":"Tworzenie liter przestrzennych 3D od Neofox to stylowe i efektowne rozwi\u0105zanie dla Twojej firmy. Jako\u015b\u0107, precyzja i niepowtarzalny design.","breadcrumb":{"@id":"https:\/\/neofox.pl\/litery-przestrzenne-3d\/#breadcrumb"},"inLanguage":"en-US","potentialAction":[{"@type":"ReadAction","target":["https:\/\/neofox.pl\/litery-przestrzenne-3d\/"]}]},{"@type":"ImageObject","inLanguage":"en-US","@id":"https:\/\/neofox.pl\/litery-przestrzenne-3d\/#primaryimage","url":"https:\/\/neofox.pl\/wp-content\/uploads\/2024\/05\/jpeg-optimizer_9B8432BD-692A-4E0B-82F1-7AEF3DF29964-500x500.jpg","contentUrl":"https:\/\/neofox.pl\/wp-content\/uploads\/2024\/05\/jpeg-optimizer_9B8432BD-692A-4E0B-82F1-7AEF3DF29964-500x500.jpg"},{"@type":"BreadcrumbList","@id":"https:\/\/neofox.pl\/litery-przestrzenne-3d\/#breadcrumb","itemListElement":[{"@type":"ListItem","position":1,"name":"\u0413\u043b\u0430\u0432\u043d\u0430\u044f \u0441\u0442\u0440\u0430\u043d\u0438\u0446\u0430","item":"https:\/\/neofox.pl\/"},{"@type":"ListItem","position":2,"name":"Litery Przestrzenne 3D"}]},{"@type":"WebSite","@id":"https:\/\/neofox.pl\/#website","url":"https:\/\/neofox.pl\/","name":"NEOFOX","description":"Neony na zam\u00f3wienie","publisher":{"@id":"https:\/\/neofox.pl\/#organization"},"potentialAction":[{"@type":"SearchAction","target":{"@type":"EntryPoint","urlTemplate":"https:\/\/neofox.pl\/?s={search_term_string}"},"query-input":"required name=search_term_string"}],"inLanguage":"en-US"},{"@type":"Organization","@id":"https:\/\/neofox.pl\/#organization","name":"NEOFOX","url":"https:\/\/neofox.pl\/","logo":{"@type":"ImageObject","inLanguage":"en-US","@id":"https:\/\/neofox.pl\/#\/schema\/logo\/image\/","url":"https:\/\/neofox.pl\/wp-content\/uploads\/2023\/07\/Neofox-faktura-fv.png","contentUrl":"https:\/\/neofox.pl\/wp-content\/uploads\/2023\/07\/Neofox-faktura-fv.png","width":16209,"height":5224,"caption":"NEOFOX"},"image":{"@id":"https:\/\/neofox.pl\/#\/schema\/logo\/image\/"}}]}},"_links":{"self":[{"href":"https:\/\/neofox.pl\/en\/wp-json\/wp\/v2\/pages\/12486"}],"collection":[{"href":"https:\/\/neofox.pl\/en\/wp-json\/wp\/v2\/pages"}],"about":[{"href":"https:\/\/neofox.pl\/en\/wp-json\/wp\/v2\/types\/page"}],"author":[{"embeddable":true,"href":"https:\/\/neofox.pl\/en\/wp-json\/wp\/v2\/users\/1"}],"replies":[{"embeddable":true,"href":"https:\/\/neofox.pl\/en\/wp-json\/wp\/v2\/comments?post=12486"}],"version-history":[{"count":8,"href":"https:\/\/neofox.pl\/en\/wp-json\/wp\/v2\/pages\/12486\/revisions"}],"predecessor-version":[{"id":13461,"href":"https:\/\/neofox.pl\/en\/wp-json\/wp\/v2\/pages\/12486\/revisions\/13461"}],"wp:attachment":[{"href":"https:\/\/neofox.pl\/en\/wp-json\/wp\/v2\/media?parent=12486"}],"curies":[{"name":"wp","href":"https:\/\/api.w.org\/{rel}","templated":true}]}}