{"id":12142,"date":"2024-05-04T06:05:12","date_gmt":"2024-05-04T04:05:12","guid":{"rendered":"https:\/\/neofox.pl\/?post_type=product&#038;p=12142"},"modified":"2025-02-06T15:49:08","modified_gmt":"2025-02-06T14:49:08","slug":"serduszko-mini-neon-led","status":"publish","type":"product","link":"https:\/\/neofox.pl\/de\/product\/serduszko-mini-neon-led\/","title":{"rendered":"&quot;Herz Neon Valentinstag&quot; Neon Led"},"content":{"rendered":"<p><strong>\t\t\t<link rel=\"stylesheet\" id=\"elementor-post-2307-css\" href=\"https:\/\/neofox.pl\/wp-content\/uploads\/elementor\/css\/post-2307.css?ver=1778632704\" type=\"text\/css\" media=\"all\">\n\t\t\t\t\t<div data-elementor-type=\"wp-post\" data-elementor-id=\"2307\" class=\"elementor elementor-2307\">\n\t\t\t\t<div class=\"wd-negative-gap elementor-element elementor-element-1afbc31 e-flex e-con-boxed e-con e-parent\" data-id=\"1afbc31\" data-element_type=\"container\" data-e-type=\"container\">\n\t\t\t\t\t<div class=\"e-con-inner\">\n\t\t\t\t<div class=\"elementor-element elementor-element-682fb92 elementor-align-center elementor-widget elementor-widget-button\" data-id=\"682fb92\" data-element_type=\"widget\" data-e-type=\"widget\" data-widget_type=\"button.default\">\n\t\t\t\t<div class=\"elementor-widget-container\">\n\t\t\t\t\t\t\t\t\t<div class=\"elementor-button-wrapper\">\n\t\t\t\t\t<a class=\"elementor-button elementor-button-link elementor-size-md\" href=\"https:\/\/neofox.pl\/de\/wlasny-projekt\/\">\n\t\t\t\t\t\t<span class=\"elementor-button-content-wrapper\">\n\t\t\t\t\t\t\t\t\t<span class=\"elementor-button-text\">PERSONALISIEREN SIE NEON<\/span>\n\t\t\t\t\t<\/span>\n\t\t\t\t\t<\/a>\n\t\t\t\t<\/div>\n\t\t\t\t\t\t\t\t<\/div>\n\t\t\t\t<\/div>\n\t\t\t\t\t<\/div>\n\t\t\t\t<\/div>\n\t\t\t\t<\/div>\n\t\t<\/strong><\/p>\n<p>&nbsp;<\/p>\n<p class=\"p1\">\ud83e\udd0d Kaltwei\u00df, Neutralwei\u00df, Warmwei\u00df<\/p>\n<p class=\"p1\">\ud83d\udc9b Gelb<\/p>\n<p class=\"p1\">\ud83e\udde1 Gold, Orange<\/p>\n<p class=\"p1\">\u2764\ufe0f Rot<\/p>\n<p class=\"p1\">\ud83e\ude77 Kaltes Rosa, Warmes Rosa<\/p>\n<p class=\"p1\">\ud83d\udc9c Lila-Himbeere<\/p>\n<p class=\"p1\">\ud83d\udc99 Blau-Marineblau<\/p>\n<p class=\"p1\">\ud83e\ude75 Hellblau<\/p>\n<p class=\"p1\">\ud83d\udc9a Gr\u00fcn<\/p>\n<p>Schreibt in die Kommentare, f\u00fcr welche Farbe ihr euch entscheidet. Die Neonfarben k\u00f6nnt ihr euch im Angebot im Reiter FARBPALETTE anschauen.<\/p>\n<p><strong>\u00a0<\/strong><\/p>\n<p><strong>Neon-LED<\/strong> ist eine einzigartige Neon-LED von h\u00f6chster Qualit\u00e4t, handgefertigt f\u00fcr Beleuchtung und Innendekoration. Wir sind ein gesch\u00e4tzter Hersteller von LED-Neonschildern in Polen und bieten nicht nur funktionale Beleuchtung, sondern auch ein Designerelement, das dem Raum einen einzigartigen Charakter verleiht. Dank fortschrittlicher LED-Technologie sind unsere Neonschilder nicht nur \u00e4sthetisch ansprechend, sondern auch augenfreundlich und energieeffizient.<\/p>\n<p>Jede Neon-LED ist ein fertiges Produkt, das auf Bestellung gefertigt wird. Als erfahrener Hersteller mit langj\u00e4hriger Erfahrung sind wir in der Lage, auch anspruchsvollste Kundenw\u00fcnsche zu erf\u00fcllen. Wenn Sie eine eigene Idee f\u00fcr eine Leuchtreklame haben, kontaktieren Sie uns gerne!<\/p>\n<p>Neon LED Fire ist eines der vielen einzigartigen Projekte unseres Teams. Unsere Neonschilder eignen sich sowohl als dezente Beleuchtung w\u00e4hrend eines Filmabends als auch als Hauptlichtquelle bei einer Party.<\/p>\n<p><strong>FARBE<\/strong><br \/>\nIn unserem Angebot finden Sie eine reiche Farbpalette, wie beispielsweise Kaltwei\u00df, Warmwei\u00df, Neutralwei\u00df, Gelb, Orange, Gold, Rot, Hellrosa, Pink, Dunkelrosa, Lila, Blau, Hellblau, Gr\u00fcn, T\u00fcrkis.<\/p>\n<p><strong>KONTROLLE<\/strong><br \/>\nF\u00fcr Liebhaber moderner L\u00f6sungen bieten wir auch Neonlichter mit Controller an. Dank ihm k\u00f6nnen Sie die Helligkeit des Lichts regulieren und das Neon ein-\/ausschalten, der Controller bietet au\u00dferdem verschiedene Blink- und Pulsmodi, darunter einen Stroboskopeffekt, der eine unvergessliche Atmosph\u00e4re schafft.<\/p>\n<p><strong>MIETEN<\/strong><br \/>\nWenn Sie Neonschilder mieten m\u00f6chten, besuchen Sie unsere Seite \u201eNeonschilder mieten\u201c. Dort finden Sie eine gro\u00dfe Auswahl an Neonschildern, die Sie mieten k\u00f6nnen. Verleihen Sie Ihrem Interieur einen einzigartigen Charakter mit unseren Original-Neon-LEDs, die mit Leidenschaft und Liebe zur h\u00f6chsten Qualit\u00e4t hergestellt werden.<\/p>","protected":false},"excerpt":{"rendered":"<p>&nbsp; \ud83e\udd0d Bia\u0142y zimny, bia\u0142y neutralny, bia\u0142y ciep\u0142y \ud83d\udc9b \u017b\u00f3\u0142ty \ud83e\udde1 Z\u0142oty, pomara\u0144czowy \u2764\ufe0f Czerwony \ud83e\ude77 R\u00f3\u017cowy zimny, r\u00f3\u017cowy ciep\u0142y<\/p>","protected":false},"featured_media":13264,"comment_status":"open","ping_status":"closed","template":"","meta":[],"product_brand":[],"product_cat":[33,26,27,31,22],"product_tag":[],"class_list":{"0":"post-12142","1":"product","2":"type-product","3":"status-publish","4":"has-post-thumbnail","6":"product_cat-bary-kluby","7":"product_cat-do-domu","8":"product_cat-do-pokoju-dziecka","9":"product_cat-salony-beauty","10":"product_cat-wszystkie-produkty","12":"first","13":"instock","14":"taxable","15":"shipping-taxable","16":"purchasable","17":"product-type-simple"},"yoast_head":"<!-- This site is optimized with the Yoast SEO plugin v23.0 - https:\/\/yoast.com\/wordpress\/plugins\/seo\/ -->\n<title>&quot;Serduszko Serce Neonowe Walentynki&quot; Neon Led - NEOFOX<\/title>\n<meta name=\"robots\" content=\"index, follow, max-snippet:-1, max-image-preview:large, max-video-preview:-1\" \/>\n<link rel=\"canonical\" href=\"https:\/\/neofox.pl\/de\/produkt\/serduszko-mini-neon-led\/\" \/>\n<meta property=\"og:locale\" content=\"de_DE\" \/>\n<meta property=\"og:type\" content=\"article\" \/>\n<meta property=\"og:title\" content=\"&quot;Serduszko Serce Neonowe Walentynki&quot; Neon Led - NEOFOX\" \/>\n<meta property=\"og:description\" content=\"&nbsp; \ud83e\udd0d Bia\u0142y zimny, bia\u0142y neutralny, bia\u0142y ciep\u0142y \ud83d\udc9b \u017b\u00f3\u0142ty \ud83e\udde1 Z\u0142oty, pomara\u0144czowy \u2764\ufe0f Czerwony \ud83e\ude77 R\u00f3\u017cowy zimny, r\u00f3\u017cowy ciep\u0142y\" \/>\n<meta property=\"og:url\" content=\"https:\/\/neofox.pl\/de\/produkt\/serduszko-mini-neon-led\/\" \/>\n<meta property=\"og:site_name\" content=\"NEOFOX\" \/>\n<meta property=\"article:modified_time\" content=\"2025-02-06T14:49:08+00:00\" \/>\n<meta property=\"og:image\" content=\"https:\/\/neofox.pl\/wp-content\/uploads\/2024\/05\/2025-02-06-15.45.56.jpg\" \/>\n\t<meta property=\"og:image:width\" content=\"1280\" \/>\n\t<meta property=\"og:image:height\" content=\"1280\" \/>\n\t<meta property=\"og:image:type\" content=\"image\/jpeg\" \/>\n<meta name=\"twitter:card\" content=\"summary_large_image\" \/>\n<meta name=\"twitter:label1\" content=\"Gesch\u00e4tzte Lesezeit\" \/>\n\t<meta name=\"twitter:data1\" content=\"2 Minuten\" \/>\n<script type=\"application\/ld+json\" class=\"yoast-schema-graph\">{\"@context\":\"https:\/\/schema.org\",\"@graph\":[{\"@type\":\"WebPage\",\"@id\":\"https:\/\/neofox.pl\/produkt\/serduszko-mini-neon-led\/\",\"url\":\"https:\/\/neofox.pl\/produkt\/serduszko-mini-neon-led\/\",\"name\":\"\\\"Serduszko Serce Neonowe Walentynki\\\" Neon Led - NEOFOX\",\"isPartOf\":{\"@id\":\"https:\/\/neofox.pl\/#website\"},\"primaryImageOfPage\":{\"@id\":\"https:\/\/neofox.pl\/produkt\/serduszko-mini-neon-led\/#primaryimage\"},\"image\":{\"@id\":\"https:\/\/neofox.pl\/produkt\/serduszko-mini-neon-led\/#primaryimage\"},\"thumbnailUrl\":\"https:\/\/neofox.pl\/wp-content\/uploads\/2024\/05\/2025-02-06-15.45.56.jpg\",\"datePublished\":\"2024-05-04T04:05:12+00:00\",\"dateModified\":\"2025-02-06T14:49:08+00:00\",\"breadcrumb\":{\"@id\":\"https:\/\/neofox.pl\/produkt\/serduszko-mini-neon-led\/#breadcrumb\"},\"inLanguage\":\"de-DE\",\"potentialAction\":[{\"@type\":\"ReadAction\",\"target\":[\"https:\/\/neofox.pl\/produkt\/serduszko-mini-neon-led\/\"]}]},{\"@type\":\"ImageObject\",\"inLanguage\":\"de-DE\",\"@id\":\"https:\/\/neofox.pl\/produkt\/serduszko-mini-neon-led\/#primaryimage\",\"url\":\"https:\/\/neofox.pl\/wp-content\/uploads\/2024\/05\/2025-02-06-15.45.56.jpg\",\"contentUrl\":\"https:\/\/neofox.pl\/wp-content\/uploads\/2024\/05\/2025-02-06-15.45.56.jpg\",\"width\":1280,\"height\":1280},{\"@type\":\"BreadcrumbList\",\"@id\":\"https:\/\/neofox.pl\/produkt\/serduszko-mini-neon-led\/#breadcrumb\",\"itemListElement\":[{\"@type\":\"ListItem\",\"position\":1,\"name\":\"\u0413\u043b\u0430\u0432\u043d\u0430\u044f \u0441\u0442\u0440\u0430\u043d\u0438\u0446\u0430\",\"item\":\"https:\/\/neofox.pl\/\"},{\"@type\":\"ListItem\",\"position\":2,\"name\":\"Sklep\",\"item\":\"https:\/\/neofox.pl\/sklep\/\"},{\"@type\":\"ListItem\",\"position\":3,\"name\":\"&#8222;Serduszko Serce Neonowe Walentynki&#8221; Neon Led\"}]},{\"@type\":\"WebSite\",\"@id\":\"https:\/\/neofox.pl\/#website\",\"url\":\"https:\/\/neofox.pl\/\",\"name\":\"NEOFOX\",\"description\":\"Neony na zam\u00f3wienie\",\"publisher\":{\"@id\":\"https:\/\/neofox.pl\/#organization\"},\"potentialAction\":[{\"@type\":\"SearchAction\",\"target\":{\"@type\":\"EntryPoint\",\"urlTemplate\":\"https:\/\/neofox.pl\/?s={search_term_string}\"},\"query-input\":\"required name=search_term_string\"}],\"inLanguage\":\"de-DE\"},{\"@type\":\"Organization\",\"@id\":\"https:\/\/neofox.pl\/#organization\",\"name\":\"NEOFOX\",\"url\":\"https:\/\/neofox.pl\/\",\"logo\":{\"@type\":\"ImageObject\",\"inLanguage\":\"de-DE\",\"@id\":\"https:\/\/neofox.pl\/#\/schema\/logo\/image\/\",\"url\":\"https:\/\/neofox.pl\/wp-content\/uploads\/2023\/07\/Neofox-faktura-fv.png\",\"contentUrl\":\"https:\/\/neofox.pl\/wp-content\/uploads\/2023\/07\/Neofox-faktura-fv.png\",\"width\":16209,\"height\":5224,\"caption\":\"NEOFOX\"},\"image\":{\"@id\":\"https:\/\/neofox.pl\/#\/schema\/logo\/image\/\"}}]}<\/script>\n<!-- \/ Yoast SEO plugin. -->","yoast_head_json":{"title":"\"Serduszko Serce Neonowe Walentynki\" Neon Led - NEOFOX","robots":{"index":"index","follow":"follow","max-snippet":"max-snippet:-1","max-image-preview":"max-image-preview:large","max-video-preview":"max-video-preview:-1"},"canonical":"https:\/\/neofox.pl\/de\/produkt\/serduszko-mini-neon-led\/","og_locale":"de_DE","og_type":"article","og_title":"\"Serduszko Serce Neonowe Walentynki\" Neon Led - NEOFOX","og_description":"&nbsp; \ud83e\udd0d Bia\u0142y zimny, bia\u0142y neutralny, bia\u0142y ciep\u0142y \ud83d\udc9b \u017b\u00f3\u0142ty \ud83e\udde1 Z\u0142oty, pomara\u0144czowy \u2764\ufe0f Czerwony \ud83e\ude77 R\u00f3\u017cowy zimny, r\u00f3\u017cowy ciep\u0142y","og_url":"https:\/\/neofox.pl\/de\/produkt\/serduszko-mini-neon-led\/","og_site_name":"NEOFOX","article_modified_time":"2025-02-06T14:49:08+00:00","og_image":[{"width":1280,"height":1280,"url":"https:\/\/neofox.pl\/wp-content\/uploads\/2024\/05\/2025-02-06-15.45.56.jpg","type":"image\/jpeg"}],"twitter_card":"summary_large_image","twitter_misc":{"Gesch\u00e4tzte Lesezeit":"2 Minuten"},"schema":{"@context":"https:\/\/schema.org","@graph":[{"@type":"WebPage","@id":"https:\/\/neofox.pl\/produkt\/serduszko-mini-neon-led\/","url":"https:\/\/neofox.pl\/produkt\/serduszko-mini-neon-led\/","name":"\"Serduszko Serce Neonowe Walentynki\" Neon Led - NEOFOX","isPartOf":{"@id":"https:\/\/neofox.pl\/#website"},"primaryImageOfPage":{"@id":"https:\/\/neofox.pl\/produkt\/serduszko-mini-neon-led\/#primaryimage"},"image":{"@id":"https:\/\/neofox.pl\/produkt\/serduszko-mini-neon-led\/#primaryimage"},"thumbnailUrl":"https:\/\/neofox.pl\/wp-content\/uploads\/2024\/05\/2025-02-06-15.45.56.jpg","datePublished":"2024-05-04T04:05:12+00:00","dateModified":"2025-02-06T14:49:08+00:00","breadcrumb":{"@id":"https:\/\/neofox.pl\/produkt\/serduszko-mini-neon-led\/#breadcrumb"},"inLanguage":"de-DE","potentialAction":[{"@type":"ReadAction","target":["https:\/\/neofox.pl\/produkt\/serduszko-mini-neon-led\/"]}]},{"@type":"ImageObject","inLanguage":"de-DE","@id":"https:\/\/neofox.pl\/produkt\/serduszko-mini-neon-led\/#primaryimage","url":"https:\/\/neofox.pl\/wp-content\/uploads\/2024\/05\/2025-02-06-15.45.56.jpg","contentUrl":"https:\/\/neofox.pl\/wp-content\/uploads\/2024\/05\/2025-02-06-15.45.56.jpg","width":1280,"height":1280},{"@type":"BreadcrumbList","@id":"https:\/\/neofox.pl\/produkt\/serduszko-mini-neon-led\/#breadcrumb","itemListElement":[{"@type":"ListItem","position":1,"name":"\u0413\u043b\u0430\u0432\u043d\u0430\u044f \u0441\u0442\u0440\u0430\u043d\u0438\u0446\u0430","item":"https:\/\/neofox.pl\/"},{"@type":"ListItem","position":2,"name":"Sklep","item":"https:\/\/neofox.pl\/sklep\/"},{"@type":"ListItem","position":3,"name":"&#8222;Serduszko Serce Neonowe Walentynki&#8221; Neon Led"}]},{"@type":"WebSite","@id":"https:\/\/neofox.pl\/#website","url":"https:\/\/neofox.pl\/","name":"NEOFOX","description":"Neony na zam\u00f3wienie","publisher":{"@id":"https:\/\/neofox.pl\/#organization"},"potentialAction":[{"@type":"SearchAction","target":{"@type":"EntryPoint","urlTemplate":"https:\/\/neofox.pl\/?s={search_term_string}"},"query-input":"required name=search_term_string"}],"inLanguage":"de-DE"},{"@type":"Organization","@id":"https:\/\/neofox.pl\/#organization","name":"NEOFOX","url":"https:\/\/neofox.pl\/","logo":{"@type":"ImageObject","inLanguage":"de-DE","@id":"https:\/\/neofox.pl\/#\/schema\/logo\/image\/","url":"https:\/\/neofox.pl\/wp-content\/uploads\/2023\/07\/Neofox-faktura-fv.png","contentUrl":"https:\/\/neofox.pl\/wp-content\/uploads\/2023\/07\/Neofox-faktura-fv.png","width":16209,"height":5224,"caption":"NEOFOX"},"image":{"@id":"https:\/\/neofox.pl\/#\/schema\/logo\/image\/"}}]}},"_links":{"self":[{"href":"https:\/\/neofox.pl\/de\/wp-json\/wp\/v2\/product\/12142"}],"collection":[{"href":"https:\/\/neofox.pl\/de\/wp-json\/wp\/v2\/product"}],"about":[{"href":"https:\/\/neofox.pl\/de\/wp-json\/wp\/v2\/types\/product"}],"replies":[{"embeddable":true,"href":"https:\/\/neofox.pl\/de\/wp-json\/wp\/v2\/comments?post=12142"}],"version-history":[{"count":6,"href":"https:\/\/neofox.pl\/de\/wp-json\/wp\/v2\/product\/12142\/revisions"}],"predecessor-version":[{"id":13267,"href":"https:\/\/neofox.pl\/de\/wp-json\/wp\/v2\/product\/12142\/revisions\/13267"}],"wp:featuredmedia":[{"embeddable":true,"href":"https:\/\/neofox.pl\/de\/wp-json\/wp\/v2\/media\/13264"}],"wp:attachment":[{"href":"https:\/\/neofox.pl\/de\/wp-json\/wp\/v2\/media?parent=12142"}],"wp:term":[{"taxonomy":"product_brand","embeddable":true,"href":"https:\/\/neofox.pl\/de\/wp-json\/wp\/v2\/product_brand?post=12142"},{"taxonomy":"product_cat","embeddable":true,"href":"https:\/\/neofox.pl\/de\/wp-json\/wp\/v2\/product_cat?post=12142"},{"taxonomy":"product_tag","embeddable":true,"href":"https:\/\/neofox.pl\/de\/wp-json\/wp\/v2\/product_tag?post=12142"}],"curies":[{"name":"wp","href":"https:\/\/api.w.org\/{rel}","templated":true}]}}