{"id":12138,"date":"2024-05-04T06:05:12","date_gmt":"2024-05-04T04:05:12","guid":{"rendered":"https:\/\/neofox.pl\/?post_type=product&#038;p=12138"},"modified":"2024-06-05T17:26:09","modified_gmt":"2024-06-05T15:26:09","slug":"barbie-neon-led","status":"publish","type":"product","link":"https:\/\/neofox.pl\/de\/produkt\/barbie-neon-led\/","title":{"rendered":"&quot;Barbie&quot; Neon-LED"},"content":{"rendered":"<p><strong>\t\t\t<link rel=\"stylesheet\" id=\"elementor-post-2307-css\" href=\"https:\/\/neofox.pl\/wp-content\/uploads\/elementor\/css\/post-2307.css?ver=1775173875\" type=\"text\/css\" media=\"all\">\n\t\t\t\t\t<div data-elementor-type=\"wp-post\" data-elementor-id=\"2307\" class=\"elementor elementor-2307\">\n\t\t\t\t<div class=\"wd-negative-gap elementor-element elementor-element-1afbc31 e-flex e-con-boxed e-con e-parent\" data-id=\"1afbc31\" data-element_type=\"container\" data-e-type=\"container\">\n\t\t\t\t\t<div class=\"e-con-inner\">\n\t\t\t\t<div class=\"elementor-element elementor-element-682fb92 elementor-align-center elementor-widget elementor-widget-button\" data-id=\"682fb92\" data-element_type=\"widget\" data-e-type=\"widget\" data-widget_type=\"button.default\">\n\t\t\t\t<div class=\"elementor-widget-container\">\n\t\t\t\t\t\t\t\t\t<div class=\"elementor-button-wrapper\">\n\t\t\t\t\t<a class=\"elementor-button elementor-button-link elementor-size-md\" href=\"https:\/\/neofox.pl\/de\/wlasny-projekt\/\">\n\t\t\t\t\t\t<span class=\"elementor-button-content-wrapper\">\n\t\t\t\t\t\t\t\t\t<span class=\"elementor-button-text\">PERSONALISIEREN SIE NEON<\/span>\n\t\t\t\t\t<\/span>\n\t\t\t\t\t<\/a>\n\t\t\t\t<\/div>\n\t\t\t\t\t\t\t\t<\/div>\n\t\t\t\t<\/div>\n\t\t\t\t\t<\/div>\n\t\t\t\t<\/div>\n\t\t\t\t<\/div>\n\t\t<\/strong><\/p>\n<p><strong>Neon-LED<\/strong> ist eine einzigartige Neon-LED von h\u00f6chster Qualit\u00e4t, handgefertigt f\u00fcr Beleuchtung und Innendekoration. Wir sind ein gesch\u00e4tzter Hersteller von LED-Neonschildern in Polen und bieten nicht nur funktionale Beleuchtung, sondern auch ein Designerelement, das dem Raum einen einzigartigen Charakter verleiht. Dank fortschrittlicher LED-Technologie sind unsere Neonschilder nicht nur \u00e4sthetisch ansprechend, sondern auch augenfreundlich und energieeffizient.<\/p>\n<p>Jede Neon-LED ist ein fertiges Produkt, das auf Bestellung gefertigt wird. Als erfahrener Hersteller mit langj\u00e4hriger Erfahrung sind wir in der Lage, auch anspruchsvollste Kundenw\u00fcnsche zu erf\u00fcllen. Wenn Sie eine eigene Idee f\u00fcr eine Leuchtreklame haben, kontaktieren Sie uns gerne! <\/p>\n<p>Neon LED Fire ist eines der vielen einzigartigen Projekte unseres Teams. Unsere Neonschilder eignen sich sowohl als dezente Beleuchtung w\u00e4hrend eines Filmabends als auch als Hauptlichtquelle bei einer Party.<\/p>\n<p><strong>FARBE<\/strong><br \/>\nIn unserem Angebot finden Sie eine reiche Farbpalette, wie beispielsweise Kaltwei\u00df, Warmwei\u00df, Neutralwei\u00df, Gelb, Orange, Gold, Rot, Hellrosa, Pink, Dunkelrosa, Lila, Blau, Hellblau, Gr\u00fcn, T\u00fcrkis. <\/p>\n<p><strong>KONTROLLE<\/strong><br \/>\nF\u00fcr Liebhaber moderner L\u00f6sungen bieten wir auch Neonlichter mit Controller an. Dank ihm k\u00f6nnen Sie die Helligkeit des Lichts regulieren und das Neon ein-\/ausschalten, der Controller bietet au\u00dferdem verschiedene Blink- und Pulsmodi, darunter einen Stroboskopeffekt, der eine unvergessliche Atmosph\u00e4re schafft.<\/p>\n<p><strong>MIETEN<\/strong><br \/>\nWenn Sie Neonschilder mieten m\u00f6chten, besuchen Sie unsere Seite \u201eNeonschilder mieten\u201c. Dort finden Sie eine gro\u00dfe Auswahl an Neonschildern, die Sie mieten k\u00f6nnen. Verleihen Sie Ihrem Interieur einen einzigartigen Charakter mit unseren Original-Neon-LEDs, die mit Leidenschaft und Liebe zur h\u00f6chsten Qualit\u00e4t hergestellt werden.<\/p>","protected":false},"excerpt":{"rendered":"<p>Neon Led to wyj\u0105tkowy neonowy LED najwy\u017cszej jako\u015bci, r\u0119cznie wykonane z my\u015bl\u0105 o o\u015bwietlaniu i dekoracji wn\u0119trz. Jeste\u015bmy cenionym producentem<\/p>","protected":false},"featured_media":11062,"comment_status":"open","ping_status":"closed","template":"","meta":[],"product_brand":[],"product_cat":[26,27,22],"product_tag":[],"class_list":{"0":"post-12138","1":"product","2":"type-product","3":"status-publish","4":"has-post-thumbnail","6":"product_cat-do-domu","7":"product_cat-do-pokoju-dziecka","8":"product_cat-wszystkie-produkty","10":"first","11":"instock","12":"taxable","13":"shipping-taxable","14":"purchasable","15":"product-type-simple"},"yoast_head":"<!-- This site is optimized with the Yoast SEO plugin v23.0 - https:\/\/yoast.com\/wordpress\/plugins\/seo\/ -->\n<title>&quot;Barbie&quot; Neon Led - NEOFOX<\/title>\n<meta name=\"robots\" content=\"index, follow, max-snippet:-1, max-image-preview:large, max-video-preview:-1\" \/>\n<link rel=\"canonical\" href=\"https:\/\/neofox.pl\/de\/produkt\/barbie-neon-led\/\" \/>\n<meta property=\"og:locale\" content=\"de_DE\" \/>\n<meta property=\"og:type\" content=\"article\" \/>\n<meta property=\"og:title\" content=\"&quot;Barbie&quot; Neon Led - NEOFOX\" \/>\n<meta property=\"og:description\" content=\"Neon Led to wyj\u0105tkowy neonowy LED najwy\u017cszej jako\u015bci, r\u0119cznie wykonane z my\u015bl\u0105 o o\u015bwietlaniu i dekoracji wn\u0119trz. Jeste\u015bmy cenionym producentem\" \/>\n<meta property=\"og:url\" content=\"https:\/\/neofox.pl\/de\/produkt\/barbie-neon-led\/\" \/>\n<meta property=\"og:site_name\" content=\"NEOFOX\" \/>\n<meta property=\"article:modified_time\" content=\"2024-06-05T15:26:09+00:00\" \/>\n<meta property=\"og:image\" content=\"https:\/\/neofox.pl\/wp-content\/uploads\/2024\/03\/jpeg-optimizer_2B361774-00E8-433C-B73D-8E4C5126429D_1_105_c.jpeg\" \/>\n\t<meta property=\"og:image:width\" content=\"768\" \/>\n\t<meta property=\"og:image:height\" content=\"1024\" \/>\n\t<meta property=\"og:image:type\" content=\"image\/jpeg\" \/>\n<meta name=\"twitter:card\" content=\"summary_large_image\" \/>\n<meta name=\"twitter:label1\" content=\"Gesch\u00e4tzte Lesezeit\" \/>\n\t<meta name=\"twitter:data1\" content=\"1 Minute\" \/>\n<script type=\"application\/ld+json\" class=\"yoast-schema-graph\">{\"@context\":\"https:\/\/schema.org\",\"@graph\":[{\"@type\":\"WebPage\",\"@id\":\"https:\/\/neofox.pl\/produkt\/barbie-neon-led\/\",\"url\":\"https:\/\/neofox.pl\/produkt\/barbie-neon-led\/\",\"name\":\"\\\"Barbie\\\" Neon Led - NEOFOX\",\"isPartOf\":{\"@id\":\"https:\/\/neofox.pl\/#website\"},\"primaryImageOfPage\":{\"@id\":\"https:\/\/neofox.pl\/produkt\/barbie-neon-led\/#primaryimage\"},\"image\":{\"@id\":\"https:\/\/neofox.pl\/produkt\/barbie-neon-led\/#primaryimage\"},\"thumbnailUrl\":\"https:\/\/neofox.pl\/wp-content\/uploads\/2024\/03\/jpeg-optimizer_2B361774-00E8-433C-B73D-8E4C5126429D_1_105_c.jpeg\",\"datePublished\":\"2024-05-04T04:05:12+00:00\",\"dateModified\":\"2024-06-05T15:26:09+00:00\",\"breadcrumb\":{\"@id\":\"https:\/\/neofox.pl\/produkt\/barbie-neon-led\/#breadcrumb\"},\"inLanguage\":\"de-DE\",\"potentialAction\":[{\"@type\":\"ReadAction\",\"target\":[\"https:\/\/neofox.pl\/produkt\/barbie-neon-led\/\"]}]},{\"@type\":\"ImageObject\",\"inLanguage\":\"de-DE\",\"@id\":\"https:\/\/neofox.pl\/produkt\/barbie-neon-led\/#primaryimage\",\"url\":\"https:\/\/neofox.pl\/wp-content\/uploads\/2024\/03\/jpeg-optimizer_2B361774-00E8-433C-B73D-8E4C5126429D_1_105_c.jpeg\",\"contentUrl\":\"https:\/\/neofox.pl\/wp-content\/uploads\/2024\/03\/jpeg-optimizer_2B361774-00E8-433C-B73D-8E4C5126429D_1_105_c.jpeg\",\"width\":768,\"height\":1024},{\"@type\":\"BreadcrumbList\",\"@id\":\"https:\/\/neofox.pl\/produkt\/barbie-neon-led\/#breadcrumb\",\"itemListElement\":[{\"@type\":\"ListItem\",\"position\":1,\"name\":\"\u0413\u043b\u0430\u0432\u043d\u0430\u044f \u0441\u0442\u0440\u0430\u043d\u0438\u0446\u0430\",\"item\":\"https:\/\/neofox.pl\/\"},{\"@type\":\"ListItem\",\"position\":2,\"name\":\"Sklep\",\"item\":\"https:\/\/neofox.pl\/sklep\/\"},{\"@type\":\"ListItem\",\"position\":3,\"name\":\"&#8222;Barbie&#8221; Neon Led\"}]},{\"@type\":\"WebSite\",\"@id\":\"https:\/\/neofox.pl\/#website\",\"url\":\"https:\/\/neofox.pl\/\",\"name\":\"NEOFOX\",\"description\":\"Neony na zam\u00f3wienie\",\"publisher\":{\"@id\":\"https:\/\/neofox.pl\/#organization\"},\"potentialAction\":[{\"@type\":\"SearchAction\",\"target\":{\"@type\":\"EntryPoint\",\"urlTemplate\":\"https:\/\/neofox.pl\/?s={search_term_string}\"},\"query-input\":\"required name=search_term_string\"}],\"inLanguage\":\"de-DE\"},{\"@type\":\"Organization\",\"@id\":\"https:\/\/neofox.pl\/#organization\",\"name\":\"NEOFOX\",\"url\":\"https:\/\/neofox.pl\/\",\"logo\":{\"@type\":\"ImageObject\",\"inLanguage\":\"de-DE\",\"@id\":\"https:\/\/neofox.pl\/#\/schema\/logo\/image\/\",\"url\":\"https:\/\/neofox.pl\/wp-content\/uploads\/2023\/07\/Neofox-faktura-fv.png\",\"contentUrl\":\"https:\/\/neofox.pl\/wp-content\/uploads\/2023\/07\/Neofox-faktura-fv.png\",\"width\":16209,\"height\":5224,\"caption\":\"NEOFOX\"},\"image\":{\"@id\":\"https:\/\/neofox.pl\/#\/schema\/logo\/image\/\"}}]}<\/script>\n<!-- \/ Yoast SEO plugin. -->","yoast_head_json":{"title":"\"Barbie\" Neon Led - NEOFOX","robots":{"index":"index","follow":"follow","max-snippet":"max-snippet:-1","max-image-preview":"max-image-preview:large","max-video-preview":"max-video-preview:-1"},"canonical":"https:\/\/neofox.pl\/de\/produkt\/barbie-neon-led\/","og_locale":"de_DE","og_type":"article","og_title":"\"Barbie\" Neon Led - NEOFOX","og_description":"Neon Led to wyj\u0105tkowy neonowy LED najwy\u017cszej jako\u015bci, r\u0119cznie wykonane z my\u015bl\u0105 o o\u015bwietlaniu i dekoracji wn\u0119trz. Jeste\u015bmy cenionym producentem","og_url":"https:\/\/neofox.pl\/de\/produkt\/barbie-neon-led\/","og_site_name":"NEOFOX","article_modified_time":"2024-06-05T15:26:09+00:00","og_image":[{"width":768,"height":1024,"url":"https:\/\/neofox.pl\/wp-content\/uploads\/2024\/03\/jpeg-optimizer_2B361774-00E8-433C-B73D-8E4C5126429D_1_105_c.jpeg","type":"image\/jpeg"}],"twitter_card":"summary_large_image","twitter_misc":{"Gesch\u00e4tzte Lesezeit":"1 Minute"},"schema":{"@context":"https:\/\/schema.org","@graph":[{"@type":"WebPage","@id":"https:\/\/neofox.pl\/produkt\/barbie-neon-led\/","url":"https:\/\/neofox.pl\/produkt\/barbie-neon-led\/","name":"\"Barbie\" Neon Led - NEOFOX","isPartOf":{"@id":"https:\/\/neofox.pl\/#website"},"primaryImageOfPage":{"@id":"https:\/\/neofox.pl\/produkt\/barbie-neon-led\/#primaryimage"},"image":{"@id":"https:\/\/neofox.pl\/produkt\/barbie-neon-led\/#primaryimage"},"thumbnailUrl":"https:\/\/neofox.pl\/wp-content\/uploads\/2024\/03\/jpeg-optimizer_2B361774-00E8-433C-B73D-8E4C5126429D_1_105_c.jpeg","datePublished":"2024-05-04T04:05:12+00:00","dateModified":"2024-06-05T15:26:09+00:00","breadcrumb":{"@id":"https:\/\/neofox.pl\/produkt\/barbie-neon-led\/#breadcrumb"},"inLanguage":"de-DE","potentialAction":[{"@type":"ReadAction","target":["https:\/\/neofox.pl\/produkt\/barbie-neon-led\/"]}]},{"@type":"ImageObject","inLanguage":"de-DE","@id":"https:\/\/neofox.pl\/produkt\/barbie-neon-led\/#primaryimage","url":"https:\/\/neofox.pl\/wp-content\/uploads\/2024\/03\/jpeg-optimizer_2B361774-00E8-433C-B73D-8E4C5126429D_1_105_c.jpeg","contentUrl":"https:\/\/neofox.pl\/wp-content\/uploads\/2024\/03\/jpeg-optimizer_2B361774-00E8-433C-B73D-8E4C5126429D_1_105_c.jpeg","width":768,"height":1024},{"@type":"BreadcrumbList","@id":"https:\/\/neofox.pl\/produkt\/barbie-neon-led\/#breadcrumb","itemListElement":[{"@type":"ListItem","position":1,"name":"\u0413\u043b\u0430\u0432\u043d\u0430\u044f \u0441\u0442\u0440\u0430\u043d\u0438\u0446\u0430","item":"https:\/\/neofox.pl\/"},{"@type":"ListItem","position":2,"name":"Sklep","item":"https:\/\/neofox.pl\/sklep\/"},{"@type":"ListItem","position":3,"name":"&#8222;Barbie&#8221; Neon Led"}]},{"@type":"WebSite","@id":"https:\/\/neofox.pl\/#website","url":"https:\/\/neofox.pl\/","name":"NEOFOX","description":"Neony na zam\u00f3wienie","publisher":{"@id":"https:\/\/neofox.pl\/#organization"},"potentialAction":[{"@type":"SearchAction","target":{"@type":"EntryPoint","urlTemplate":"https:\/\/neofox.pl\/?s={search_term_string}"},"query-input":"required name=search_term_string"}],"inLanguage":"de-DE"},{"@type":"Organization","@id":"https:\/\/neofox.pl\/#organization","name":"NEOFOX","url":"https:\/\/neofox.pl\/","logo":{"@type":"ImageObject","inLanguage":"de-DE","@id":"https:\/\/neofox.pl\/#\/schema\/logo\/image\/","url":"https:\/\/neofox.pl\/wp-content\/uploads\/2023\/07\/Neofox-faktura-fv.png","contentUrl":"https:\/\/neofox.pl\/wp-content\/uploads\/2023\/07\/Neofox-faktura-fv.png","width":16209,"height":5224,"caption":"NEOFOX"},"image":{"@id":"https:\/\/neofox.pl\/#\/schema\/logo\/image\/"}}]}},"_links":{"self":[{"href":"https:\/\/neofox.pl\/de\/wp-json\/wp\/v2\/product\/12138"}],"collection":[{"href":"https:\/\/neofox.pl\/de\/wp-json\/wp\/v2\/product"}],"about":[{"href":"https:\/\/neofox.pl\/de\/wp-json\/wp\/v2\/types\/product"}],"replies":[{"embeddable":true,"href":"https:\/\/neofox.pl\/de\/wp-json\/wp\/v2\/comments?post=12138"}],"version-history":[{"count":1,"href":"https:\/\/neofox.pl\/de\/wp-json\/wp\/v2\/product\/12138\/revisions"}],"predecessor-version":[{"id":12167,"href":"https:\/\/neofox.pl\/de\/wp-json\/wp\/v2\/product\/12138\/revisions\/12167"}],"wp:featuredmedia":[{"embeddable":true,"href":"https:\/\/neofox.pl\/de\/wp-json\/wp\/v2\/media\/11062"}],"wp:attachment":[{"href":"https:\/\/neofox.pl\/de\/wp-json\/wp\/v2\/media?parent=12138"}],"wp:term":[{"taxonomy":"product_brand","embeddable":true,"href":"https:\/\/neofox.pl\/de\/wp-json\/wp\/v2\/product_brand?post=12138"},{"taxonomy":"product_cat","embeddable":true,"href":"https:\/\/neofox.pl\/de\/wp-json\/wp\/v2\/product_cat?post=12138"},{"taxonomy":"product_tag","embeddable":true,"href":"https:\/\/neofox.pl\/de\/wp-json\/wp\/v2\/product_tag?post=12138"}],"curies":[{"name":"wp","href":"https:\/\/api.w.org\/{rel}","templated":true}]}}