{"id":2625,"date":"2024-02-09T18:20:24","date_gmt":"2024-02-09T17:20:24","guid":{"rendered":"https:\/\/neofox.pl\/?page_id=2625"},"modified":"2025-08-08T14:52:54","modified_gmt":"2025-08-08T12:52:54","slug":"ciecie-frezowanie-cnc","status":"publish","type":"page","link":"https:\/\/neofox.pl\/de\/ciecie-frezowanie-cnc\/","title":{"rendered":"CNC-Schneiden\/Fr\u00e4sen"},"content":{"rendered":"<div data-elementor-type=\"wp-page\" data-elementor-id=\"2625\" class=\"elementor elementor-2625\">\n\t\t\t\t<div class=\"wd-negative-gap elementor-element elementor-element-b913ef1 e-flex e-con-boxed e-con e-parent\" data-id=\"b913ef1\" data-element_type=\"container\" data-e-type=\"container\">\n\t\t\t\t\t<div class=\"e-con-inner\">\n\t\t<div class=\"elementor-element elementor-element-bef387c e-con-full e-flex e-con e-child\" data-id=\"bef387c\" data-element_type=\"container\" data-e-type=\"container\">\n\t\t\t\t<div class=\"elementor-element elementor-element-a393215 wd-width-100 elementor-widget elementor-widget-wd_title\" data-id=\"a393215\" data-element_type=\"widget\" data-e-type=\"widget\" data-widget_type=\"wd_title.default\">\n\t\t\t\t<div class=\"elementor-widget-container\">\n\t\t\t\t\t\t\t<div class=\"title-wrapper set-mb-s reset-last-child wd-title-color-default wd-title-style-default wd-title-size-extra-large text-left\">\n\n\t\t\t\n\t\t\t<div class=\"liner-continer\">\n\t\t\t\t<h1 class=\"woodmart-title-container title wd-fontsize-xxxl\">CNC-Schneiden\/Fr\u00e4sen<\/h1> \n\t\t\t\t\t\t\t<\/div>\n\n\t\t\t\t\t<\/div>\n\t\t\t\t\t\t<\/div>\n\t\t\t\t<\/div>\n\t\t\t\t<div class=\"elementor-element elementor-element-3e7420e elementor-widget elementor-widget-wd_text_block\" data-id=\"3e7420e\" data-element_type=\"widget\" data-e-type=\"widget\" data-widget_type=\"wd_text_block.default\">\n\t\t\t\t<div class=\"elementor-widget-container\">\n\t\t\t\t\t\t\t<div class=\"wd-text-block reset-last-child text-left\">\n\t\t\t\n\t\t\tWir bieten Ihnen den Zuschnitt von Plexiglas und anderen Kunststoffen auf h\u00f6chstem Niveau. Dank unseres modernen Maschinenparks k\u00f6nnen wir Plexiglas, PVC und Dibond individuell auf die Bed\u00fcrfnisse unserer Kunden zuschneiden. Unsere Plexiglasschneidedienste sind ideal f\u00fcr Privatpersonen und Unternehmen, die pr\u00e4zise und \u00e4sthetische L\u00f6sungen ben\u00f6tigen.\n\t\t\t\t\t<\/div>\n\t\t\t\t\t\t<\/div>\n\t\t\t\t<\/div>\n\t\t\t\t<\/div>\n\t\t<div class=\"elementor-element elementor-element-b7727d6 e-con-full e-flex e-con e-child\" data-id=\"b7727d6\" data-element_type=\"container\" data-e-type=\"container\">\n\t\t\t\t<div class=\"elementor-element elementor-element-8b1d104 elementor-widget elementor-widget-wd_text_block\" data-id=\"8b1d104\" data-element_type=\"widget\" data-e-type=\"widget\" data-widget_type=\"wd_text_block.default\">\n\t\t\t\t<div class=\"elementor-widget-container\">\n\t\t\t\t\t\t\t<div class=\"wd-text-block reset-last-child text-left color-title\">\n\t\t\t\n\t\t\t<p>&nbsp;<\/p>\n<p style=\"text-align: left;\"><strong><span style=\"color: #000000;\">Nehmen Sie Kontakt auf, um mehr zu erfahren!<\/span><\/strong><\/p>\n<p style=\"text-align: left;\"><strong>neofox.pl@gmail.com<\/strong>\n<br>\n<strong>+48 730 627 143<\/strong><\/p>\n\t\t\t\t\t<\/div>\n\t\t\t\t\t\t<\/div>\n\t\t\t\t<\/div>\n\t\t\t\t<div class=\"elementor-element elementor-element-1c0fa00 elementor-widget elementor-widget-wd_button\" data-id=\"1c0fa00\" data-element_type=\"widget\" data-e-type=\"widget\" data-widget_type=\"wd_button.default\">\n\t\t\t\t<div class=\"elementor-widget-container\">\n\t\t\t\t\t\t\t<div class=\"wd-button-wrapper text-left\" >\n\t\t\t<a class=\"btn btn-style-default btn-style-round btn-size-default btn-color-primary btn-icon-pos-right\"  href=\"https:\/\/neofox.pl\/de\/kontakt\/\">\n\t\t\t\t<span class=\"wd-btn-text\" data-elementor-setting-key=\"text\">\n\t\t\t\t\tKONTAKTIEREN SIE UNS!\t\t\t\t<\/span>\n\n\t\t\t\t\t\t\t<\/a>\n\t\t<\/div>\n\t\t\t\t\t\t<\/div>\n\t\t\t\t<\/div>\n\t\t\t\t<\/div>\n\t\t\t\t\t<\/div>\n\t\t\t\t<\/div>\n\t\t<div class=\"wd-negative-gap elementor-element elementor-element-70a9570 e-flex e-con-boxed e-con e-parent\" data-id=\"70a9570\" data-element_type=\"container\" data-e-type=\"container\">\n\t\t\t\t\t<div class=\"e-con-inner\">\n\t\t<div class=\"elementor-element elementor-element-8aa6f5f e-con-full e-flex e-con e-child\" data-id=\"8aa6f5f\" data-element_type=\"container\" data-e-type=\"container\">\n\t\t\t\t<div class=\"elementor-element elementor-element-01b2c62 wd-width-100 elementor-widget elementor-widget-wd_images_gallery\" data-id=\"01b2c62\" data-element_type=\"widget\" data-e-type=\"widget\" data-widget_type=\"wd_images_gallery.default\">\n\t\t\t\t<div class=\"elementor-widget-container\">\n\t\t\t\t\t\t\t<div class=\"wd-images-gallery photoswipe-images wd-carousel-container\" style=\"--wd-align-items:center; --wd-justify-content:center;\">\n\t\t\t\t\t\t\t<div class=\"wd-carousel-inner\">\n\t\t\t\t\t\t<div class=\"wd-carousel wd-grid\" style=\"--wd-col-lg:3;--wd-col-md:3;--wd-col-sm:1;--wd-gap-lg:20px;--wd-gap-sm:10px;\">\n\t\t\t\t\t\t\t\t\t<div class=\"wd-carousel-wrap\">\n\t\t\t\t\t\t\t\t\t\t\t\t\t\t\t\t\t\t<div class=\"wd-gallery-item wd-carousel-item\">\n\t\t\t\t\t\t\t\t\t\t\t\t\t<a  href=\"https:\/\/neofox.pl\/wp-content\/uploads\/2024\/06\/IMG_1102.jpg\"data-width=\"1290\" data-height=\"1290\" data-index=\"1\" data-elementor-open-lightbox=\"no\">\n\t\t\t\t\t\t\n\t\t\t\t\t\t<img decoding=\"async\" src=\"https:\/\/neofox.pl\/wp-content\/uploads\/2024\/06\/IMG_1102-500x500.jpg\"alt=\"Screenshot\">\n\t\t\t\t\t\t\t\t\t\t\t\t\t<\/a>\n\t\t\t\t\t\t\t\t\t\t\t<\/div>\n\t\t\t\t\t\t\t\t\t\t\t\t\t\t\t<div class=\"wd-gallery-item wd-carousel-item\">\n\t\t\t\t\t\t\t\t\t\t\t\t\t<a  href=\"https:\/\/neofox.pl\/wp-content\/uploads\/2024\/06\/IMG_1103.jpg\"data-width=\"1290\" data-height=\"1290\" data-index=\"2\" data-elementor-open-lightbox=\"no\">\n\t\t\t\t\t\t\n\t\t\t\t\t\t<img decoding=\"async\" src=\"https:\/\/neofox.pl\/wp-content\/uploads\/2024\/06\/IMG_1103-500x500.jpg\"alt=\"Screenshot\">\n\t\t\t\t\t\t\t\t\t\t\t\t\t<\/a>\n\t\t\t\t\t\t\t\t\t\t\t<\/div>\n\t\t\t\t\t\t\t\t\t\t\t\t\t\t\t<div class=\"wd-gallery-item wd-carousel-item\">\n\t\t\t\t\t\t\t\t\t\t\t\t\t<a  href=\"https:\/\/neofox.pl\/wp-content\/uploads\/2024\/06\/IMG_1104.jpg\"data-width=\"1290\" data-height=\"1290\" data-index=\"3\" data-elementor-open-lightbox=\"no\">\n\t\t\t\t\t\t\n\t\t\t\t\t\t<img decoding=\"async\" src=\"https:\/\/neofox.pl\/wp-content\/uploads\/2024\/06\/IMG_1104-500x500.jpg\"alt=\"Screenshot\">\n\t\t\t\t\t\t\t\t\t\t\t\t\t<\/a>\n\t\t\t\t\t\t\t\t\t\t\t<\/div>\n\t\t\t\t\t\t\t\t\t\t\t\t\t\t\t\t<\/div>\n\t\t\t\t\t\t\t\t<\/div>\n\t\t\t\t\t\t\t\n\t\t\t\t<\/div>\n\n\t\t\t\t\t\t<div class=\"wd-nav-pagin-wrap text-center wd-style-shape wd-hide-lg wd-hide-md-sm\">\n\t\t\t<ul class=\"wd-nav-pagin\"><\/ul>\n\t\t<\/div>\n\t\t\t\t\t\t\t\t\t\t\t<\/div>\n\t\t\t\t\t\t<\/div>\n\t\t\t\t<\/div>\n\t\t\t\t<\/div>\n\t\t\t\t\t<\/div>\n\t\t\t\t<\/div>\n\t\t<div class=\"wd-negative-gap elementor-element elementor-element-9541303 e-flex e-con-boxed e-con e-parent\" data-id=\"9541303\" data-element_type=\"container\" data-e-type=\"container\">\n\t\t\t\t\t<div class=\"e-con-inner\">\n\t\t\t\t<div class=\"elementor-element elementor-element-920e5b3 wd-width-100 elementor-widget elementor-widget-wd_title\" data-id=\"920e5b3\" data-element_type=\"widget\" data-e-type=\"widget\" data-widget_type=\"wd_title.default\">\n\t\t\t\t<div class=\"elementor-widget-container\">\n\t\t\t\t\t\t\t<div class=\"title-wrapper set-mb-s reset-last-child wd-title-color-default wd-title-style-default wd-title-size-extra-large text-left\">\n\n\t\t\t\n\t\t\t<div class=\"liner-continer\">\n\t\t\t\t<h2 class=\"woodmart-title-container title wd-fontsize-xxxl\">Professionelle CNC-Holzbearbeitung \u2013 Die beste Wahl f\u00fcr Ihr Projekt<\/h2> \n\t\t\t\t\t\t\t<\/div>\n\n\t\t\t\t\t<\/div>\n\t\t\t\t\t\t<\/div>\n\t\t\t\t<\/div>\n\t\t\t\t<div class=\"elementor-element elementor-element-0a7f6fd elementor-widget elementor-widget-wd_text_block\" data-id=\"0a7f6fd\" data-element_type=\"widget\" data-e-type=\"widget\" data-widget_type=\"wd_text_block.default\">\n\t\t\t\t<div class=\"elementor-widget-container\">\n\t\t\t\t\t\t\t<div class=\"wd-text-block reset-last-child text-left\">\n\t\t\t\n\t\t\tWenn Sie Holz auf einem CNC-Plotter bearbeiten m\u00fcssen, sind wir die perfekte Wahl. Unser Team ist auf die Holzbearbeitung spezialisiert. Unsere Dienstleistungen sind zu wettbewerbsf\u00e4higen Preisen erh\u00e4ltlich, die Kosten werden individuell und je nach Projektspezifika festgelegt.\n<\/br><\/br>\nKontaktieren Sie uns, um mehr \u00fcber unsere Dienstleistungen zu erfahren und ein individuelles Angebot zu erhalten. Wir sind bereit, Ihre Erwartungen zu erf\u00fcllen und die h\u00f6chste Ausf\u00fchrungsqualit\u00e4t jedes Projekts sicherzustellen.\n<\/br><\/br>\n<strong>Leistungen:<\/strong>\n<\/br><\/br>\n<ul>\n \t<li>CNC-Fr\u00e4sen<\/li>\n \t<li>CNC-Schneiden<\/li>\n \t<li>CNC-Gravur<\/li>\n<\/ul>\n\n<strong>Sofort verf\u00fcgbare Materialien:<\/strong>\n<\/br><\/br>\n<ul>\n \t<li>Plexi<\/li>\n \t<li>PVC<\/li>\n \t<li>Dibond (Verbundwerkstoff)<\/li>\n<li>Polycarbonat<\/li>\n \t<li>Sperrholz<\/li>\n \t<li>Styropor<\/li>\n<\/ul>\n\n\t\t\t\t\t<\/div>\n\t\t\t\t\t\t<\/div>\n\t\t\t\t<\/div>\n\t\t\t\t\t<\/div>\n\t\t\t\t<\/div>\n\t\t<div class=\"wd-negative-gap elementor-element elementor-element-fda040c e-flex e-con-boxed e-con e-parent\" data-id=\"fda040c\" data-element_type=\"container\" data-e-type=\"container\">\n\t\t\t\t\t<div class=\"e-con-inner\">\n\t\t<div class=\"elementor-element elementor-element-f5f8109 e-con-full e-flex e-con e-child\" data-id=\"f5f8109\" data-element_type=\"container\" data-e-type=\"container\">\n\t\t\t\t<div class=\"elementor-element elementor-element-caf6576 wd-width-100 elementor-widget elementor-widget-wd_images_gallery\" data-id=\"caf6576\" data-element_type=\"widget\" data-e-type=\"widget\" data-widget_type=\"wd_images_gallery.default\">\n\t\t\t\t<div class=\"elementor-widget-container\">\n\t\t\t\t\t\t\t<div class=\"wd-images-gallery photoswipe-images wd-carousel-container\" style=\"--wd-align-items:center; --wd-justify-content:center;\">\n\t\t\t\t\t\t\t<div class=\"wd-carousel-inner\">\n\t\t\t\t\t\t<div class=\"wd-carousel wd-grid\" style=\"--wd-col-lg:3;--wd-col-md:3;--wd-col-sm:1;--wd-gap-lg:20px;--wd-gap-sm:10px;\">\n\t\t\t\t\t\t\t\t\t<div class=\"wd-carousel-wrap\">\n\t\t\t\t\t\t\t\t\t\t\t\t\t\t\t\t\t\t<div class=\"wd-gallery-item wd-carousel-item\">\n\t\t\t\t\t\t\t\t\t\t\t\t\t<a  href=\"https:\/\/neofox.pl\/wp-content\/uploads\/2024\/06\/IMG_1098.jpg\"data-width=\"1290\" data-height=\"1290\" data-index=\"1\" data-elementor-open-lightbox=\"no\">\n\t\t\t\t\t\t\n\t\t\t\t\t\t<img decoding=\"async\" src=\"https:\/\/neofox.pl\/wp-content\/uploads\/2024\/06\/IMG_1098-500x500.jpg\"alt=\"Screenshot\">\n\t\t\t\t\t\t\t\t\t\t\t\t\t<\/a>\n\t\t\t\t\t\t\t\t\t\t\t<\/div>\n\t\t\t\t\t\t\t\t\t\t\t\t\t\t\t<div class=\"wd-gallery-item wd-carousel-item\">\n\t\t\t\t\t\t\t\t\t\t\t\t\t<a  href=\"https:\/\/neofox.pl\/wp-content\/uploads\/2024\/06\/IMG_1100.jpg\"data-width=\"1290\" data-height=\"1290\" data-index=\"2\" data-elementor-open-lightbox=\"no\">\n\t\t\t\t\t\t\n\t\t\t\t\t\t<img decoding=\"async\" src=\"https:\/\/neofox.pl\/wp-content\/uploads\/2024\/06\/IMG_1100-500x500.jpg\"alt=\"Screenshot\">\n\t\t\t\t\t\t\t\t\t\t\t\t\t<\/a>\n\t\t\t\t\t\t\t\t\t\t\t<\/div>\n\t\t\t\t\t\t\t\t\t\t\t\t\t\t\t<div class=\"wd-gallery-item wd-carousel-item\">\n\t\t\t\t\t\t\t\t\t\t\t\t\t<a  href=\"https:\/\/neofox.pl\/wp-content\/uploads\/2024\/06\/IMG_1101.jpg\"data-width=\"1290\" data-height=\"1290\" data-index=\"3\" data-elementor-open-lightbox=\"no\">\n\t\t\t\t\t\t\n\t\t\t\t\t\t<img decoding=\"async\" src=\"https:\/\/neofox.pl\/wp-content\/uploads\/2024\/06\/IMG_1101-500x500.jpg\"alt=\"Screenshot\">\n\t\t\t\t\t\t\t\t\t\t\t\t\t<\/a>\n\t\t\t\t\t\t\t\t\t\t\t<\/div>\n\t\t\t\t\t\t\t\t\t\t\t\t\t\t\t\t<\/div>\n\t\t\t\t\t\t\t\t<\/div>\n\t\t\t\t\t\t\t\n\t\t\t\t<\/div>\n\n\t\t\t\t\t\t<div class=\"wd-nav-pagin-wrap text-center wd-style-shape wd-hide-lg wd-hide-md-sm\">\n\t\t\t<ul class=\"wd-nav-pagin\"><\/ul>\n\t\t<\/div>\n\t\t\t\t\t\t\t\t\t\t\t<\/div>\n\t\t\t\t\t\t<\/div>\n\t\t\t\t<\/div>\n\t\t\t\t<\/div>\n\t\t\t\t\t<\/div>\n\t\t\t\t<\/div>\n\t\t<div class=\"wd-negative-gap elementor-element elementor-element-f87ea8f e-flex e-con-boxed e-con e-parent\" data-id=\"f87ea8f\" data-element_type=\"container\" data-e-type=\"container\">\n\t\t\t\t\t<div class=\"e-con-inner\">\n\t\t\t\t<div class=\"elementor-element elementor-element-a05bcd3 elementor-widget elementor-widget-wd_text_block\" data-id=\"a05bcd3\" data-element_type=\"widget\" data-e-type=\"widget\" data-widget_type=\"wd_text_block.default\">\n\t\t\t\t<div class=\"elementor-widget-container\">\n\t\t\t\t\t\t\t<div class=\"wd-text-block reset-last-child text-center\">\n\t\t\t\n\t\t\t<p><strong>Kontaktieren Sie uns, um mehr zu erfahren!<\/strong><span style=\"font-size: 20px; text-align: var(--text-align); background-color: var(--wd-main-bgcolor); color: var(--wd-text-color);\"><\/span><\/p>\n\t\t\t\t\t<\/div>\n\t\t\t\t\t\t<\/div>\n\t\t\t\t<\/div>\n\t\t\t\t<div class=\"elementor-element elementor-element-554a123 elementor-widget elementor-widget-wd_button\" data-id=\"554a123\" data-element_type=\"widget\" data-e-type=\"widget\" data-widget_type=\"wd_button.default\">\n\t\t\t\t<div class=\"elementor-widget-container\">\n\t\t\t\t\t\t\t<div class=\"wd-button-wrapper text-center\" >\n\t\t\t<a class=\"btn btn-style-default btn-style-round btn-size-default btn-color-primary btn-icon-pos-right\"  href=\"https:\/\/neofox.pl\/de\/kontakt\/\">\n\t\t\t\t<span class=\"wd-btn-text\" data-elementor-setting-key=\"text\">\n\t\t\t\t\tKONTAKTIEREN SIE UNS!\t\t\t\t<\/span>\n\n\t\t\t\t\t\t\t<\/a>\n\t\t<\/div>\n\t\t\t\t\t\t<\/div>\n\t\t\t\t<\/div>\n\t\t\t\t\t<\/div>\n\t\t\t\t<\/div>\n\t\t\t\t<\/div>","protected":false},"excerpt":{"rendered":"<p>Ci\u0119cie\/Frezowanie CNC\u200b Oferujemy wyci\u0119cie plexi i innych tworzyw sztucznych na najwy\u017cszym poziomie. Dzi\u0119ki naszym nowoczesnym maszynom mo\u017cemy realizowa\u0107 ci\u0119cie plexi<\/p>","protected":false},"author":1,"featured_media":0,"parent":0,"menu_order":0,"comment_status":"closed","ping_status":"closed","template":"","meta":{"footnotes":""},"class_list":["post-2625","page","type-page","status-publish","hentry"],"yoast_head":"<!-- This site is optimized with the Yoast SEO plugin v23.0 - https:\/\/yoast.com\/wordpress\/plugins\/seo\/ -->\n<title>Ci\u0119cie\/Frezowanie CNC - NEOFOX<\/title>\n<meta name=\"description\" content=\"Us\u0142ugi ci\u0119cia i frezowania CNC firmy Neofox \u2013 precyzyjna obr\u00f3bka materia\u0142\u00f3w wed\u0142ug Pa\u0144stwa wymaga\u0144. Gwarantujemy jako\u015b\u0107 i wysok\u0105 dok\u0142adno\u015b\u0107.\" \/>\n<meta name=\"robots\" content=\"index, follow, max-snippet:-1, max-image-preview:large, max-video-preview:-1\" \/>\n<link rel=\"canonical\" href=\"https:\/\/neofox.pl\/de\/ciecie-frezowanie-cnc\/\" \/>\n<meta property=\"og:locale\" content=\"de_DE\" \/>\n<meta property=\"og:type\" content=\"article\" \/>\n<meta property=\"og:title\" content=\"Ci\u0119cie\/Frezowanie CNC - NEOFOX\" \/>\n<meta property=\"og:description\" content=\"Us\u0142ugi ci\u0119cia i frezowania CNC firmy Neofox \u2013 precyzyjna obr\u00f3bka materia\u0142\u00f3w wed\u0142ug Pa\u0144stwa wymaga\u0144. Gwarantujemy jako\u015b\u0107 i wysok\u0105 dok\u0142adno\u015b\u0107.\" \/>\n<meta property=\"og:url\" content=\"https:\/\/neofox.pl\/de\/ciecie-frezowanie-cnc\/\" \/>\n<meta property=\"og:site_name\" content=\"NEOFOX\" \/>\n<meta property=\"article:modified_time\" content=\"2025-08-08T12:52:54+00:00\" \/>\n<meta property=\"og:image\" content=\"https:\/\/neofox.pl\/wp-content\/uploads\/2024\/06\/IMG_1102-500x500.jpg\" \/>\n<meta name=\"twitter:card\" content=\"summary_large_image\" \/>\n<meta name=\"twitter:label1\" content=\"Gesch\u00e4tzte Lesezeit\" \/>\n\t<meta name=\"twitter:data1\" content=\"3 Minuten\" \/>\n<script type=\"application\/ld+json\" class=\"yoast-schema-graph\">{\"@context\":\"https:\/\/schema.org\",\"@graph\":[{\"@type\":\"WebPage\",\"@id\":\"https:\/\/neofox.pl\/ciecie-frezowanie-cnc\/\",\"url\":\"https:\/\/neofox.pl\/ciecie-frezowanie-cnc\/\",\"name\":\"Ci\u0119cie\/Frezowanie CNC - NEOFOX\",\"isPartOf\":{\"@id\":\"https:\/\/neofox.pl\/#website\"},\"primaryImageOfPage\":{\"@id\":\"https:\/\/neofox.pl\/ciecie-frezowanie-cnc\/#primaryimage\"},\"image\":{\"@id\":\"https:\/\/neofox.pl\/ciecie-frezowanie-cnc\/#primaryimage\"},\"thumbnailUrl\":\"https:\/\/neofox.pl\/wp-content\/uploads\/2024\/06\/IMG_1102-500x500.jpg\",\"datePublished\":\"2024-02-09T17:20:24+00:00\",\"dateModified\":\"2025-08-08T12:52:54+00:00\",\"description\":\"Us\u0142ugi ci\u0119cia i frezowania CNC firmy Neofox \u2013 precyzyjna obr\u00f3bka materia\u0142\u00f3w wed\u0142ug Pa\u0144stwa wymaga\u0144. Gwarantujemy jako\u015b\u0107 i wysok\u0105 dok\u0142adno\u015b\u0107.\",\"breadcrumb\":{\"@id\":\"https:\/\/neofox.pl\/ciecie-frezowanie-cnc\/#breadcrumb\"},\"inLanguage\":\"de-DE\",\"potentialAction\":[{\"@type\":\"ReadAction\",\"target\":[\"https:\/\/neofox.pl\/ciecie-frezowanie-cnc\/\"]}]},{\"@type\":\"ImageObject\",\"inLanguage\":\"de-DE\",\"@id\":\"https:\/\/neofox.pl\/ciecie-frezowanie-cnc\/#primaryimage\",\"url\":\"https:\/\/neofox.pl\/wp-content\/uploads\/2024\/06\/IMG_1102-500x500.jpg\",\"contentUrl\":\"https:\/\/neofox.pl\/wp-content\/uploads\/2024\/06\/IMG_1102-500x500.jpg\"},{\"@type\":\"BreadcrumbList\",\"@id\":\"https:\/\/neofox.pl\/ciecie-frezowanie-cnc\/#breadcrumb\",\"itemListElement\":[{\"@type\":\"ListItem\",\"position\":1,\"name\":\"\u0413\u043b\u0430\u0432\u043d\u0430\u044f \u0441\u0442\u0440\u0430\u043d\u0438\u0446\u0430\",\"item\":\"https:\/\/neofox.pl\/\"},{\"@type\":\"ListItem\",\"position\":2,\"name\":\"Ci\u0119cie\/Frezowanie CNC\"}]},{\"@type\":\"WebSite\",\"@id\":\"https:\/\/neofox.pl\/#website\",\"url\":\"https:\/\/neofox.pl\/\",\"name\":\"NEOFOX\",\"description\":\"Neony na zam\u00f3wienie\",\"publisher\":{\"@id\":\"https:\/\/neofox.pl\/#organization\"},\"potentialAction\":[{\"@type\":\"SearchAction\",\"target\":{\"@type\":\"EntryPoint\",\"urlTemplate\":\"https:\/\/neofox.pl\/?s={search_term_string}\"},\"query-input\":\"required name=search_term_string\"}],\"inLanguage\":\"de-DE\"},{\"@type\":\"Organization\",\"@id\":\"https:\/\/neofox.pl\/#organization\",\"name\":\"NEOFOX\",\"url\":\"https:\/\/neofox.pl\/\",\"logo\":{\"@type\":\"ImageObject\",\"inLanguage\":\"de-DE\",\"@id\":\"https:\/\/neofox.pl\/#\/schema\/logo\/image\/\",\"url\":\"https:\/\/neofox.pl\/wp-content\/uploads\/2023\/07\/Neofox-faktura-fv.png\",\"contentUrl\":\"https:\/\/neofox.pl\/wp-content\/uploads\/2023\/07\/Neofox-faktura-fv.png\",\"width\":16209,\"height\":5224,\"caption\":\"NEOFOX\"},\"image\":{\"@id\":\"https:\/\/neofox.pl\/#\/schema\/logo\/image\/\"}}]}<\/script>\n<!-- \/ Yoast SEO plugin. -->","yoast_head_json":{"title":"Ci\u0119cie\/Frezowanie CNC - NEOFOX","description":"Us\u0142ugi ci\u0119cia i frezowania CNC firmy Neofox \u2013 precyzyjna obr\u00f3bka materia\u0142\u00f3w wed\u0142ug Pa\u0144stwa wymaga\u0144. Gwarantujemy jako\u015b\u0107 i wysok\u0105 dok\u0142adno\u015b\u0107.","robots":{"index":"index","follow":"follow","max-snippet":"max-snippet:-1","max-image-preview":"max-image-preview:large","max-video-preview":"max-video-preview:-1"},"canonical":"https:\/\/neofox.pl\/de\/ciecie-frezowanie-cnc\/","og_locale":"de_DE","og_type":"article","og_title":"Ci\u0119cie\/Frezowanie CNC - NEOFOX","og_description":"Us\u0142ugi ci\u0119cia i frezowania CNC firmy Neofox \u2013 precyzyjna obr\u00f3bka materia\u0142\u00f3w wed\u0142ug Pa\u0144stwa wymaga\u0144. Gwarantujemy jako\u015b\u0107 i wysok\u0105 dok\u0142adno\u015b\u0107.","og_url":"https:\/\/neofox.pl\/de\/ciecie-frezowanie-cnc\/","og_site_name":"NEOFOX","article_modified_time":"2025-08-08T12:52:54+00:00","og_image":[{"url":"https:\/\/neofox.pl\/wp-content\/uploads\/2024\/06\/IMG_1102-500x500.jpg"}],"twitter_card":"summary_large_image","twitter_misc":{"Gesch\u00e4tzte Lesezeit":"3 Minuten"},"schema":{"@context":"https:\/\/schema.org","@graph":[{"@type":"WebPage","@id":"https:\/\/neofox.pl\/ciecie-frezowanie-cnc\/","url":"https:\/\/neofox.pl\/ciecie-frezowanie-cnc\/","name":"Ci\u0119cie\/Frezowanie CNC - NEOFOX","isPartOf":{"@id":"https:\/\/neofox.pl\/#website"},"primaryImageOfPage":{"@id":"https:\/\/neofox.pl\/ciecie-frezowanie-cnc\/#primaryimage"},"image":{"@id":"https:\/\/neofox.pl\/ciecie-frezowanie-cnc\/#primaryimage"},"thumbnailUrl":"https:\/\/neofox.pl\/wp-content\/uploads\/2024\/06\/IMG_1102-500x500.jpg","datePublished":"2024-02-09T17:20:24+00:00","dateModified":"2025-08-08T12:52:54+00:00","description":"Us\u0142ugi ci\u0119cia i frezowania CNC firmy Neofox \u2013 precyzyjna obr\u00f3bka materia\u0142\u00f3w wed\u0142ug Pa\u0144stwa wymaga\u0144. Gwarantujemy jako\u015b\u0107 i wysok\u0105 dok\u0142adno\u015b\u0107.","breadcrumb":{"@id":"https:\/\/neofox.pl\/ciecie-frezowanie-cnc\/#breadcrumb"},"inLanguage":"de-DE","potentialAction":[{"@type":"ReadAction","target":["https:\/\/neofox.pl\/ciecie-frezowanie-cnc\/"]}]},{"@type":"ImageObject","inLanguage":"de-DE","@id":"https:\/\/neofox.pl\/ciecie-frezowanie-cnc\/#primaryimage","url":"https:\/\/neofox.pl\/wp-content\/uploads\/2024\/06\/IMG_1102-500x500.jpg","contentUrl":"https:\/\/neofox.pl\/wp-content\/uploads\/2024\/06\/IMG_1102-500x500.jpg"},{"@type":"BreadcrumbList","@id":"https:\/\/neofox.pl\/ciecie-frezowanie-cnc\/#breadcrumb","itemListElement":[{"@type":"ListItem","position":1,"name":"\u0413\u043b\u0430\u0432\u043d\u0430\u044f \u0441\u0442\u0440\u0430\u043d\u0438\u0446\u0430","item":"https:\/\/neofox.pl\/"},{"@type":"ListItem","position":2,"name":"Ci\u0119cie\/Frezowanie CNC"}]},{"@type":"WebSite","@id":"https:\/\/neofox.pl\/#website","url":"https:\/\/neofox.pl\/","name":"NEOFOX","description":"Neony na zam\u00f3wienie","publisher":{"@id":"https:\/\/neofox.pl\/#organization"},"potentialAction":[{"@type":"SearchAction","target":{"@type":"EntryPoint","urlTemplate":"https:\/\/neofox.pl\/?s={search_term_string}"},"query-input":"required name=search_term_string"}],"inLanguage":"de-DE"},{"@type":"Organization","@id":"https:\/\/neofox.pl\/#organization","name":"NEOFOX","url":"https:\/\/neofox.pl\/","logo":{"@type":"ImageObject","inLanguage":"de-DE","@id":"https:\/\/neofox.pl\/#\/schema\/logo\/image\/","url":"https:\/\/neofox.pl\/wp-content\/uploads\/2023\/07\/Neofox-faktura-fv.png","contentUrl":"https:\/\/neofox.pl\/wp-content\/uploads\/2023\/07\/Neofox-faktura-fv.png","width":16209,"height":5224,"caption":"NEOFOX"},"image":{"@id":"https:\/\/neofox.pl\/#\/schema\/logo\/image\/"}}]}},"_links":{"self":[{"href":"https:\/\/neofox.pl\/de\/wp-json\/wp\/v2\/pages\/2625"}],"collection":[{"href":"https:\/\/neofox.pl\/de\/wp-json\/wp\/v2\/pages"}],"about":[{"href":"https:\/\/neofox.pl\/de\/wp-json\/wp\/v2\/types\/page"}],"author":[{"embeddable":true,"href":"https:\/\/neofox.pl\/de\/wp-json\/wp\/v2\/users\/1"}],"replies":[{"embeddable":true,"href":"https:\/\/neofox.pl\/de\/wp-json\/wp\/v2\/comments?post=2625"}],"version-history":[{"count":26,"href":"https:\/\/neofox.pl\/de\/wp-json\/wp\/v2\/pages\/2625\/revisions"}],"predecessor-version":[{"id":13602,"href":"https:\/\/neofox.pl\/de\/wp-json\/wp\/v2\/pages\/2625\/revisions\/13602"}],"wp:attachment":[{"href":"https:\/\/neofox.pl\/de\/wp-json\/wp\/v2\/media?parent=2625"}],"curies":[{"name":"wp","href":"https:\/\/api.w.org\/{rel}","templated":true}]}}