{"id":1620,"date":"2023-11-25T00:56:01","date_gmt":"2023-11-24T23:56:01","guid":{"rendered":"https:\/\/neofox.pl\/?page_id=1620"},"modified":"2025-03-17T12:49:22","modified_gmt":"2025-03-17T11:49:22","slug":"polityka-plikow-cookies","status":"publish","type":"page","link":"https:\/\/neofox.pl\/de\/polityka-plikow-cookies\/","title":{"rendered":"Cookie-Richtlinie"},"content":{"rendered":"<div data-elementor-type=\"wp-page\" data-elementor-id=\"1620\" class=\"elementor elementor-1620\">\n\t\t\t\t<div class=\"wd-negative-gap elementor-element elementor-element-d60c78a e-flex e-con-boxed e-con e-parent\" data-id=\"d60c78a\" data-element_type=\"container\" data-e-type=\"container\">\n\t\t\t\t\t<div class=\"e-con-inner\">\n\t\t\t\t<div class=\"elementor-element elementor-element-f44172e elementor-widget elementor-widget-heading\" data-id=\"f44172e\" data-element_type=\"widget\" data-e-type=\"widget\" data-widget_type=\"heading.default\">\n\t\t\t\t<div class=\"elementor-widget-container\">\n\t\t\t\t\t<h1 class=\"elementor-heading-title elementor-size-default\">Cookie-Richtlinie<\/h1>\t\t\t\t<\/div>\n\t\t\t\t<\/div>\n\t\t\t\t<div class=\"elementor-element elementor-element-3622aa4 color-scheme-inherit text-left elementor-widget elementor-widget-text-editor\" data-id=\"3622aa4\" data-element_type=\"widget\" data-e-type=\"widget\" data-widget_type=\"text-editor.default\">\n\t\t\t\t<div class=\"elementor-widget-container\">\n\t\t\t\t\t\t\t\t\t<p>Diese Cookie-Richtlinie erl\u00e4utert, welche Cookies wir auf unserer Website verwenden und wie sie verwendet werden.<\/p><p>Was sind Cookies?<\/p><p>Cookies sind kleine Textdateien, die auf Ihrem Computer oder Mobilger\u00e4t gespeichert werden, wenn Sie unsere Website besuchen. Mithilfe dieser Dateien k\u00f6nnen wir Ihr Ger\u00e4t erkennen und unsere Website an Ihre Pr\u00e4ferenzen anpassen.<\/p><p>Welche Cookies verwenden wir?<\/p><p>\u2013 Unbedingt erforderliche Cookies: Diese Cookies sind f\u00fcr die Funktion unserer Website unbedingt erforderlich. Ohne sie funktionieren einige Funktionen m\u00f6glicherweise nicht richtig.<\/p><p>\u2013 Analytische Cookies: Wir verwenden analytische Cookies, um die Nutzung unserer Website zu verfolgen und anonyme Statistiken zu sammeln, die uns helfen zu verstehen, wie unsere Benutzer unsere Website nutzen und wie wir sie verbessern k\u00f6nnen.<\/p><p>\u2013 Funktionale Cookies: Diese Cookies erm\u00f6glichen es uns, Ihre Auswahl (wie Sprache oder Region) zu speichern und personalisiertere Funktionen bereitzustellen.<\/p><p>\u2013 Werbe-Cookies: Wir verwenden Cookies, um Ihnen Werbung anzuzeigen, die f\u00fcr Ihre Interessen relevant ist, und um die Wirksamkeit unserer Werbekampagnen zu messen.<\/p><p>Wie verwaltet man Cookies?<\/p><p>Sie k\u00f6nnen Cookies \u00fcber die Einstellungen Ihres Webbrowsers verwalten. In den meisten Browsern k\u00f6nnen Sie Cookies akzeptieren, blockieren oder l\u00f6schen. Beachten Sie jedoch, dass das Blockieren von Cookies einige Funktionen unserer Website beeintr\u00e4chtigen kann.<\/p><p>Weitere Informationen<\/p><p>Wenn Sie weitere Fragen zu unserer Cookie-Richtlinie haben, kontaktieren Sie uns bitte unter [E-Mail-Adresse] oder verwenden Sie das auf unserer Website verf\u00fcgbare Kontaktformular.<\/p><p>Richtlinienaktualisierungen<\/p><p>Diese Cookie-Richtlinie kann von Zeit zu Zeit aktualisiert werden, um \u00c4nderungen unserer Praktiken oder beh\u00f6rdlichen Anforderungen Rechnung zu tragen. Bitte \u00fcberpr\u00fcfen Sie diese Seite regelm\u00e4\u00dfig, um sicherzustellen, dass Sie mit den neuesten Richtlinien vertraut sind.<\/p><p>Letzte Aktualisierung: 10.03.2024<\/p>\t\t\t\t\t\t\t\t<\/div>\n\t\t\t\t<\/div>\n\t\t\t\t\t<\/div>\n\t\t\t\t<\/div>\n\t\t\t\t<\/div>","protected":false},"excerpt":{"rendered":"<p>Polityka plik\u00f3w cookie Niniejsza Polityka Plik\u00f3w Cookie wyja\u015bnia, jakie pliki cookie stosujemy na naszej stronie internetowej oraz w jaki spos\u00f3b<\/p>","protected":false},"author":1,"featured_media":0,"parent":0,"menu_order":0,"comment_status":"closed","ping_status":"closed","template":"","meta":{"footnotes":""},"class_list":["post-1620","page","type-page","status-publish","hentry"],"yoast_head":"<!-- This site is optimized with the Yoast SEO plugin v23.0 - https:\/\/yoast.com\/wordpress\/plugins\/seo\/ -->\n<title>Polityka plik\u00f3w cookies - NEOFOX<\/title>\n<meta name=\"description\" content=\"Przeczytaj polityk\u0119 plik\u00f3w cookie na stronie internetowej Neofox. Zapewniamy poufno\u015b\u0107 i ochron\u0119 Twoich danych podczas korzystania z naszej witryny.\" \/>\n<meta name=\"robots\" content=\"index, follow, max-snippet:-1, max-image-preview:large, max-video-preview:-1\" \/>\n<link rel=\"canonical\" href=\"https:\/\/neofox.pl\/de\/polityka-plikow-cookies\/\" \/>\n<meta property=\"og:locale\" content=\"de_DE\" \/>\n<meta property=\"og:type\" content=\"article\" \/>\n<meta property=\"og:title\" content=\"Polityka plik\u00f3w cookies - NEOFOX\" \/>\n<meta property=\"og:description\" content=\"Przeczytaj polityk\u0119 plik\u00f3w cookie na stronie internetowej Neofox. Zapewniamy poufno\u015b\u0107 i ochron\u0119 Twoich danych podczas korzystania z naszej witryny.\" \/>\n<meta property=\"og:url\" content=\"https:\/\/neofox.pl\/de\/polityka-plikow-cookies\/\" \/>\n<meta property=\"og:site_name\" content=\"NEOFOX\" \/>\n<meta property=\"article:modified_time\" content=\"2025-03-17T11:49:22+00:00\" \/>\n<meta name=\"twitter:card\" content=\"summary_large_image\" \/>\n<meta name=\"twitter:label1\" content=\"Gesch\u00e4tzte Lesezeit\" \/>\n\t<meta name=\"twitter:data1\" content=\"2 Minuten\" \/>\n<script type=\"application\/ld+json\" class=\"yoast-schema-graph\">{\"@context\":\"https:\/\/schema.org\",\"@graph\":[{\"@type\":\"WebPage\",\"@id\":\"https:\/\/neofox.pl\/polityka-plikow-cookies\/\",\"url\":\"https:\/\/neofox.pl\/polityka-plikow-cookies\/\",\"name\":\"Polityka plik\u00f3w cookies - NEOFOX\",\"isPartOf\":{\"@id\":\"https:\/\/neofox.pl\/#website\"},\"datePublished\":\"2023-11-24T23:56:01+00:00\",\"dateModified\":\"2025-03-17T11:49:22+00:00\",\"description\":\"Przeczytaj polityk\u0119 plik\u00f3w cookie na stronie internetowej Neofox. Zapewniamy poufno\u015b\u0107 i ochron\u0119 Twoich danych podczas korzystania z naszej witryny.\",\"breadcrumb\":{\"@id\":\"https:\/\/neofox.pl\/polityka-plikow-cookies\/#breadcrumb\"},\"inLanguage\":\"de-DE\",\"potentialAction\":[{\"@type\":\"ReadAction\",\"target\":[\"https:\/\/neofox.pl\/polityka-plikow-cookies\/\"]}]},{\"@type\":\"BreadcrumbList\",\"@id\":\"https:\/\/neofox.pl\/polityka-plikow-cookies\/#breadcrumb\",\"itemListElement\":[{\"@type\":\"ListItem\",\"position\":1,\"name\":\"\u0413\u043b\u0430\u0432\u043d\u0430\u044f \u0441\u0442\u0440\u0430\u043d\u0438\u0446\u0430\",\"item\":\"https:\/\/neofox.pl\/\"},{\"@type\":\"ListItem\",\"position\":2,\"name\":\"Polityka plik\u00f3w cookies\"}]},{\"@type\":\"WebSite\",\"@id\":\"https:\/\/neofox.pl\/#website\",\"url\":\"https:\/\/neofox.pl\/\",\"name\":\"NEOFOX\",\"description\":\"Neony na zam\u00f3wienie\",\"publisher\":{\"@id\":\"https:\/\/neofox.pl\/#organization\"},\"potentialAction\":[{\"@type\":\"SearchAction\",\"target\":{\"@type\":\"EntryPoint\",\"urlTemplate\":\"https:\/\/neofox.pl\/?s={search_term_string}\"},\"query-input\":\"required name=search_term_string\"}],\"inLanguage\":\"de-DE\"},{\"@type\":\"Organization\",\"@id\":\"https:\/\/neofox.pl\/#organization\",\"name\":\"NEOFOX\",\"url\":\"https:\/\/neofox.pl\/\",\"logo\":{\"@type\":\"ImageObject\",\"inLanguage\":\"de-DE\",\"@id\":\"https:\/\/neofox.pl\/#\/schema\/logo\/image\/\",\"url\":\"https:\/\/neofox.pl\/wp-content\/uploads\/2023\/07\/Neofox-faktura-fv.png\",\"contentUrl\":\"https:\/\/neofox.pl\/wp-content\/uploads\/2023\/07\/Neofox-faktura-fv.png\",\"width\":16209,\"height\":5224,\"caption\":\"NEOFOX\"},\"image\":{\"@id\":\"https:\/\/neofox.pl\/#\/schema\/logo\/image\/\"}}]}<\/script>\n<!-- \/ Yoast SEO plugin. -->","yoast_head_json":{"title":"Polityka plik\u00f3w cookies - NEOFOX","description":"Przeczytaj polityk\u0119 plik\u00f3w cookie na stronie internetowej Neofox. Zapewniamy poufno\u015b\u0107 i ochron\u0119 Twoich danych podczas korzystania z naszej witryny.","robots":{"index":"index","follow":"follow","max-snippet":"max-snippet:-1","max-image-preview":"max-image-preview:large","max-video-preview":"max-video-preview:-1"},"canonical":"https:\/\/neofox.pl\/de\/polityka-plikow-cookies\/","og_locale":"de_DE","og_type":"article","og_title":"Polityka plik\u00f3w cookies - NEOFOX","og_description":"Przeczytaj polityk\u0119 plik\u00f3w cookie na stronie internetowej Neofox. Zapewniamy poufno\u015b\u0107 i ochron\u0119 Twoich danych podczas korzystania z naszej witryny.","og_url":"https:\/\/neofox.pl\/de\/polityka-plikow-cookies\/","og_site_name":"NEOFOX","article_modified_time":"2025-03-17T11:49:22+00:00","twitter_card":"summary_large_image","twitter_misc":{"Gesch\u00e4tzte Lesezeit":"2 Minuten"},"schema":{"@context":"https:\/\/schema.org","@graph":[{"@type":"WebPage","@id":"https:\/\/neofox.pl\/polityka-plikow-cookies\/","url":"https:\/\/neofox.pl\/polityka-plikow-cookies\/","name":"Polityka plik\u00f3w cookies - NEOFOX","isPartOf":{"@id":"https:\/\/neofox.pl\/#website"},"datePublished":"2023-11-24T23:56:01+00:00","dateModified":"2025-03-17T11:49:22+00:00","description":"Przeczytaj polityk\u0119 plik\u00f3w cookie na stronie internetowej Neofox. Zapewniamy poufno\u015b\u0107 i ochron\u0119 Twoich danych podczas korzystania z naszej witryny.","breadcrumb":{"@id":"https:\/\/neofox.pl\/polityka-plikow-cookies\/#breadcrumb"},"inLanguage":"de-DE","potentialAction":[{"@type":"ReadAction","target":["https:\/\/neofox.pl\/polityka-plikow-cookies\/"]}]},{"@type":"BreadcrumbList","@id":"https:\/\/neofox.pl\/polityka-plikow-cookies\/#breadcrumb","itemListElement":[{"@type":"ListItem","position":1,"name":"\u0413\u043b\u0430\u0432\u043d\u0430\u044f \u0441\u0442\u0440\u0430\u043d\u0438\u0446\u0430","item":"https:\/\/neofox.pl\/"},{"@type":"ListItem","position":2,"name":"Polityka plik\u00f3w cookies"}]},{"@type":"WebSite","@id":"https:\/\/neofox.pl\/#website","url":"https:\/\/neofox.pl\/","name":"NEOFOX","description":"Neony na zam\u00f3wienie","publisher":{"@id":"https:\/\/neofox.pl\/#organization"},"potentialAction":[{"@type":"SearchAction","target":{"@type":"EntryPoint","urlTemplate":"https:\/\/neofox.pl\/?s={search_term_string}"},"query-input":"required name=search_term_string"}],"inLanguage":"de-DE"},{"@type":"Organization","@id":"https:\/\/neofox.pl\/#organization","name":"NEOFOX","url":"https:\/\/neofox.pl\/","logo":{"@type":"ImageObject","inLanguage":"de-DE","@id":"https:\/\/neofox.pl\/#\/schema\/logo\/image\/","url":"https:\/\/neofox.pl\/wp-content\/uploads\/2023\/07\/Neofox-faktura-fv.png","contentUrl":"https:\/\/neofox.pl\/wp-content\/uploads\/2023\/07\/Neofox-faktura-fv.png","width":16209,"height":5224,"caption":"NEOFOX"},"image":{"@id":"https:\/\/neofox.pl\/#\/schema\/logo\/image\/"}}]}},"_links":{"self":[{"href":"https:\/\/neofox.pl\/de\/wp-json\/wp\/v2\/pages\/1620"}],"collection":[{"href":"https:\/\/neofox.pl\/de\/wp-json\/wp\/v2\/pages"}],"about":[{"href":"https:\/\/neofox.pl\/de\/wp-json\/wp\/v2\/types\/page"}],"author":[{"embeddable":true,"href":"https:\/\/neofox.pl\/de\/wp-json\/wp\/v2\/users\/1"}],"replies":[{"embeddable":true,"href":"https:\/\/neofox.pl\/de\/wp-json\/wp\/v2\/comments?post=1620"}],"version-history":[{"count":8,"href":"https:\/\/neofox.pl\/de\/wp-json\/wp\/v2\/pages\/1620\/revisions"}],"predecessor-version":[{"id":13467,"href":"https:\/\/neofox.pl\/de\/wp-json\/wp\/v2\/pages\/1620\/revisions\/13467"}],"wp:attachment":[{"href":"https:\/\/neofox.pl\/de\/wp-json\/wp\/v2\/media?parent=1620"}],"curies":[{"name":"wp","href":"https:\/\/api.w.org\/{rel}","templated":true}]}}