{"id":1616,"date":"2023-11-25T00:54:57","date_gmt":"2023-11-24T23:54:57","guid":{"rendered":"https:\/\/neofox.pl\/?page_id=1616"},"modified":"2025-07-25T16:14:15","modified_gmt":"2025-07-25T14:14:15","slug":"polityka-prywatnosci","status":"publish","type":"page","link":"https:\/\/neofox.pl\/de\/polityka-prywatnosci\/","title":{"rendered":"Datenschutzrichtlinie"},"content":{"rendered":"<div data-elementor-type=\"wp-page\" data-elementor-id=\"1616\" class=\"elementor elementor-1616\">\n\t\t\t\t<div class=\"wd-negative-gap elementor-element elementor-element-095ab47 e-flex e-con-boxed e-con e-parent\" data-id=\"095ab47\" data-element_type=\"container\" data-e-type=\"container\">\n\t\t\t\t\t<div class=\"e-con-inner\">\n\t\t\t\t<div class=\"elementor-element elementor-element-e9cba96 wd-width-100 elementor-widget elementor-widget-wd_title\" data-id=\"e9cba96\" data-element_type=\"widget\" data-e-type=\"widget\" data-widget_type=\"wd_title.default\">\n\t\t\t\t<div class=\"elementor-widget-container\">\n\t\t\t\t\t\t\t<div class=\"title-wrapper set-mb-s reset-last-child wd-title-color-default wd-title-style-default wd-title-size-default text-center\">\n\n\t\t\t\n\t\t\t<div class=\"liner-continer\">\n\t\t\t\t<h1 class=\"woodmart-title-container title wd-fontsize-l\">DSGVO<\/h1> \n\t\t\t\t\t\t\t<\/div>\n\n\t\t\t\t\t\t\t<div class=\"title-after_title set-cont-mb-s reset-last-child wd-fontsize-xs\">\n\t\t\t\t\t<h2><strong><span class=\"mod--fs_24\">VERARBEITUNG PERSONENBEZOGENER DATEN<\/span><\/strong><\/h2>\t\t\t\t<\/div>\n\t\t\t\t\t<\/div>\n\t\t\t\t\t\t<\/div>\n\t\t\t\t<\/div>\n\t\t\t\t<div class=\"elementor-element elementor-element-f212729 color-scheme-inherit text-left elementor-widget elementor-widget-text-editor\" data-id=\"f212729\" data-element_type=\"widget\" data-e-type=\"widget\" data-widget_type=\"text-editor.default\">\n\t\t\t\t<div class=\"elementor-widget-container\">\n\t\t\t\t\t\t\t\t\t<p><span style=\"font-family: &quot;Work Sans&quot;, Arial, Helvetica, sans-serif; font-size: 16px; font-style: normal; font-variant-ligatures: normal; font-variant-caps: normal; font-weight: 500;\">Administratorem danych osobowych jest&nbsp;<\/span><span style=\"font-family: &quot;Work Sans&quot;, Arial, Helvetica, sans-serif; font-size: 16px; font-style: normal; font-variant-ligatures: normal; font-variant-caps: normal; font-weight: 500;\">NEOFOX MAKSYM KHMELNYTSKYI,&nbsp;<\/span><span style=\"font-family: &quot;Work Sans&quot;, Arial, Helvetica, sans-serif; font-size: 16px; font-style: normal; font-variant-ligatures: normal; font-variant-caps: normal; font-weight: 500;\">ul. Garbary 46\/U1, 61-869 Pozna\u0144, NIP 7822839206.<\/span><\/p><p><strong style=\"font-size: 16px;\">Wir sch\u00fctzen und verarbeiten Ihre personenbezogenen Daten:<\/strong><span style=\"font-family: &quot;Work Sans&quot;, Arial, Helvetica, sans-serif; font-size: 16px; font-style: normal; font-variant-ligatures: normal; font-variant-caps: normal; font-weight: 500;\"><br><\/span><\/p>\n<ul>\n<li><span>gem\u00e4\u00df der Verordnung (EU) 2016\/679 des Europ\u00e4ischen Parlaments und des Rates vom 27. April 2016 zum Schutz nat\u00fcrlicher Personen bei der Verarbeitung personenbezogener Daten, zum freien Datenverkehr und zur Aufhebung der Richtlinie 95\/46\/EG (Datenschutz-Grundverordnung), im Folgenden DSGVO genannt<\/span><\/li>\n<li><span>na zasadach opisanych w niniejszym dokumencie zwanym dalej \u201ePolityk\u0105 Prywatno\u015bci\u201d, kt\u00f3ry obowi\u0105zuje od dnia 24.05.2018r. Administrator Jeste\u015bmy odpowiedzialni za to w jakim celu i jak wykorzystujemy Twoje dane osobowe. Podmiotem odpowiedzialnym (zwanym dalej \u201eAdministratorem\u201d) za przetwarzanie danych osobowych jest: NEOFOX MAKSYM KHMELNYTSKYI,&nbsp; z siedzib\u0105 pod adresem ul. Garbary 46\/u1, 61-869 Pozna\u0144, NIP 7822839206.<\/span><\/li>\n<\/ul>\n<p><span><strong>QUELLE DER PERSONENBEZOGENEN DATEN<\/strong><\/span><\/p>\n<p><strong>Wir haben Ihre personenbezogenen Daten erhalten:<\/strong><\/p>\n<ul>\n<li><span>direkt von Ihnen \u2013 \u00fcber freiwillig ausgef\u00fcllte elektronische Formulare, die auf Websites verf\u00fcgbar sind, z. B. bei der Registrierung in unseren Systemen oder Kontaktformularen;<\/span><\/li>\n<li><span>&nbsp;direkt von Ihnen \u2013 m\u00fcndlich oder durch Kommunikationsmittel, z. B. Telefon, E-Mail, Chat;<\/span><\/li>\n<li><span>&nbsp;im Rahmen der Durchf\u00fchrung eines Vertrags (z. B. mit Ihnen, Ihrem Arbeitgeber, Lieferanten, Kunden), insbesondere zur Ausf\u00fchrung einer Bestellung;<\/span><\/li>\n<li><span>im Rahmen der Durchf\u00fchrung vorvertraglicher Ma\u00dfnahmen;<\/span><\/li>\n<\/ul>\n<p><strong><span>ZWECK UND RECHTSGRUNDLAGE DER VERARBEITUNG<\/span><\/strong><\/p>\n<p><strong>Wir k\u00f6nnen Ihre personenbezogenen Daten zu folgenden Zwecken und gem\u00e4\u00df den folgenden Rechtsgrundlagen verarbeiten:<\/strong><\/p>\n<ul>\n<li><span>&nbsp;Aufbau und Pflege einer Handels- oder Gesch\u00e4ftsbeziehung \u2013 dies ist unser berechtigtes Interesse im Zusammenhang mit unseren Gesch\u00e4ftsaktivit\u00e4ten;<\/span><\/li>\n<li><span>Vertragserf\u00fcllung, insbesondere die Erf\u00fcllung einer Bestellung, die \u00fcber elektronische Kommunikationsmittel aufgegeben wurde \u2013 Vertragserf\u00fcllung;<\/span><\/li>\n<li><span>Beschwerdebearbeitung \u2013 Vertragsabwicklung;<\/span><\/li>\n<li><span>Vorbereitung, Speicherung und Pflege der gesetzlich vorgeschriebenen Dokumentation \u2013 unsere gesetzliche Verpflichtung;<\/span><\/li>\n<li><span>F\u00fchrung eines Korrespondenzregisters \u2013 unser berechtigtes Interesse an der Dokumentation der Umst\u00e4nde der Vertragserf\u00fcllung und der Erm\u00f6glichung der Geltendmachung von Anspr\u00fcchen oder der Abwehr von Anspr\u00fcchen<\/span><\/li>\n<li><span>Senden kommerzieller Informationen \u2013 Ihre Zustimmung zur Verarbeitung;<\/span><\/li>\n<\/ul>\n<p><span><strong>IHRE RECHTE<\/strong><\/span><\/p>\n<p><span>Gem\u00e4\u00df der DSGVO haben Sie das Recht auf den Schutz Ihrer personenbezogenen Daten, insbesondere haben Sie das Recht auf:<\/span><\/p>\n<ul>\n<li><span>vom Administrator Zugriff auf Ihre personenbezogenen Daten verlangen;<\/span><\/li>\n<li><span>Berichtigung Ihrer personenbezogenen Daten;<\/span><\/li>\n<li><span>L\u00f6schung Ihrer personenbezogenen Daten;<\/span><\/li>\n<li><span>Einschr\u00e4nkungen bei der Verarbeitung Ihrer personenbezogenen Daten;<\/span><\/li>\n<li><span>der Verarbeitung Ihrer personenbezogenen Daten zu widersprechen;<\/span><\/li>\n<li><span>Ihre personenbezogenen Daten \u00fcbermitteln;<\/span><\/li>\n<li><span>Ihre Einwilligung zur Verarbeitung Ihrer personenbezogenen Daten jederzeit zu widerrufen;<\/span><\/li>\n<\/ul>\n<p>Wir arbeiten auf Grundlage des Art. 6, 13, 14 und 21 DSGVO.<\/p>\t\t\t\t\t\t\t\t<\/div>\n\t\t\t\t<\/div>\n\t\t\t\t\t<\/div>\n\t\t\t\t<\/div>\n\t\t\t\t<\/div>","protected":false},"excerpt":{"rendered":"<p>RODO PRZETWARZANIE DANYCH OSOBOWYCH Administratorem danych osobowych jest&nbsp;NEOFOX MAKSYM KHMELNYTSKYI,&nbsp;ul. Garbary 46\/U1, 61-869 Pozna\u0144, NIP 7822839206. Chronimy i przetwarzamy Twoje<\/p>","protected":false},"author":1,"featured_media":0,"parent":0,"menu_order":0,"comment_status":"closed","ping_status":"closed","template":"","meta":{"footnotes":""},"class_list":["post-1616","page","type-page","status-publish","hentry"],"yoast_head":"<!-- This site is optimized with the Yoast SEO plugin v23.0 - https:\/\/yoast.com\/wordpress\/plugins\/seo\/ -->\n<title>Polityka prywatno\u015bci - NEOFOX<\/title>\n<meta name=\"description\" content=\"Przeczytaj polityk\u0119 prywatno\u015bci Neofox. Dbamy o ochron\u0119 Twoich danych osobowych i zapewnienie ich bezpiecze\u0144stwa podczas korzystania z naszej witryny.\" \/>\n<meta name=\"robots\" content=\"index, follow, max-snippet:-1, max-image-preview:large, max-video-preview:-1\" \/>\n<link rel=\"canonical\" href=\"https:\/\/neofox.pl\/de\/polityka-prywatnosci\/\" \/>\n<meta property=\"og:locale\" content=\"de_DE\" \/>\n<meta property=\"og:type\" content=\"article\" \/>\n<meta property=\"og:title\" content=\"Polityka prywatno\u015bci - NEOFOX\" \/>\n<meta property=\"og:description\" content=\"Przeczytaj polityk\u0119 prywatno\u015bci Neofox. Dbamy o ochron\u0119 Twoich danych osobowych i zapewnienie ich bezpiecze\u0144stwa podczas korzystania z naszej witryny.\" \/>\n<meta property=\"og:url\" content=\"https:\/\/neofox.pl\/de\/polityka-prywatnosci\/\" \/>\n<meta property=\"og:site_name\" content=\"NEOFOX\" \/>\n<meta property=\"article:modified_time\" content=\"2025-07-25T14:14:15+00:00\" \/>\n<meta name=\"twitter:card\" content=\"summary_large_image\" \/>\n<meta name=\"twitter:label1\" content=\"Gesch\u00e4tzte Lesezeit\" \/>\n\t<meta name=\"twitter:data1\" content=\"3 Minuten\" \/>\n<script type=\"application\/ld+json\" class=\"yoast-schema-graph\">{\"@context\":\"https:\/\/schema.org\",\"@graph\":[{\"@type\":\"WebPage\",\"@id\":\"https:\/\/neofox.pl\/polityka-prywatnosci\/\",\"url\":\"https:\/\/neofox.pl\/polityka-prywatnosci\/\",\"name\":\"Polityka prywatno\u015bci - NEOFOX\",\"isPartOf\":{\"@id\":\"https:\/\/neofox.pl\/#website\"},\"datePublished\":\"2023-11-24T23:54:57+00:00\",\"dateModified\":\"2025-07-25T14:14:15+00:00\",\"description\":\"Przeczytaj polityk\u0119 prywatno\u015bci Neofox. Dbamy o ochron\u0119 Twoich danych osobowych i zapewnienie ich bezpiecze\u0144stwa podczas korzystania z naszej witryny.\",\"breadcrumb\":{\"@id\":\"https:\/\/neofox.pl\/polityka-prywatnosci\/#breadcrumb\"},\"inLanguage\":\"de-DE\",\"potentialAction\":[{\"@type\":\"ReadAction\",\"target\":[\"https:\/\/neofox.pl\/polityka-prywatnosci\/\"]}]},{\"@type\":\"BreadcrumbList\",\"@id\":\"https:\/\/neofox.pl\/polityka-prywatnosci\/#breadcrumb\",\"itemListElement\":[{\"@type\":\"ListItem\",\"position\":1,\"name\":\"\u0413\u043b\u0430\u0432\u043d\u0430\u044f \u0441\u0442\u0440\u0430\u043d\u0438\u0446\u0430\",\"item\":\"https:\/\/neofox.pl\/\"},{\"@type\":\"ListItem\",\"position\":2,\"name\":\"Polityka prywatno\u015bci\"}]},{\"@type\":\"WebSite\",\"@id\":\"https:\/\/neofox.pl\/#website\",\"url\":\"https:\/\/neofox.pl\/\",\"name\":\"NEOFOX\",\"description\":\"Neony na zam\u00f3wienie\",\"publisher\":{\"@id\":\"https:\/\/neofox.pl\/#organization\"},\"potentialAction\":[{\"@type\":\"SearchAction\",\"target\":{\"@type\":\"EntryPoint\",\"urlTemplate\":\"https:\/\/neofox.pl\/?s={search_term_string}\"},\"query-input\":\"required name=search_term_string\"}],\"inLanguage\":\"de-DE\"},{\"@type\":\"Organization\",\"@id\":\"https:\/\/neofox.pl\/#organization\",\"name\":\"NEOFOX\",\"url\":\"https:\/\/neofox.pl\/\",\"logo\":{\"@type\":\"ImageObject\",\"inLanguage\":\"de-DE\",\"@id\":\"https:\/\/neofox.pl\/#\/schema\/logo\/image\/\",\"url\":\"https:\/\/neofox.pl\/wp-content\/uploads\/2023\/07\/Neofox-faktura-fv.png\",\"contentUrl\":\"https:\/\/neofox.pl\/wp-content\/uploads\/2023\/07\/Neofox-faktura-fv.png\",\"width\":16209,\"height\":5224,\"caption\":\"NEOFOX\"},\"image\":{\"@id\":\"https:\/\/neofox.pl\/#\/schema\/logo\/image\/\"}}]}<\/script>\n<!-- \/ Yoast SEO plugin. -->","yoast_head_json":{"title":"Polityka prywatno\u015bci - NEOFOX","description":"Przeczytaj polityk\u0119 prywatno\u015bci Neofox. Dbamy o ochron\u0119 Twoich danych osobowych i zapewnienie ich bezpiecze\u0144stwa podczas korzystania z naszej witryny.","robots":{"index":"index","follow":"follow","max-snippet":"max-snippet:-1","max-image-preview":"max-image-preview:large","max-video-preview":"max-video-preview:-1"},"canonical":"https:\/\/neofox.pl\/de\/polityka-prywatnosci\/","og_locale":"de_DE","og_type":"article","og_title":"Polityka prywatno\u015bci - NEOFOX","og_description":"Przeczytaj polityk\u0119 prywatno\u015bci Neofox. Dbamy o ochron\u0119 Twoich danych osobowych i zapewnienie ich bezpiecze\u0144stwa podczas korzystania z naszej witryny.","og_url":"https:\/\/neofox.pl\/de\/polityka-prywatnosci\/","og_site_name":"NEOFOX","article_modified_time":"2025-07-25T14:14:15+00:00","twitter_card":"summary_large_image","twitter_misc":{"Gesch\u00e4tzte Lesezeit":"3 Minuten"},"schema":{"@context":"https:\/\/schema.org","@graph":[{"@type":"WebPage","@id":"https:\/\/neofox.pl\/polityka-prywatnosci\/","url":"https:\/\/neofox.pl\/polityka-prywatnosci\/","name":"Polityka prywatno\u015bci - NEOFOX","isPartOf":{"@id":"https:\/\/neofox.pl\/#website"},"datePublished":"2023-11-24T23:54:57+00:00","dateModified":"2025-07-25T14:14:15+00:00","description":"Przeczytaj polityk\u0119 prywatno\u015bci Neofox. Dbamy o ochron\u0119 Twoich danych osobowych i zapewnienie ich bezpiecze\u0144stwa podczas korzystania z naszej witryny.","breadcrumb":{"@id":"https:\/\/neofox.pl\/polityka-prywatnosci\/#breadcrumb"},"inLanguage":"de-DE","potentialAction":[{"@type":"ReadAction","target":["https:\/\/neofox.pl\/polityka-prywatnosci\/"]}]},{"@type":"BreadcrumbList","@id":"https:\/\/neofox.pl\/polityka-prywatnosci\/#breadcrumb","itemListElement":[{"@type":"ListItem","position":1,"name":"\u0413\u043b\u0430\u0432\u043d\u0430\u044f \u0441\u0442\u0440\u0430\u043d\u0438\u0446\u0430","item":"https:\/\/neofox.pl\/"},{"@type":"ListItem","position":2,"name":"Polityka prywatno\u015bci"}]},{"@type":"WebSite","@id":"https:\/\/neofox.pl\/#website","url":"https:\/\/neofox.pl\/","name":"NEOFOX","description":"Neony na zam\u00f3wienie","publisher":{"@id":"https:\/\/neofox.pl\/#organization"},"potentialAction":[{"@type":"SearchAction","target":{"@type":"EntryPoint","urlTemplate":"https:\/\/neofox.pl\/?s={search_term_string}"},"query-input":"required name=search_term_string"}],"inLanguage":"de-DE"},{"@type":"Organization","@id":"https:\/\/neofox.pl\/#organization","name":"NEOFOX","url":"https:\/\/neofox.pl\/","logo":{"@type":"ImageObject","inLanguage":"de-DE","@id":"https:\/\/neofox.pl\/#\/schema\/logo\/image\/","url":"https:\/\/neofox.pl\/wp-content\/uploads\/2023\/07\/Neofox-faktura-fv.png","contentUrl":"https:\/\/neofox.pl\/wp-content\/uploads\/2023\/07\/Neofox-faktura-fv.png","width":16209,"height":5224,"caption":"NEOFOX"},"image":{"@id":"https:\/\/neofox.pl\/#\/schema\/logo\/image\/"}}]}},"_links":{"self":[{"href":"https:\/\/neofox.pl\/de\/wp-json\/wp\/v2\/pages\/1616"}],"collection":[{"href":"https:\/\/neofox.pl\/de\/wp-json\/wp\/v2\/pages"}],"about":[{"href":"https:\/\/neofox.pl\/de\/wp-json\/wp\/v2\/types\/page"}],"author":[{"embeddable":true,"href":"https:\/\/neofox.pl\/de\/wp-json\/wp\/v2\/users\/1"}],"replies":[{"embeddable":true,"href":"https:\/\/neofox.pl\/de\/wp-json\/wp\/v2\/comments?post=1616"}],"version-history":[{"count":14,"href":"https:\/\/neofox.pl\/de\/wp-json\/wp\/v2\/pages\/1616\/revisions"}],"predecessor-version":[{"id":13560,"href":"https:\/\/neofox.pl\/de\/wp-json\/wp\/v2\/pages\/1616\/revisions\/13560"}],"wp:attachment":[{"href":"https:\/\/neofox.pl\/de\/wp-json\/wp\/v2\/media?parent=1616"}],"curies":[{"name":"wp","href":"https:\/\/api.w.org\/{rel}","templated":true}]}}