{"id":12491,"date":"2024-05-29T21:17:08","date_gmt":"2024-05-29T19:17:08","guid":{"rendered":"https:\/\/neofox.pl\/?page_id=12491"},"modified":"2025-08-08T14:54:07","modified_gmt":"2025-08-08T12:54:07","slug":"litery-przestrzenne-3d-z-led","status":"publish","type":"page","link":"https:\/\/neofox.pl\/de\/litery-przestrzenne-3d-z-led\/","title":{"rendered":"3D LED Raumbuchstaben"},"content":{"rendered":"<div data-elementor-type=\"wp-page\" data-elementor-id=\"12491\" class=\"elementor elementor-12491\">\n\t\t\t\t\t\t<section class=\"wd-negative-gap elementor-section elementor-top-section elementor-element elementor-element-66499ab elementor-section-boxed elementor-section-height-default elementor-section-height-default\" data-id=\"66499ab\" data-element_type=\"section\" data-e-type=\"section\">\n\t\t\t\t\t\t<div class=\"elementor-container elementor-column-gap-default\">\n\t\t\t\t\t<div class=\"elementor-column elementor-col-66 elementor-top-column elementor-element elementor-element-1441692\" data-id=\"1441692\" data-element_type=\"column\" data-e-type=\"column\">\n\t\t\t<div class=\"elementor-widget-wrap elementor-element-populated\">\n\t\t\t\t\t\t<div class=\"elementor-element elementor-element-087d02a wd-width-100 elementor-widget elementor-widget-wd_title\" data-id=\"087d02a\" data-element_type=\"widget\" data-e-type=\"widget\" data-widget_type=\"wd_title.default\">\n\t\t\t\t<div class=\"elementor-widget-container\">\n\t\t\t\t\t\t\t<div class=\"title-wrapper set-mb-s reset-last-child wd-title-color-default wd-title-style-default wd-title-size-extra-large text-left\">\n\n\t\t\t\n\t\t\t<div class=\"liner-continer\">\n\t\t\t\t<h1 class=\"woodmart-title-container title wd-fontsize-xxxl\">3D LED Raumbuchstaben<\/h1> \n\t\t\t\t\t\t\t<\/div>\n\n\t\t\t\t\t<\/div>\n\t\t\t\t\t\t<\/div>\n\t\t\t\t<\/div>\n\t\t\t\t<div class=\"elementor-element elementor-element-8c3e836 elementor-widget elementor-widget-wd_text_block\" data-id=\"8c3e836\" data-element_type=\"widget\" data-e-type=\"widget\" data-widget_type=\"wd_text_block.default\">\n\t\t\t\t<div class=\"elementor-widget-container\">\n\t\t\t\t\t\t\t<div class=\"wd-text-block reset-last-child text-left\">\n\t\t\t\n\t\t\tWir bieten beleuchtete 3D-Buchstaben mit LED an, die eine moderne und effektive L\u00f6sung f\u00fcr die Innendekoration und Au\u00dfenbeschilderung darstellen. Unsere Buchstaben k\u00f6nnen aus verschiedenen Kunststoffen hergestellt werden, darunter auch aus Materialien, die im 3D-Druckverfahren hergestellt werden, was eine au\u00dfergew\u00f6hnliche Pr\u00e4zision und Formenvielfalt erm\u00f6glicht.\n\t\t\t\t\t<\/div>\n\t\t\t\t\t\t<\/div>\n\t\t\t\t<\/div>\n\t\t\t\t\t<\/div>\n\t\t<\/div>\n\t\t\t\t<div class=\"elementor-column elementor-col-33 elementor-top-column elementor-element elementor-element-34e92c2\" data-id=\"34e92c2\" data-element_type=\"column\" data-e-type=\"column\">\n\t\t\t<div class=\"elementor-widget-wrap elementor-element-populated\">\n\t\t\t\t\t\t<div class=\"elementor-element elementor-element-fbf5f67 elementor-widget elementor-widget-wd_text_block\" data-id=\"fbf5f67\" data-element_type=\"widget\" data-e-type=\"widget\" data-widget_type=\"wd_text_block.default\">\n\t\t\t\t<div class=\"elementor-widget-container\">\n\t\t\t\t\t\t\t<div class=\"wd-text-block reset-last-child text-left color-title\">\n\t\t\t\n\t\t\t<h5>\u00a0<\/h5><h5 style=\"text-align: left;\"><strong><span style=\"color: #000000;\">Nehmen Sie Kontakt auf, um mehr zu erfahren!<\/span><\/strong><\/h5><p style=\"text-align: left;\"><strong>neofox.pl@gmail.com<\/strong><br \/><strong>+48 730 627 143<\/strong><\/p>\n\t\t\t\t\t<\/div>\n\t\t\t\t\t\t<\/div>\n\t\t\t\t<\/div>\n\t\t\t\t<div class=\"elementor-element elementor-element-0b8dfd4 elementor-widget elementor-widget-wd_button\" data-id=\"0b8dfd4\" data-element_type=\"widget\" data-e-type=\"widget\" data-widget_type=\"wd_button.default\">\n\t\t\t\t<div class=\"elementor-widget-container\">\n\t\t\t\t\t\t\t<div class=\"wd-button-wrapper text-left\" >\n\t\t\t<a class=\"btn btn-style-default btn-style-round btn-size-default btn-color-primary btn-icon-pos-right\"  href=\"https:\/\/neofox.pl\/de\/kontakt\/\">\n\t\t\t\t<span class=\"wd-btn-text\" data-elementor-setting-key=\"text\">\n\t\t\t\t\tKONTAKTIEREN SIE UNS!\t\t\t\t<\/span>\n\n\t\t\t\t\t\t\t<\/a>\n\t\t<\/div>\n\t\t\t\t\t\t<\/div>\n\t\t\t\t<\/div>\n\t\t\t\t\t<\/div>\n\t\t<\/div>\n\t\t\t\t\t<\/div>\n\t\t<\/section>\n\t\t\t\t<section class=\"wd-negative-gap elementor-section elementor-top-section elementor-element elementor-element-aa1baa9 wd-section-stretch-content elementor-section-boxed elementor-section-height-default elementor-section-height-default\" data-id=\"aa1baa9\" data-element_type=\"section\" data-e-type=\"section\">\n\t\t\t\t\t\t<div class=\"elementor-container elementor-column-gap-default\">\n\t\t\t\t\t<div class=\"elementor-column elementor-col-100 elementor-top-column elementor-element elementor-element-19323b2\" data-id=\"19323b2\" data-element_type=\"column\" data-e-type=\"column\">\n\t\t\t<div class=\"elementor-widget-wrap elementor-element-populated\">\n\t\t\t\t\t\t<div class=\"elementor-element elementor-element-5bd685d wd-width-100 elementor-widget elementor-widget-wd_images_gallery\" data-id=\"5bd685d\" data-element_type=\"widget\" data-e-type=\"widget\" data-widget_type=\"wd_images_gallery.default\">\n\t\t\t\t<div class=\"elementor-widget-container\">\n\t\t\t\t\t\t\t<div class=\"wd-images-gallery photoswipe-images wd-carousel-container\" style=\"--wd-align-items:center; --wd-justify-content:center;\">\n\t\t\t\t\t\t\t<div class=\"wd-carousel-inner\">\n\t\t\t\t\t\t<div class=\"wd-carousel wd-grid\" style=\"--wd-col-lg:3;--wd-col-md:3;--wd-col-sm:1;--wd-gap-lg:20px;--wd-gap-sm:10px;\">\n\t\t\t\t\t\t\t\t\t<div class=\"wd-carousel-wrap\">\n\t\t\t\t\t\t\t\t\t\t\t\t\t\t\t\t\t\t<div class=\"wd-gallery-item wd-carousel-item\">\n\t\t\t\t\t\t\t\t\t\t\t\t\t<a  href=\"https:\/\/neofox.pl\/wp-content\/uploads\/2024\/06\/BFCE045B-3797-4161-B79B-AC6D7F65991F.jpg\"data-width=\"960\" data-height=\"1280\" data-index=\"1\" data-elementor-open-lightbox=\"no\">\n\t\t\t\t\t\t\n\t\t\t\t\t\t<img decoding=\"async\" src=\"https:\/\/neofox.pl\/wp-content\/uploads\/2024\/06\/BFCE045B-3797-4161-B79B-AC6D7F65991F-500x500.jpg\"alt=\"BFCE045B-3797-4161-B79B-AC6D7F65991F\">\n\t\t\t\t\t\t\t\t\t\t\t\t\t<\/a>\n\t\t\t\t\t\t\t\t\t\t\t<\/div>\n\t\t\t\t\t\t\t\t\t\t\t\t\t\t\t<div class=\"wd-gallery-item wd-carousel-item\">\n\t\t\t\t\t\t\t\t\t\t\t\t\t<a  href=\"https:\/\/neofox.pl\/wp-content\/uploads\/2024\/05\/323B11F1-D1A7-4F51-A854-AB3EB1EE59ED.jpg\"data-width=\"960\" data-height=\"1280\" data-index=\"2\" data-elementor-open-lightbox=\"no\">\n\t\t\t\t\t\t\n\t\t\t\t\t\t<img decoding=\"async\" src=\"https:\/\/neofox.pl\/wp-content\/uploads\/2024\/05\/323B11F1-D1A7-4F51-A854-AB3EB1EE59ED-500x500.jpg\"alt=\"323B11F1-D1A7-4F51-A854-AB3EB1EE59ED\">\n\t\t\t\t\t\t\t\t\t\t\t\t\t<\/a>\n\t\t\t\t\t\t\t\t\t\t\t<\/div>\n\t\t\t\t\t\t\t\t\t\t\t\t\t\t\t<div class=\"wd-gallery-item wd-carousel-item\">\n\t\t\t\t\t\t\t\t\t\t\t\t\t<a  href=\"https:\/\/neofox.pl\/wp-content\/uploads\/2024\/05\/16836CEC-37D7-4917-91D9-4996607CB555-1.jpg\"data-width=\"960\" data-height=\"1280\" data-index=\"3\" data-elementor-open-lightbox=\"no\">\n\t\t\t\t\t\t\n\t\t\t\t\t\t<img decoding=\"async\" src=\"https:\/\/neofox.pl\/wp-content\/uploads\/2024\/05\/16836CEC-37D7-4917-91D9-4996607CB555-1-500x500.jpg\"alt=\"16836CEC-37D7-4917-91D9-4996607CB555\">\n\t\t\t\t\t\t\t\t\t\t\t\t\t<\/a>\n\t\t\t\t\t\t\t\t\t\t\t<\/div>\n\t\t\t\t\t\t\t\t\t\t\t\t\t\t\t\t<\/div>\n\t\t\t\t\t\t\t\t<\/div>\n\t\t\t\t\t\t\t\n\t\t\t\t<\/div>\n\n\t\t\t\t\t\t<div class=\"wd-nav-pagin-wrap text-center wd-style-shape wd-hide-lg wd-hide-md-sm\">\n\t\t\t<ul class=\"wd-nav-pagin\"><\/ul>\n\t\t<\/div>\n\t\t\t\t\t\t\t\t\t\t\t<\/div>\n\t\t\t\t\t\t<\/div>\n\t\t\t\t<\/div>\n\t\t\t\t\t<\/div>\n\t\t<\/div>\n\t\t\t\t\t<\/div>\n\t\t<\/section>\n\t\t\t\t<section class=\"wd-negative-gap elementor-section elementor-top-section elementor-element elementor-element-4093130 elementor-section-full_width elementor-section-height-default elementor-section-height-default\" data-id=\"4093130\" data-element_type=\"section\" data-e-type=\"section\">\n\t\t\t\t\t\t<div class=\"elementor-container elementor-column-gap-default\">\n\t\t\t\t\t<div class=\"elementor-column elementor-col-100 elementor-top-column elementor-element elementor-element-fa6ef0d\" data-id=\"fa6ef0d\" data-element_type=\"column\" data-e-type=\"column\">\n\t\t\t<div class=\"elementor-widget-wrap elementor-element-populated\">\n\t\t\t\t\t\t<div class=\"elementor-element elementor-element-2876372 wd-width-100 elementor-widget elementor-widget-wd_title\" data-id=\"2876372\" data-element_type=\"widget\" data-e-type=\"widget\" data-widget_type=\"wd_title.default\">\n\t\t\t\t<div class=\"elementor-widget-container\">\n\t\t\t\t\t\t\t<div class=\"title-wrapper set-mb-s reset-last-child wd-title-color-default wd-title-style-default wd-title-size-extra-large text-left\">\n\n\t\t\t\n\t\t\t<div class=\"liner-continer\">\n\t\t\t\t<h2 class=\"woodmart-title-container title wd-fontsize-xxxl\">Materialien und Technologie<\/h2> \n\t\t\t\t\t\t\t<\/div>\n\n\t\t\t\t\t<\/div>\n\t\t\t\t\t\t<\/div>\n\t\t\t\t<\/div>\n\t\t\t\t<div class=\"elementor-element elementor-element-cd471e3 elementor-widget elementor-widget-wd_text_block\" data-id=\"cd471e3\" data-element_type=\"widget\" data-e-type=\"widget\" data-widget_type=\"wd_text_block.default\">\n\t\t\t\t<div class=\"elementor-widget-container\">\n\t\t\t\t\t\t\t<div class=\"wd-text-block reset-last-child text-left\">\n\t\t\t\n\t\t\t<p>LED-beleuchtete 3D-Buchstaben k\u00f6nnen aus verschiedenen Kunststoffen hergestellt werden, wie zum Beispiel:<\/p>\n<ul>\n \t<li><p>PVC<\/p><\/li>\n \t<li ><p>Plexi<\/p><\/li>\n \t<li><p>Dibond<\/p><\/li>\n \t<li><p>Materialien, die mit 3D-Drucktechnologie hergestellt werden<\/p><\/li>\n<\/ul>\n<p>Dank der Verwendung moderner Technologien sind wir in der Lage, Buchstaben in jeder Form und Gr\u00f6\u00dfe zu erstellen, was eine vollst\u00e4ndige Personalisierung des Projekts erm\u00f6glicht.<\/p>\n\t\t\t\t\t<\/div>\n\t\t\t\t\t\t<\/div>\n\t\t\t\t<\/div>\n\t\t\t\t<div class=\"elementor-element elementor-element-e3faa97 wd-width-100 elementor-widget elementor-widget-wd_title\" data-id=\"e3faa97\" data-element_type=\"widget\" data-e-type=\"widget\" data-widget_type=\"wd_title.default\">\n\t\t\t\t<div class=\"elementor-widget-container\">\n\t\t\t\t\t\t\t<div class=\"title-wrapper set-mb-s reset-last-child wd-title-color-default wd-title-style-default wd-title-size-extra-large text-left\">\n\n\t\t\t\n\t\t\t<div class=\"liner-continer\">\n\t\t\t\t<h3 class=\"woodmart-title-container title wd-fontsize-xxxl\">Vorteile von LED-Leuchtbuchstaben<\/h3> \n\t\t\t\t\t\t\t<\/div>\n\n\t\t\t\t\t<\/div>\n\t\t\t\t\t\t<\/div>\n\t\t\t\t<\/div>\n\t\t\t\t<div class=\"elementor-element elementor-element-967306c elementor-widget elementor-widget-wd_text_block\" data-id=\"967306c\" data-element_type=\"widget\" data-e-type=\"widget\" data-widget_type=\"wd_text_block.default\">\n\t\t\t\t<div class=\"elementor-widget-container\">\n\t\t\t\t\t\t\t<div class=\"wd-text-block reset-last-child text-left\">\n\t\t\t\n\t\t\t<ul>\n \t<li><p>Auff\u00e4llige Optik: Beleuchtete LED-Buchstaben ziehen die Aufmerksamkeit auf sich und verleihen jedem Raum oder jeder Geb\u00e4udefassade Eleganz.<p><\/li>\n \t<li><p>Energiesparend: Durch den Einsatz von LED-Dioden sind unsere Buchstaben energieeffizient und haben eine lange Lebensdauer.<\/p><\/li>\n \t<li><p>Haltbarkeit: Sie bestehen aus hochwertigem Kunststoff und sind widerstandsf\u00e4hig gegen Besch\u00e4digungen und Witterungseinfl\u00fcsse.<\/p><\/li>\n \t<li><p>Personalisierung: Wir k\u00f6nnen Farbe, Gr\u00f6\u00dfe, Form und Schriftart der Buchstaben an Ihre individuellen Bed\u00fcrfnisse und Vorlieben anpassen.<\/p><\/li>\n<\/ul>\n\t\t\t\t\t<\/div>\n\t\t\t\t\t\t<\/div>\n\t\t\t\t<\/div>\n\t\t\t\t<div class=\"elementor-element elementor-element-c43cc54 wd-width-100 elementor-widget elementor-widget-wd_title\" data-id=\"c43cc54\" data-element_type=\"widget\" data-e-type=\"widget\" data-widget_type=\"wd_title.default\">\n\t\t\t\t<div class=\"elementor-widget-container\">\n\t\t\t\t\t\t\t<div class=\"title-wrapper set-mb-s reset-last-child wd-title-color-default wd-title-style-default wd-title-size-extra-large text-left\">\n\n\t\t\t\n\t\t\t<div class=\"liner-continer\">\n\t\t\t\t<h3 class=\"woodmart-title-container title wd-fontsize-xxxl\">Hintergrundbeleuchtungstechnologie<\/h3> \n\t\t\t\t\t\t\t<\/div>\n\n\t\t\t\t\t<\/div>\n\t\t\t\t\t\t<\/div>\n\t\t\t\t<\/div>\n\t\t\t\t<div class=\"elementor-element elementor-element-c330044 elementor-widget elementor-widget-wd_text_block\" data-id=\"c330044\" data-element_type=\"widget\" data-e-type=\"widget\" data-widget_type=\"wd_text_block.default\">\n\t\t\t\t<div class=\"elementor-widget-container\">\n\t\t\t\t\t\t\t<div class=\"wd-text-block reset-last-child text-left\">\n\t\t\t\n\t\t\tDas Innere der Buchstaben ist mit energiesparenden LEDs ausgestattet, die f\u00fcr eine gleichm\u00e4\u00dfige und intensive Beleuchtung sorgen. Durch den Einsatz spezieller Materialien und Produktionstechnologien sind unsere Buchstaben langlebig und zuverl\u00e4ssig und das LED-Licht ist vor Feuchtigkeit und Staub gesch\u00fctzt.\n\t\t\t\t\t<\/div>\n\t\t\t\t\t\t<\/div>\n\t\t\t\t<\/div>\n\t\t\t\t<div class=\"elementor-element elementor-element-7719b51 wd-width-100 elementor-widget elementor-widget-wd_title\" data-id=\"7719b51\" data-element_type=\"widget\" data-e-type=\"widget\" data-widget_type=\"wd_title.default\">\n\t\t\t\t<div class=\"elementor-widget-container\">\n\t\t\t\t\t\t\t<div class=\"title-wrapper set-mb-s reset-last-child wd-title-color-default wd-title-style-default wd-title-size-extra-large text-left\">\n\n\t\t\t\n\t\t\t<div class=\"liner-continer\">\n\t\t\t\t<h3 class=\"woodmart-title-container title wd-fontsize-xxxl\">Professionelle Installation<\/h3> \n\t\t\t\t\t\t\t<\/div>\n\n\t\t\t\t\t<\/div>\n\t\t\t\t\t\t<\/div>\n\t\t\t\t<\/div>\n\t\t\t\t<div class=\"elementor-element elementor-element-1e2db9e elementor-widget elementor-widget-wd_text_block\" data-id=\"1e2db9e\" data-element_type=\"widget\" data-e-type=\"widget\" data-widget_type=\"wd_text_block.default\">\n\t\t\t\t<div class=\"elementor-widget-container\">\n\t\t\t\t\t\t\t<div class=\"wd-text-block reset-last-child text-left\">\n\t\t\t\n\t\t\tWir bieten umfassende Montagedienstleistungen in ganz Polen an. Unser erfahrenes Team installiert die Buchstaben an Ihrem Wunschort und achtet dabei auf jedes Detail. <\/br><\/br>\nKontaktieren Sie uns, um mehr zu erfahren!\n\n\t\t\t\t\t<\/div>\n\t\t\t\t\t\t<\/div>\n\t\t\t\t<\/div>\n\t\t\t\t\t<\/div>\n\t\t<\/div>\n\t\t\t\t\t<\/div>\n\t\t<\/section>\n\t\t\t\t<section class=\"elementor-section elementor-top-section elementor-element elementor-element-fa1d133 wd-section-stretch-content elementor-section-boxed elementor-section-height-default elementor-section-height-default\" data-id=\"fa1d133\" data-element_type=\"section\" data-e-type=\"section\">\n\t\t\t\t\t\t<div class=\"elementor-container elementor-column-gap-default\">\n\t\t\t\t\t<div class=\"elementor-column elementor-col-100 elementor-top-column elementor-element elementor-element-37835de\" data-id=\"37835de\" data-element_type=\"column\" data-e-type=\"column\">\n\t\t\t<div class=\"elementor-widget-wrap elementor-element-populated\">\n\t\t\t\t\t\t<div class=\"elementor-element elementor-element-a50773d wd-width-100 elementor-widget elementor-widget-wd_video\" data-id=\"a50773d\" data-element_type=\"widget\" data-e-type=\"widget\" data-widget_type=\"wd_video.default\">\n\t\t\t\t<div class=\"elementor-widget-container\">\n\t\t\t\t\t\n\t\t<div class=\"wd-el-video wd-action-without wd-video-hosted\">\n\t\t\t\t\t\t\t<video src=\"https:\/\/neofox.pl\/wp-content\/uploads\/2024\/05\/vidos.mp4\" playsinline controls preload=\"metadata\"><\/video>\t\t\t\n\t\t\t\n\t\t\t\n\t\t\t\t\t<\/div>\n\t\t\t\t\t\t<\/div>\n\t\t\t\t<\/div>\n\t\t\t\t\t<\/div>\n\t\t<\/div>\n\t\t\t\t\t<\/div>\n\t\t<\/section>\n\t\t<div class=\"wd-negative-gap elementor-element elementor-element-814050d e-flex e-con-boxed e-con e-parent\" data-id=\"814050d\" data-element_type=\"container\" data-e-type=\"container\">\n\t\t\t\t\t<div class=\"e-con-inner\">\n\t\t<div class=\"wd-negative-gap elementor-element elementor-element-7cea84c e-flex e-con-boxed e-con e-child\" data-id=\"7cea84c\" data-element_type=\"container\" data-e-type=\"container\">\n\t\t\t\t\t<div class=\"e-con-inner\">\n\t\t\t\t<div class=\"elementor-element elementor-element-7142952 elementor-widget elementor-widget-wd_text_block\" data-id=\"7142952\" data-element_type=\"widget\" data-e-type=\"widget\" data-widget_type=\"wd_text_block.default\">\n\t\t\t\t<div class=\"elementor-widget-container\">\n\t\t\t\t\t\t\t<div class=\"wd-text-block reset-last-child text-center\">\n\t\t\t\n\t\t\t<p><strong>Kontaktieren Sie uns, um mehr zu erfahren!<\/strong><span style=\"font-size: 20px; text-align: var(--text-align); background-color: var(--wd-main-bgcolor); color: var(--wd-text-color);\"><\/span><\/p>\n\t\t\t\t\t<\/div>\n\t\t\t\t\t\t<\/div>\n\t\t\t\t<\/div>\n\t\t\t\t<div class=\"elementor-element elementor-element-4e37b48 elementor-widget elementor-widget-wd_button\" data-id=\"4e37b48\" data-element_type=\"widget\" data-e-type=\"widget\" data-widget_type=\"wd_button.default\">\n\t\t\t\t<div class=\"elementor-widget-container\">\n\t\t\t\t\t\t\t<div class=\"wd-button-wrapper text-center\" >\n\t\t\t<a class=\"btn btn-style-default btn-style-round btn-size-default btn-color-primary btn-icon-pos-right\"  href=\"https:\/\/neofox.pl\/de\/kontakt\/\">\n\t\t\t\t<span class=\"wd-btn-text\" data-elementor-setting-key=\"text\">\n\t\t\t\t\tKONTAKTIEREN SIE UNS!\t\t\t\t<\/span>\n\n\t\t\t\t\t\t\t<\/a>\n\t\t<\/div>\n\t\t\t\t\t\t<\/div>\n\t\t\t\t<\/div>\n\t\t\t\t\t<\/div>\n\t\t\t\t<\/div>\n\t\t\t\t\t<\/div>\n\t\t\t\t<\/div>\n\t\t\t\t<\/div>","protected":false},"excerpt":{"rendered":"<p>Litery Przestrzenne 3D z LED Oferujemy pod\u015bwietlane litery przestrzenne z LED, kt\u00f3re stanowi\u0105 nowoczesne i efektowne rozwi\u0105zanie do dekoracji wn\u0119trz<\/p>","protected":false},"author":1,"featured_media":0,"parent":0,"menu_order":0,"comment_status":"closed","ping_status":"closed","template":"","meta":{"footnotes":""},"class_list":["post-12491","page","type-page","status-publish","hentry"],"yoast_head":"<!-- This site is optimized with the Yoast SEO plugin v23.0 - https:\/\/yoast.com\/wordpress\/plugins\/seo\/ -->\n<title>Litery Przestrzenne 3D z LED - NEOFOX<\/title>\n<meta name=\"description\" content=\"Litery przestrzenne 3D z pod\u015bwietleniem LED marki Neofox to jasne i widoczne rozwi\u0105zanie dla Twojej reklamy. Gwarantujemy jako\u015b\u0107, trwa\u0142o\u015b\u0107 i stylowy wygl\u0105d.\" \/>\n<meta name=\"robots\" content=\"index, follow, max-snippet:-1, max-image-preview:large, max-video-preview:-1\" \/>\n<link rel=\"canonical\" href=\"https:\/\/neofox.pl\/de\/litery-przestrzenne-3d-z-led\/\" \/>\n<meta property=\"og:locale\" content=\"de_DE\" \/>\n<meta property=\"og:type\" content=\"article\" \/>\n<meta property=\"og:title\" content=\"Litery Przestrzenne 3D z LED - NEOFOX\" \/>\n<meta property=\"og:description\" content=\"Litery przestrzenne 3D z pod\u015bwietleniem LED marki Neofox to jasne i widoczne rozwi\u0105zanie dla Twojej reklamy. Gwarantujemy jako\u015b\u0107, trwa\u0142o\u015b\u0107 i stylowy wygl\u0105d.\" \/>\n<meta property=\"og:url\" content=\"https:\/\/neofox.pl\/de\/litery-przestrzenne-3d-z-led\/\" \/>\n<meta property=\"og:site_name\" content=\"NEOFOX\" \/>\n<meta property=\"article:modified_time\" content=\"2025-08-08T12:54:07+00:00\" \/>\n<meta property=\"og:image\" content=\"https:\/\/neofox.pl\/wp-content\/uploads\/2024\/06\/BFCE045B-3797-4161-B79B-AC6D7F65991F-500x500.jpg\" \/>\n<meta name=\"twitter:card\" content=\"summary_large_image\" \/>\n<meta name=\"twitter:label1\" content=\"Gesch\u00e4tzte Lesezeit\" \/>\n\t<meta name=\"twitter:data1\" content=\"3 Minuten\" \/>\n<script type=\"application\/ld+json\" class=\"yoast-schema-graph\">{\"@context\":\"https:\/\/schema.org\",\"@graph\":[{\"@type\":\"WebPage\",\"@id\":\"https:\/\/neofox.pl\/litery-przestrzenne-3d-z-led\/\",\"url\":\"https:\/\/neofox.pl\/litery-przestrzenne-3d-z-led\/\",\"name\":\"Litery Przestrzenne 3D z LED - NEOFOX\",\"isPartOf\":{\"@id\":\"https:\/\/neofox.pl\/#website\"},\"primaryImageOfPage\":{\"@id\":\"https:\/\/neofox.pl\/litery-przestrzenne-3d-z-led\/#primaryimage\"},\"image\":{\"@id\":\"https:\/\/neofox.pl\/litery-przestrzenne-3d-z-led\/#primaryimage\"},\"thumbnailUrl\":\"https:\/\/neofox.pl\/wp-content\/uploads\/2024\/06\/BFCE045B-3797-4161-B79B-AC6D7F65991F-500x500.jpg\",\"datePublished\":\"2024-05-29T19:17:08+00:00\",\"dateModified\":\"2025-08-08T12:54:07+00:00\",\"description\":\"Litery przestrzenne 3D z pod\u015bwietleniem LED marki Neofox to jasne i widoczne rozwi\u0105zanie dla Twojej reklamy. Gwarantujemy jako\u015b\u0107, trwa\u0142o\u015b\u0107 i stylowy wygl\u0105d.\",\"breadcrumb\":{\"@id\":\"https:\/\/neofox.pl\/litery-przestrzenne-3d-z-led\/#breadcrumb\"},\"inLanguage\":\"de-DE\",\"potentialAction\":[{\"@type\":\"ReadAction\",\"target\":[\"https:\/\/neofox.pl\/litery-przestrzenne-3d-z-led\/\"]}]},{\"@type\":\"ImageObject\",\"inLanguage\":\"de-DE\",\"@id\":\"https:\/\/neofox.pl\/litery-przestrzenne-3d-z-led\/#primaryimage\",\"url\":\"https:\/\/neofox.pl\/wp-content\/uploads\/2024\/06\/BFCE045B-3797-4161-B79B-AC6D7F65991F-500x500.jpg\",\"contentUrl\":\"https:\/\/neofox.pl\/wp-content\/uploads\/2024\/06\/BFCE045B-3797-4161-B79B-AC6D7F65991F-500x500.jpg\"},{\"@type\":\"BreadcrumbList\",\"@id\":\"https:\/\/neofox.pl\/litery-przestrzenne-3d-z-led\/#breadcrumb\",\"itemListElement\":[{\"@type\":\"ListItem\",\"position\":1,\"name\":\"\u0413\u043b\u0430\u0432\u043d\u0430\u044f \u0441\u0442\u0440\u0430\u043d\u0438\u0446\u0430\",\"item\":\"https:\/\/neofox.pl\/\"},{\"@type\":\"ListItem\",\"position\":2,\"name\":\"Litery Przestrzenne 3D z LED\"}]},{\"@type\":\"WebSite\",\"@id\":\"https:\/\/neofox.pl\/#website\",\"url\":\"https:\/\/neofox.pl\/\",\"name\":\"NEOFOX\",\"description\":\"Neony na zam\u00f3wienie\",\"publisher\":{\"@id\":\"https:\/\/neofox.pl\/#organization\"},\"potentialAction\":[{\"@type\":\"SearchAction\",\"target\":{\"@type\":\"EntryPoint\",\"urlTemplate\":\"https:\/\/neofox.pl\/?s={search_term_string}\"},\"query-input\":\"required name=search_term_string\"}],\"inLanguage\":\"de-DE\"},{\"@type\":\"Organization\",\"@id\":\"https:\/\/neofox.pl\/#organization\",\"name\":\"NEOFOX\",\"url\":\"https:\/\/neofox.pl\/\",\"logo\":{\"@type\":\"ImageObject\",\"inLanguage\":\"de-DE\",\"@id\":\"https:\/\/neofox.pl\/#\/schema\/logo\/image\/\",\"url\":\"https:\/\/neofox.pl\/wp-content\/uploads\/2023\/07\/Neofox-faktura-fv.png\",\"contentUrl\":\"https:\/\/neofox.pl\/wp-content\/uploads\/2023\/07\/Neofox-faktura-fv.png\",\"width\":16209,\"height\":5224,\"caption\":\"NEOFOX\"},\"image\":{\"@id\":\"https:\/\/neofox.pl\/#\/schema\/logo\/image\/\"}}]}<\/script>\n<!-- \/ Yoast SEO plugin. -->","yoast_head_json":{"title":"Litery Przestrzenne 3D z LED - NEOFOX","description":"Litery przestrzenne 3D z pod\u015bwietleniem LED marki Neofox to jasne i widoczne rozwi\u0105zanie dla Twojej reklamy. Gwarantujemy jako\u015b\u0107, trwa\u0142o\u015b\u0107 i stylowy wygl\u0105d.","robots":{"index":"index","follow":"follow","max-snippet":"max-snippet:-1","max-image-preview":"max-image-preview:large","max-video-preview":"max-video-preview:-1"},"canonical":"https:\/\/neofox.pl\/de\/litery-przestrzenne-3d-z-led\/","og_locale":"de_DE","og_type":"article","og_title":"Litery Przestrzenne 3D z LED - NEOFOX","og_description":"Litery przestrzenne 3D z pod\u015bwietleniem LED marki Neofox to jasne i widoczne rozwi\u0105zanie dla Twojej reklamy. Gwarantujemy jako\u015b\u0107, trwa\u0142o\u015b\u0107 i stylowy wygl\u0105d.","og_url":"https:\/\/neofox.pl\/de\/litery-przestrzenne-3d-z-led\/","og_site_name":"NEOFOX","article_modified_time":"2025-08-08T12:54:07+00:00","og_image":[{"url":"https:\/\/neofox.pl\/wp-content\/uploads\/2024\/06\/BFCE045B-3797-4161-B79B-AC6D7F65991F-500x500.jpg"}],"twitter_card":"summary_large_image","twitter_misc":{"Gesch\u00e4tzte Lesezeit":"3 Minuten"},"schema":{"@context":"https:\/\/schema.org","@graph":[{"@type":"WebPage","@id":"https:\/\/neofox.pl\/litery-przestrzenne-3d-z-led\/","url":"https:\/\/neofox.pl\/litery-przestrzenne-3d-z-led\/","name":"Litery Przestrzenne 3D z LED - NEOFOX","isPartOf":{"@id":"https:\/\/neofox.pl\/#website"},"primaryImageOfPage":{"@id":"https:\/\/neofox.pl\/litery-przestrzenne-3d-z-led\/#primaryimage"},"image":{"@id":"https:\/\/neofox.pl\/litery-przestrzenne-3d-z-led\/#primaryimage"},"thumbnailUrl":"https:\/\/neofox.pl\/wp-content\/uploads\/2024\/06\/BFCE045B-3797-4161-B79B-AC6D7F65991F-500x500.jpg","datePublished":"2024-05-29T19:17:08+00:00","dateModified":"2025-08-08T12:54:07+00:00","description":"Litery przestrzenne 3D z pod\u015bwietleniem LED marki Neofox to jasne i widoczne rozwi\u0105zanie dla Twojej reklamy. Gwarantujemy jako\u015b\u0107, trwa\u0142o\u015b\u0107 i stylowy wygl\u0105d.","breadcrumb":{"@id":"https:\/\/neofox.pl\/litery-przestrzenne-3d-z-led\/#breadcrumb"},"inLanguage":"de-DE","potentialAction":[{"@type":"ReadAction","target":["https:\/\/neofox.pl\/litery-przestrzenne-3d-z-led\/"]}]},{"@type":"ImageObject","inLanguage":"de-DE","@id":"https:\/\/neofox.pl\/litery-przestrzenne-3d-z-led\/#primaryimage","url":"https:\/\/neofox.pl\/wp-content\/uploads\/2024\/06\/BFCE045B-3797-4161-B79B-AC6D7F65991F-500x500.jpg","contentUrl":"https:\/\/neofox.pl\/wp-content\/uploads\/2024\/06\/BFCE045B-3797-4161-B79B-AC6D7F65991F-500x500.jpg"},{"@type":"BreadcrumbList","@id":"https:\/\/neofox.pl\/litery-przestrzenne-3d-z-led\/#breadcrumb","itemListElement":[{"@type":"ListItem","position":1,"name":"\u0413\u043b\u0430\u0432\u043d\u0430\u044f \u0441\u0442\u0440\u0430\u043d\u0438\u0446\u0430","item":"https:\/\/neofox.pl\/"},{"@type":"ListItem","position":2,"name":"Litery Przestrzenne 3D z LED"}]},{"@type":"WebSite","@id":"https:\/\/neofox.pl\/#website","url":"https:\/\/neofox.pl\/","name":"NEOFOX","description":"Neony na zam\u00f3wienie","publisher":{"@id":"https:\/\/neofox.pl\/#organization"},"potentialAction":[{"@type":"SearchAction","target":{"@type":"EntryPoint","urlTemplate":"https:\/\/neofox.pl\/?s={search_term_string}"},"query-input":"required name=search_term_string"}],"inLanguage":"de-DE"},{"@type":"Organization","@id":"https:\/\/neofox.pl\/#organization","name":"NEOFOX","url":"https:\/\/neofox.pl\/","logo":{"@type":"ImageObject","inLanguage":"de-DE","@id":"https:\/\/neofox.pl\/#\/schema\/logo\/image\/","url":"https:\/\/neofox.pl\/wp-content\/uploads\/2023\/07\/Neofox-faktura-fv.png","contentUrl":"https:\/\/neofox.pl\/wp-content\/uploads\/2023\/07\/Neofox-faktura-fv.png","width":16209,"height":5224,"caption":"NEOFOX"},"image":{"@id":"https:\/\/neofox.pl\/#\/schema\/logo\/image\/"}}]}},"_links":{"self":[{"href":"https:\/\/neofox.pl\/de\/wp-json\/wp\/v2\/pages\/12491"}],"collection":[{"href":"https:\/\/neofox.pl\/de\/wp-json\/wp\/v2\/pages"}],"about":[{"href":"https:\/\/neofox.pl\/de\/wp-json\/wp\/v2\/types\/page"}],"author":[{"embeddable":true,"href":"https:\/\/neofox.pl\/de\/wp-json\/wp\/v2\/users\/1"}],"replies":[{"embeddable":true,"href":"https:\/\/neofox.pl\/de\/wp-json\/wp\/v2\/comments?post=12491"}],"version-history":[{"count":15,"href":"https:\/\/neofox.pl\/de\/wp-json\/wp\/v2\/pages\/12491\/revisions"}],"predecessor-version":[{"id":13463,"href":"https:\/\/neofox.pl\/de\/wp-json\/wp\/v2\/pages\/12491\/revisions\/13463"}],"wp:attachment":[{"href":"https:\/\/neofox.pl\/de\/wp-json\/wp\/v2\/media?parent=12491"}],"curies":[{"name":"wp","href":"https:\/\/api.w.org\/{rel}","templated":true}]}}